{"id":356,"date":"2025-01-16T16:03:19","date_gmt":"2025-01-16T16:03:19","guid":{"rendered":"https:\/\/keyboostconsulting.com\/?page_id=356"},"modified":"2025-09-26T11:24:30","modified_gmt":"2025-09-26T11:24:30","slug":"tornese-franquia","status":"publish","type":"page","link":"https:\/\/keyboostconsulting.com\/es\/tornese-franquia\/","title":{"rendered":"Engenharia e constru\u00e7\u00e3o"},"content":{"rendered":"<h3 class=\"wp-block-heading has-text-align-center has-noto-sans-font-family has-custom-font\" style=\"font-family:Noto Sans\"><strong><strong><strong>Engenharia e constru\u00e7\u00e3o<\/strong><\/strong><\/strong><\/h3>\n\n\n\n<figure class=\"wp-block-image size-full\"><img loading=\"lazy\" decoding=\"async\" width=\"800\" height=\"600\" src=\"https:\/\/keyboostconsulting.com\/wp-content\/uploads\/2025\/01\/5.-Hazlo-Franquicia-limpia.jpg\" alt=\"\" class=\"wp-image-213\" srcset=\"https:\/\/keyboostconsulting.com\/wp-content\/uploads\/2025\/01\/5.-Hazlo-Franquicia-limpia.jpg 800w, https:\/\/keyboostconsulting.com\/wp-content\/uploads\/2025\/01\/5.-Hazlo-Franquicia-limpia-300x225.jpg 300w, https:\/\/keyboostconsulting.com\/wp-content\/uploads\/2025\/01\/5.-Hazlo-Franquicia-limpia-768x576.jpg 768w, https:\/\/keyboostconsulting.com\/wp-content\/uploads\/2025\/01\/5.-Hazlo-Franquicia-limpia-600x450.jpg 600w\" sizes=\"auto, (max-width: 800px) 100vw, 800px\" \/><\/figure>\n\n\n\n<p class=\"has-noto-sans-font-family has-custom-font\" style=\"font-family:Noto Sans\">Na KEYBOOST sabemos que um dos maiores desafios na abertura de um neg\u00f3cio em Portugal \u00e9 a adequa\u00e7\u00e3o do espa\u00e7o aos requisitos legais, t\u00e9cnicos e operacionais. Para isso, trabalhamos com engenharias e construtoras de confian\u00e7a, com ampla experi\u00eancia no setor da restaura\u00e7\u00e3o e da franquia.<\/p>\n\n\n\n<p class=\"has-noto-sans-font-family has-custom-font\" style=\"font-family:Noto Sans\">Os nossos servi\u00e7os incluem:<\/p>\n\n\n\n<ul style=\"font-family:Noto Sans\" class=\"wp-block-list has-noto-sans-font-family has-custom-font\">\n<li>Reda\u00e7\u00e3o e apresenta\u00e7\u00e3o do projeto t\u00e9cnico necess\u00e1rio para a obten\u00e7\u00e3o de licen\u00e7as.<\/li>\n\n\n\n<li>Coordena\u00e7\u00e3o direta com a C\u00e2mara Municipal correspondente.<\/li>\n\n\n\n<li>Garantir a adequa\u00e7\u00e3o do espa\u00e7o aos requisitos legais e t\u00e9cnicos do setor.<\/li>\n\n\n\n<li>Coordena\u00e7\u00e3o com a empresa construtora durante todo o processo.<\/li>\n\n\n\n<li>Sele\u00e7\u00e3o de construtoras com experi\u00eancia em projetos semelhantes, or\u00e7amentos competitivos e fiabilidade nos prazos e na execu\u00e7\u00e3o.<\/li>\n<\/ul>\n\n\n\n<p class=\"has-noto-sans-font-family has-custom-font\" style=\"font-family:Noto Sans\">Desta forma, oferecemos uma gest\u00e3o integral que abrange desde a fase de projeto at\u00e9 \u00e0 entrega final da obra, garantindo que o seu estabelecimento em Portugal cumpra todos os requisitos e esteja pronto para abrir ao p\u00fablico dentro dos prazos previstos.<\/p>\n\n\n\n<p class=\"has-noto-sans-font-family has-custom-font\" style=\"font-family:Noto Sans\"><\/p>\n\n\n\n<p><\/p>","protected":false},"excerpt":{"rendered":"<p>Engenharia e constru\u00e7\u00e3o Na KEYBOOST sabemos que um dos maiores desafios na abertura de um neg\u00f3cio em Portugal \u00e9 a adequa\u00e7\u00e3o do espa\u00e7o aos requisitos legais, t\u00e9cnicos e operacionais. Para isso, trabalhamos com engenharias e construtoras de confian\u00e7a, com ampla experi\u00eancia no setor da restaura\u00e7\u00e3o e da franquia. Os nossos servi\u00e7os incluem: Desta forma, oferecemos [&hellip;]<\/p>\n","protected":false},"author":1,"featured_media":0,"parent":0,"menu_order":0,"comment_status":"closed","ping_status":"closed","template":"","meta":{"_coblocks_attr":"Noto Sans,Noto Sans","_coblocks_dimensions":"","_coblocks_responsive_height":"","_coblocks_accordion_ie_support":"","hide_page_title":"","footnotes":""},"class_list":["post-356","page","type-page","status-publish","hentry"],"yoast_head":"<!-- This site is optimized with the Yoast SEO plugin v27.4 - https:\/\/yoast.com\/product\/yoast-seo-wordpress\/ -->\n<title>Engenharia e constru\u00e7\u00e3o - KEYBOOST CONSULTING<\/title>\n<meta name=\"description\" content=\"Transforme o seu neg\u00f3cio numa franquia de sucesso. Acompanh\u00e1mo-lo em todo o processo: desde a estrutura legal at\u00e9 ao modelo operativo.\" \/>\n<meta name=\"robots\" content=\"index, follow, max-snippet:-1, max-image-preview:large, max-video-preview:-1\" \/>\n<link rel=\"canonical\" href=\"https:\/\/keyboostconsulting.com\/es\/tornese-franquia\/\" \/>\n<meta property=\"og:locale\" content=\"es_ES\" \/>\n<meta property=\"og:type\" content=\"article\" \/>\n<meta property=\"og:title\" content=\"Engenharia e constru\u00e7\u00e3o - KEYBOOST CONSULTING\" \/>\n<meta property=\"og:description\" content=\"Transforme o seu neg\u00f3cio numa franquia de sucesso. Acompanh\u00e1mo-lo em todo o processo: desde a estrutura legal at\u00e9 ao modelo operativo.\" \/>\n<meta property=\"og:url\" content=\"https:\/\/keyboostconsulting.com\/es\/tornese-franquia\/\" \/>\n<meta property=\"og:site_name\" content=\"KEYBOOST CONSULTING\" \/>\n<meta property=\"article:modified_time\" content=\"2025-09-26T11:24:30+00:00\" \/>\n<meta property=\"og:image\" content=\"https:\/\/keyboostconsulting.com\/wp-content\/uploads\/2025\/01\/5.-Hazlo-Franquicia-limpia.jpg\" \/>\n<meta name=\"twitter:card\" content=\"summary_large_image\" \/>\n<meta name=\"twitter:label1\" content=\"Tiempo de lectura\" \/>\n\t<meta name=\"twitter:data1\" content=\"2 minutos\" \/>\n<script type=\"application\/ld+json\" class=\"yoast-schema-graph\">{\"@context\":\"https:\\\/\\\/schema.org\",\"@graph\":[{\"@type\":\"WebPage\",\"@id\":\"https:\\\/\\\/keyboostconsulting.com\\\/pt\\\/tornese-franquia\\\/\",\"url\":\"https:\\\/\\\/keyboostconsulting.com\\\/pt\\\/tornese-franquia\\\/\",\"name\":\"Engenharia e constru\u00e7\u00e3o - KEYBOOST CONSULTING\",\"isPartOf\":{\"@id\":\"https:\\\/\\\/keyboostconsulting.com\\\/es\\\/#website\"},\"primaryImageOfPage\":{\"@id\":\"https:\\\/\\\/keyboostconsulting.com\\\/pt\\\/tornese-franquia\\\/#primaryimage\"},\"image\":{\"@id\":\"https:\\\/\\\/keyboostconsulting.com\\\/pt\\\/tornese-franquia\\\/#primaryimage\"},\"thumbnailUrl\":\"https:\\\/\\\/keyboostconsulting.com\\\/wp-content\\\/uploads\\\/2025\\\/01\\\/5.-Hazlo-Franquicia-limpia.jpg\",\"datePublished\":\"2025-01-16T16:03:19+00:00\",\"dateModified\":\"2025-09-26T11:24:30+00:00\",\"description\":\"Transforme o seu neg\u00f3cio numa franquia de sucesso. Acompanh\u00e1mo-lo em todo o processo: desde a estrutura legal at\u00e9 ao modelo operativo.\",\"breadcrumb\":{\"@id\":\"https:\\\/\\\/keyboostconsulting.com\\\/pt\\\/tornese-franquia\\\/#breadcrumb\"},\"inLanguage\":\"es\",\"potentialAction\":[{\"@type\":\"ReadAction\",\"target\":[\"https:\\\/\\\/keyboostconsulting.com\\\/pt\\\/tornese-franquia\\\/\"]}]},{\"@type\":\"ImageObject\",\"inLanguage\":\"es\",\"@id\":\"https:\\\/\\\/keyboostconsulting.com\\\/pt\\\/tornese-franquia\\\/#primaryimage\",\"url\":\"https:\\\/\\\/keyboostconsulting.com\\\/wp-content\\\/uploads\\\/2025\\\/01\\\/5.-Hazlo-Franquicia-limpia.jpg\",\"contentUrl\":\"https:\\\/\\\/keyboostconsulting.com\\\/wp-content\\\/uploads\\\/2025\\\/01\\\/5.-Hazlo-Franquicia-limpia.jpg\"},{\"@type\":\"BreadcrumbList\",\"@id\":\"https:\\\/\\\/keyboostconsulting.com\\\/pt\\\/tornese-franquia\\\/#breadcrumb\",\"itemListElement\":[{\"@type\":\"ListItem\",\"position\":1,\"name\":\"Home\",\"item\":\"https:\\\/\\\/keyboostconsulting.com\\\/es\\\/\"},{\"@type\":\"ListItem\",\"position\":2,\"name\":\"Engenharia e constru\u00e7\u00e3o\"}]},{\"@type\":\"WebSite\",\"@id\":\"https:\\\/\\\/keyboostconsulting.com\\\/es\\\/#website\",\"url\":\"https:\\\/\\\/keyboostconsulting.com\\\/es\\\/\",\"name\":\"KEYBOOST CONSULTING\",\"description\":\"SOLU\u00c7\u00d5ES POR MEDIDA PARA A SUA EMPRESA\",\"potentialAction\":[{\"@type\":\"SearchAction\",\"target\":{\"@type\":\"EntryPoint\",\"urlTemplate\":\"https:\\\/\\\/keyboostconsulting.com\\\/es\\\/?s={search_term_string}\"},\"query-input\":{\"@type\":\"PropertyValueSpecification\",\"valueRequired\":true,\"valueName\":\"search_term_string\"}}],\"inLanguage\":\"es\"}]}<\/script>\n<!-- \/ Yoast SEO plugin. -->","yoast_head_json":{"title":"Engenharia e constru\u00e7\u00e3o - KEYBOOST CONSULTING","description":"Transforme o seu neg\u00f3cio numa franquia de sucesso. Acompanh\u00e1mo-lo em todo o processo: desde a estrutura legal at\u00e9 ao modelo operativo.","robots":{"index":"index","follow":"follow","max-snippet":"max-snippet:-1","max-image-preview":"max-image-preview:large","max-video-preview":"max-video-preview:-1"},"canonical":"https:\/\/keyboostconsulting.com\/es\/tornese-franquia\/","og_locale":"es_ES","og_type":"article","og_title":"Engenharia e constru\u00e7\u00e3o - KEYBOOST CONSULTING","og_description":"Transforme o seu neg\u00f3cio numa franquia de sucesso. Acompanh\u00e1mo-lo em todo o processo: desde a estrutura legal at\u00e9 ao modelo operativo.","og_url":"https:\/\/keyboostconsulting.com\/es\/tornese-franquia\/","og_site_name":"KEYBOOST CONSULTING","article_modified_time":"2025-09-26T11:24:30+00:00","og_image":[{"url":"https:\/\/keyboostconsulting.com\/wp-content\/uploads\/2025\/01\/5.-Hazlo-Franquicia-limpia.jpg","type":"","width":"","height":""}],"twitter_card":"summary_large_image","twitter_misc":{"Tiempo de lectura":"2 minutos"},"schema":{"@context":"https:\/\/schema.org","@graph":[{"@type":"WebPage","@id":"https:\/\/keyboostconsulting.com\/pt\/tornese-franquia\/","url":"https:\/\/keyboostconsulting.com\/pt\/tornese-franquia\/","name":"Engenharia e constru\u00e7\u00e3o - KEYBOOST CONSULTING","isPartOf":{"@id":"https:\/\/keyboostconsulting.com\/es\/#website"},"primaryImageOfPage":{"@id":"https:\/\/keyboostconsulting.com\/pt\/tornese-franquia\/#primaryimage"},"image":{"@id":"https:\/\/keyboostconsulting.com\/pt\/tornese-franquia\/#primaryimage"},"thumbnailUrl":"https:\/\/keyboostconsulting.com\/wp-content\/uploads\/2025\/01\/5.-Hazlo-Franquicia-limpia.jpg","datePublished":"2025-01-16T16:03:19+00:00","dateModified":"2025-09-26T11:24:30+00:00","description":"Transforme o seu neg\u00f3cio numa franquia de sucesso. Acompanh\u00e1mo-lo em todo o processo: desde a estrutura legal at\u00e9 ao modelo operativo.","breadcrumb":{"@id":"https:\/\/keyboostconsulting.com\/pt\/tornese-franquia\/#breadcrumb"},"inLanguage":"es","potentialAction":[{"@type":"ReadAction","target":["https:\/\/keyboostconsulting.com\/pt\/tornese-franquia\/"]}]},{"@type":"ImageObject","inLanguage":"es","@id":"https:\/\/keyboostconsulting.com\/pt\/tornese-franquia\/#primaryimage","url":"https:\/\/keyboostconsulting.com\/wp-content\/uploads\/2025\/01\/5.-Hazlo-Franquicia-limpia.jpg","contentUrl":"https:\/\/keyboostconsulting.com\/wp-content\/uploads\/2025\/01\/5.-Hazlo-Franquicia-limpia.jpg"},{"@type":"BreadcrumbList","@id":"https:\/\/keyboostconsulting.com\/pt\/tornese-franquia\/#breadcrumb","itemListElement":[{"@type":"ListItem","position":1,"name":"Home","item":"https:\/\/keyboostconsulting.com\/es\/"},{"@type":"ListItem","position":2,"name":"Engenharia e constru\u00e7\u00e3o"}]},{"@type":"WebSite","@id":"https:\/\/keyboostconsulting.com\/es\/#website","url":"https:\/\/keyboostconsulting.com\/es\/","name":"KEYBOOST CONSULTING","description":"SOLU\u00c7\u00d5ES POR MEDIDA PARA A SUA EMPRESA","potentialAction":[{"@type":"SearchAction","target":{"@type":"EntryPoint","urlTemplate":"https:\/\/keyboostconsulting.com\/es\/?s={search_term_string}"},"query-input":{"@type":"PropertyValueSpecification","valueRequired":true,"valueName":"search_term_string"}}],"inLanguage":"es"}]}},"_links":{"self":[{"href":"https:\/\/keyboostconsulting.com\/es\/wp-json\/wp\/v2\/pages\/356","targetHints":{"allow":["GET"]}}],"collection":[{"href":"https:\/\/keyboostconsulting.com\/es\/wp-json\/wp\/v2\/pages"}],"about":[{"href":"https:\/\/keyboostconsulting.com\/es\/wp-json\/wp\/v2\/types\/page"}],"author":[{"embeddable":true,"href":"https:\/\/keyboostconsulting.com\/es\/wp-json\/wp\/v2\/users\/1"}],"replies":[{"embeddable":true,"href":"https:\/\/keyboostconsulting.com\/es\/wp-json\/wp\/v2\/comments?post=356"}],"version-history":[{"count":5,"href":"https:\/\/keyboostconsulting.com\/es\/wp-json\/wp\/v2\/pages\/356\/revisions"}],"predecessor-version":[{"id":506,"href":"https:\/\/keyboostconsulting.com\/es\/wp-json\/wp\/v2\/pages\/356\/revisions\/506"}],"wp:attachment":[{"href":"https:\/\/keyboostconsulting.com\/es\/wp-json\/wp\/v2\/media?parent=356"}],"curies":[{"name":"wp","href":"https:\/\/api.w.org\/{rel}","templated":true}]}}