{"id":37,"date":"2024-12-21T16:48:50","date_gmt":"2024-12-21T16:48:50","guid":{"rendered":"https:\/\/keyboostconsulting.com\/faq-page\/"},"modified":"2025-01-17T13:27:53","modified_gmt":"2025-01-17T13:27:53","slug":"faq-page","status":"publish","type":"page","link":"https:\/\/keyboostconsulting.com\/es\/faq-page\/","title":{"rendered":"Preguntas frecuentes"},"content":{"rendered":"<div class=\"wp-block-group alignwide has-quaternary-color has-secondary-background-color has-text-color has-background coblocks-animate mb-0 mt-0\" data-coblocks-animation=\"slideInLeft\"><div class=\"wp-block-group__inner-container is-layout-constrained wp-block-group-is-layout-constrained\">\n<div class=\"wp-block-coblocks-faq\" itemscope itemtype=\"https:\/\/schema.org\/FAQPage\">\n<details class=\"wp-block-coblocks-faq-item has-quaternary-color has-text-color\" itemprop=\"mainEntity\" itemscope itemtype=\"https:\/\/schema.org\/Question\"><summary class=\"wp-block-coblocks-faq-item__question\" itemprop=\"name\"><div class=\"wp-block-coblocks-faq-item__question__content\"><strong>\u00bfC\u00f3mo pueden ayudarme a reducir costos sin comprometer la calidad de mi negocio?<\/strong><\/div><svg fill=\"none\" viewbox=\"0 0 24 24\" xmlns=\"http:\/\/www.w3.org\/2000\/svg\" width=\"24\" height=\"24\" class=\"wp-block-coblocks-faq-item__question__icon\" aria-hidden=\"true\"><path fill=\"currentColor\" fill-rule=\"evenodd\" clip-rule=\"evenodd\" d=\"M19.39 14.99l-1.41 1.41L12 10.43 6.02 16.4l-1.41-1.41L12 7.6l7.39 7.39z\"><\/path><\/svg><\/summary><div class=\"wp-block-coblocks-faq-item__answer\" itemprop=\"acceptedAnswer\" itemscope itemtype=\"https:\/\/schema.org\/Answer\"><div itemprop=\"text\">\n<p class=\"has-noto-sans-font-family has-custom-font has-custom-lineheight\" style=\"font-family:Noto Sans;line-height:1.6\">Analizamos tus procesos y operaciones actuales para identificar \u00e1reas de mejora, implementando soluciones que optimicen recursos, eliminen ineficiencias y mantengan la calidad de tus productos o servicios.<\/p>\n<\/div><\/div><\/details>\n\n\n\n<details class=\"wp-block-coblocks-faq-item has-quaternary-color has-text-color\" itemprop=\"mainEntity\" itemscope itemtype=\"https:\/\/schema.org\/Question\"><summary class=\"wp-block-coblocks-faq-item__question\" itemprop=\"name\"><div class=\"wp-block-coblocks-faq-item__question__content\"><strong>\u00bfQu\u00e9 beneficios puedo esperar de una optimizaci\u00f3n financiera y operativa en mi negocio?<\/strong><\/div><svg fill=\"none\" viewbox=\"0 0 24 24\" xmlns=\"http:\/\/www.w3.org\/2000\/svg\" width=\"24\" height=\"24\" class=\"wp-block-coblocks-faq-item__question__icon\" aria-hidden=\"true\"><path fill=\"currentColor\" fill-rule=\"evenodd\" clip-rule=\"evenodd\" d=\"M19.39 14.99l-1.41 1.41L12 10.43 6.02 16.4l-1.41-1.41L12 7.6l7.39 7.39z\"><\/path><\/svg><\/summary><div class=\"wp-block-coblocks-faq-item__answer\" itemprop=\"acceptedAnswer\" itemscope itemtype=\"https:\/\/schema.org\/Answer\"><div itemprop=\"text\">\n<p class=\"has-noto-sans-font-family has-custom-font has-custom-lineheight\" style=\"font-family:Noto Sans;line-height:1.6\">Mejorar\u00e1s la rentabilidad, aumentar\u00e1s la eficiencia de tus procesos, aprovechar\u00e1s mejor tus recursos y tendr\u00e1s una base financiera m\u00e1s s\u00f3lida para crecer y tomar decisiones estrat\u00e9gicas.<\/p>\n<\/div><\/div><\/details>\n\n\n\n<details class=\"wp-block-coblocks-faq-item has-quaternary-color has-text-color\" itemprop=\"mainEntity\" itemscope itemtype=\"https:\/\/schema.org\/Question\"><summary class=\"wp-block-coblocks-faq-item__question\" itemprop=\"name\"><div class=\"wp-block-coblocks-faq-item__question__content\"><strong>\u00bfC\u00f3mo puedo saber si mi negocio est\u00e1 listo para expandirse a nuevos mercados?<\/strong><\/div><svg fill=\"none\" viewbox=\"0 0 24 24\" xmlns=\"http:\/\/www.w3.org\/2000\/svg\" width=\"24\" height=\"24\" class=\"wp-block-coblocks-faq-item__question__icon\" aria-hidden=\"true\"><path fill=\"currentColor\" fill-rule=\"evenodd\" clip-rule=\"evenodd\" d=\"M19.39 14.99l-1.41 1.41L12 10.43 6.02 16.4l-1.41-1.41L12 7.6l7.39 7.39z\"><\/path><\/svg><\/summary><div class=\"wp-block-coblocks-faq-item__answer\" itemprop=\"acceptedAnswer\" itemscope itemtype=\"https:\/\/schema.org\/Answer\"><div itemprop=\"text\">\n<p class=\"has-noto-sans-font-family has-custom-font has-custom-lineheight\" style=\"font-family:Noto Sans;line-height:1.6\">Evaluamos tu modelo de negocio, an\u00e1lisis de mercado y capacidad operativa para determinar si est\u00e1s preparado para una expansi\u00f3n exitosa. Te guiamos para asegurar que el crecimiento sea sostenible y bien fundamentado.<\/p>\n<\/div><\/div><\/details>\n\n\n\n<details class=\"wp-block-coblocks-faq-item\" itemprop=\"mainEntity\" itemscope itemtype=\"https:\/\/schema.org\/Question\"><summary class=\"wp-block-coblocks-faq-item__question\" itemprop=\"name\"><div class=\"wp-block-coblocks-faq-item__question__content\"><strong>\u00bfQu\u00e9 tipo de apoyo ofrecen en el proceso de expansi\u00f3n f\u00edsica?<\/strong><\/div><svg fill=\"none\" viewbox=\"0 0 24 24\" xmlns=\"http:\/\/www.w3.org\/2000\/svg\" width=\"24\" height=\"24\" class=\"wp-block-coblocks-faq-item__question__icon\" aria-hidden=\"true\"><path fill=\"currentColor\" fill-rule=\"evenodd\" clip-rule=\"evenodd\" d=\"M19.39 14.99l-1.41 1.41L12 10.43 6.02 16.4l-1.41-1.41L12 7.6l7.39 7.39z\"><\/path><\/svg><\/summary><div class=\"wp-block-coblocks-faq-item__answer\" itemprop=\"acceptedAnswer\" itemscope itemtype=\"https:\/\/schema.org\/Answer\"><div itemprop=\"text\">\n<p class=\"has-noto-sans-font-family has-custom-font has-custom-lineheight\" style=\"font-family:Noto Sans;line-height:1.6\">\u00a0Te ayudamos a identificar mercados clave, desarrollar planes de expansi\u00f3n, gestionar los aspectos operativos y legales, y garantizar que tu empresa se establezca correctamente en nuevas ubicaciones, tanto a nivel nacional como internacional.<\/p>\n<\/div><\/div><\/details>\n\n\n\n<details class=\"wp-block-coblocks-faq-item\" itemprop=\"mainEntity\" itemscope itemtype=\"https:\/\/schema.org\/Question\"><summary class=\"wp-block-coblocks-faq-item__question\" itemprop=\"name\"><div class=\"wp-block-coblocks-faq-item__question__content\"><strong>\u00bfC\u00f3mo saber si mi negocio necesita una estrategia de posicionamiento digital?<\/strong><\/div><svg fill=\"none\" viewbox=\"0 0 24 24\" xmlns=\"http:\/\/www.w3.org\/2000\/svg\" width=\"24\" height=\"24\" class=\"wp-block-coblocks-faq-item__question__icon\" aria-hidden=\"true\"><path fill=\"currentColor\" fill-rule=\"evenodd\" clip-rule=\"evenodd\" d=\"M19.39 14.99l-1.41 1.41L12 10.43 6.02 16.4l-1.41-1.41L12 7.6l7.39 7.39z\"><\/path><\/svg><\/summary><div class=\"wp-block-coblocks-faq-item__answer\" itemprop=\"acceptedAnswer\" itemscope itemtype=\"https:\/\/schema.org\/Answer\"><div itemprop=\"text\">\n<p class=\"has-noto-sans-font-family has-custom-font has-custom-lineheight\" style=\"font-family:Noto Sans;line-height:1.6\">\u00a0Si tu empresa no est\u00e1 alcanzando a su p\u00fablico objetivo online o no est\u00e1 destacando frente a la competencia, una estrategia de posicionamiento digital puede ser clave. Te ayudamos a analizar tu presencia en l\u00ednea y definir las mejores t\u00e1cticas para mejorar tu visibilidad y atracci\u00f3n de clientes.<\/p>\n<\/div><\/div><\/details>\n\n\n\n<details class=\"wp-block-coblocks-faq-item\" itemprop=\"mainEntity\" itemscope itemtype=\"https:\/\/schema.org\/Question\"><summary class=\"wp-block-coblocks-faq-item__question\" itemprop=\"name\"><div class=\"wp-block-coblocks-faq-item__question__content\"><strong>\u00bfQu\u00e9 resultados puedo esperar de una campa\u00f1a de posicionamiento digital?<\/strong><\/div><svg fill=\"none\" viewbox=\"0 0 24 24\" xmlns=\"http:\/\/www.w3.org\/2000\/svg\" width=\"24\" height=\"24\" class=\"wp-block-coblocks-faq-item__question__icon\" aria-hidden=\"true\"><path fill=\"currentColor\" fill-rule=\"evenodd\" clip-rule=\"evenodd\" d=\"M19.39 14.99l-1.41 1.41L12 10.43 6.02 16.4l-1.41-1.41L12 7.6l7.39 7.39z\"><\/path><\/svg><\/summary><div class=\"wp-block-coblocks-faq-item__answer\" itemprop=\"acceptedAnswer\" itemscope itemtype=\"https:\/\/schema.org\/Answer\"><div itemprop=\"text\">\n<p class=\"has-noto-sans-font-family has-custom-font has-custom-lineheight\" style=\"font-family:Noto Sans;line-height:1.6\">Los resultados pueden incluir un aumento en el tr\u00e1fico web, mayor interacci\u00f3n en redes sociales, una mejora en la conversi\u00f3n de clientes potenciales y un mayor reconocimiento de marca, todo orientado a incrementar tus ventas y consolidar tu presencia online.<\/p>\n<\/div><\/div><\/details>\n\n\n\n<details class=\"wp-block-coblocks-faq-item\" itemprop=\"mainEntity\" itemscope itemtype=\"https:\/\/schema.org\/Question\"><summary class=\"wp-block-coblocks-faq-item__question\" itemprop=\"name\"><div class=\"wp-block-coblocks-faq-item__question__content\"><strong>\u00bfQu\u00e9 aspectos legales debo considerar antes de abrir una franquicia?<\/strong><\/div><svg fill=\"none\" viewbox=\"0 0 24 24\" xmlns=\"http:\/\/www.w3.org\/2000\/svg\" width=\"24\" height=\"24\" class=\"wp-block-coblocks-faq-item__question__icon\" aria-hidden=\"true\"><path fill=\"currentColor\" fill-rule=\"evenodd\" clip-rule=\"evenodd\" d=\"M19.39 14.99l-1.41 1.41L12 10.43 6.02 16.4l-1.41-1.41L12 7.6l7.39 7.39z\"><\/path><\/svg><\/summary><div class=\"wp-block-coblocks-faq-item__answer\" itemprop=\"acceptedAnswer\" itemscope itemtype=\"https:\/\/schema.org\/Answer\"><div itemprop=\"text\">\n<p class=\"has-noto-sans-font-family has-custom-font has-custom-lineheight\" style=\"font-family:Noto Sans;line-height:1.6\">Te orientamos sobre los contratos, derechos y responsabilidades de las partes involucradas, y te ayudamos a estructurar acuerdos legales claros y eficientes para proteger tanto a los franquiciadores como a los franquiciados.<\/p>\n<\/div><\/div><\/details>\n\n\n\n<details class=\"wp-block-coblocks-faq-item\" itemprop=\"mainEntity\" itemscope itemtype=\"https:\/\/schema.org\/Question\"><summary class=\"wp-block-coblocks-faq-item__question\" itemprop=\"name\"><div class=\"wp-block-coblocks-faq-item__question__content\"><strong>Como posso otimizar o desempenho da minha franquia para aumentar a rentabilidade?<\/strong><\/div><svg fill=\"none\" viewbox=\"0 0 24 24\" xmlns=\"http:\/\/www.w3.org\/2000\/svg\" width=\"24\" height=\"24\" class=\"wp-block-coblocks-faq-item__question__icon\" aria-hidden=\"true\"><path fill=\"currentColor\" fill-rule=\"evenodd\" clip-rule=\"evenodd\" d=\"M19.39 14.99l-1.41 1.41L12 10.43 6.02 16.4l-1.41-1.41L12 7.6l7.39 7.39z\"><\/path><\/svg><\/summary><div class=\"wp-block-coblocks-faq-item__answer\" itemprop=\"acceptedAnswer\" itemscope itemtype=\"https:\/\/schema.org\/Answer\"><div itemprop=\"text\">\n<p class=\"has-noto-sans-font-family has-custom-font has-custom-lineheight\" style=\"font-family:Noto Sans;line-height:1.6\">Ajudamo-lo a identificar oportunidades para melhorar a efici\u00eancia operacional, gerir melhor os custos e otimizar as estrat\u00e9gias de marketing da sua franquia, com o objetivo de maximizar os seus rendimentos e garantir o sucesso a longo prazo.<\/p>\n<\/div><\/div><\/details>\n\n\n\n<details class=\"wp-block-coblocks-faq-item\" itemprop=\"mainEntity\" itemscope itemtype=\"https:\/\/schema.org\/Question\"><summary class=\"wp-block-coblocks-faq-item__question\" itemprop=\"name\"><div class=\"wp-block-coblocks-faq-item__question__content\"><strong>Qual \u00e9 o primeiro passo para transformar o meu neg\u00f3cio numa franquia?<\/strong><\/div><svg fill=\"none\" viewbox=\"0 0 24 24\" xmlns=\"http:\/\/www.w3.org\/2000\/svg\" width=\"24\" height=\"24\" class=\"wp-block-coblocks-faq-item__question__icon\" aria-hidden=\"true\"><path fill=\"currentColor\" fill-rule=\"evenodd\" clip-rule=\"evenodd\" d=\"M19.39 14.99l-1.41 1.41L12 10.43 6.02 16.4l-1.41-1.41L12 7.6l7.39 7.39z\"><\/path><\/svg><\/summary><div class=\"wp-block-coblocks-faq-item__answer\" itemprop=\"acceptedAnswer\" itemscope itemtype=\"https:\/\/schema.org\/Answer\"><div itemprop=\"text\">\n<p class=\"has-noto-sans-font-family has-custom-font has-custom-lineheight\" style=\"font-family:Noto Sans;line-height:1.6\">O primeiro passo \u00e9 analisar a viabilidade do seu neg\u00f3cio para franchising e depois estrutur\u00e1-lo corretamente. Isto inclui a cria\u00e7\u00e3o de um manual operacional, a defini\u00e7\u00e3o de uma estrat\u00e9gia de expans\u00e3o e o estabelecimento da base legal necess\u00e1ria para operar como franquia.<\/p>\n<\/div><\/div><\/details>\n\n\n\n<details class=\"wp-block-coblocks-faq-item\" itemprop=\"mainEntity\" itemscope itemtype=\"https:\/\/schema.org\/Question\"><summary class=\"wp-block-coblocks-faq-item__question\" itemprop=\"name\"><div class=\"wp-block-coblocks-faq-item__question__content\"><strong>Como posso garantir que o meu modelo de franquia seja rent\u00e1vel?<\/strong><\/div><svg fill=\"none\" viewbox=\"0 0 24 24\" xmlns=\"http:\/\/www.w3.org\/2000\/svg\" width=\"24\" height=\"24\" class=\"wp-block-coblocks-faq-item__question__icon\" aria-hidden=\"true\"><path fill=\"currentColor\" fill-rule=\"evenodd\" clip-rule=\"evenodd\" d=\"M19.39 14.99l-1.41 1.41L12 10.43 6.02 16.4l-1.41-1.41L12 7.6l7.39 7.39z\"><\/path><\/svg><\/summary><div class=\"wp-block-coblocks-faq-item__answer\" itemprop=\"acceptedAnswer\" itemscope itemtype=\"https:\/\/schema.org\/Answer\"><div itemprop=\"text\">\n<p class=\"has-noto-sans-font-family has-custom-font has-custom-lineheight\" style=\"font-family:Noto Sans;line-height:1.6\">Ajudamo-lo a criar um modelo financeiro s\u00f3lido, analisar o retorno do investimento para os franchisados e definir uma estrutura de pre\u00e7os e royalties que assegurem a rentabilidade tanto para o seu neg\u00f3cio como para os futuros franchisados.os.<\/p>\n<\/div><\/div><\/details>\n<\/div>\n<\/div><\/div>\n\n\n\n<div style=\"height:20px\" aria-hidden=\"true\" class=\"wp-block-spacer mt-0\"><\/div>\n\n\n\n<div style=\"height:10px\" aria-hidden=\"true\" class=\"wp-block-spacer mb-0\"><\/div>","protected":false},"excerpt":{"rendered":"","protected":false},"author":1,"featured_media":0,"parent":0,"menu_order":0,"comment_status":"closed","ping_status":"closed","template":"","meta":{"_coblocks_attr":"Noto Sans,Open Sans,Noto Sans","_coblocks_dimensions":"","_coblocks_responsive_height":"","_coblocks_accordion_ie_support":"","hide_page_title":"","footnotes":""},"class_list":["post-37","page","type-page","status-publish","hentry"],"yoast_head":"<!-- This site is optimized with the Yoast SEO plugin v27.4 - https:\/\/yoast.com\/product\/yoast-seo-wordpress\/ -->\n<title>Perguntas frequentes - KEYBOOST CONSULTING<\/title>\n<meta name=\"robots\" content=\"index, follow, max-snippet:-1, max-image-preview:large, max-video-preview:-1\" \/>\n<link rel=\"canonical\" href=\"https:\/\/keyboostconsulting.com\/es\/faq-page\/\" \/>\n<meta property=\"og:locale\" content=\"es_ES\" \/>\n<meta property=\"og:type\" content=\"article\" \/>\n<meta property=\"og:title\" content=\"Perguntas frequentes - KEYBOOST CONSULTING\" \/>\n<meta property=\"og:url\" content=\"https:\/\/keyboostconsulting.com\/es\/faq-page\/\" \/>\n<meta property=\"og:site_name\" content=\"KEYBOOST CONSULTING\" \/>\n<meta property=\"article:modified_time\" content=\"2025-01-17T13:27:53+00:00\" \/>\n<meta name=\"twitter:card\" content=\"summary_large_image\" \/>\n<meta name=\"twitter:label1\" content=\"Tiempo de lectura\" \/>\n\t<meta name=\"twitter:data1\" content=\"3 minutos\" \/>\n<script type=\"application\/ld+json\" class=\"yoast-schema-graph\">{\"@context\":\"https:\\\/\\\/schema.org\",\"@graph\":[{\"@type\":\"WebPage\",\"@id\":\"https:\\\/\\\/keyboostconsulting.com\\\/pt\\\/faq-page\\\/\",\"url\":\"https:\\\/\\\/keyboostconsulting.com\\\/pt\\\/faq-page\\\/\",\"name\":\"Perguntas frequentes - KEYBOOST CONSULTING\",\"isPartOf\":{\"@id\":\"https:\\\/\\\/keyboostconsulting.com\\\/es\\\/#website\"},\"datePublished\":\"2024-12-21T16:48:50+00:00\",\"dateModified\":\"2025-01-17T13:27:53+00:00\",\"breadcrumb\":{\"@id\":\"https:\\\/\\\/keyboostconsulting.com\\\/pt\\\/faq-page\\\/#breadcrumb\"},\"inLanguage\":\"es\",\"potentialAction\":[{\"@type\":\"ReadAction\",\"target\":[\"https:\\\/\\\/keyboostconsulting.com\\\/pt\\\/faq-page\\\/\"]}]},{\"@type\":\"BreadcrumbList\",\"@id\":\"https:\\\/\\\/keyboostconsulting.com\\\/pt\\\/faq-page\\\/#breadcrumb\",\"itemListElement\":[{\"@type\":\"ListItem\",\"position\":1,\"name\":\"Home\",\"item\":\"https:\\\/\\\/keyboostconsulting.com\\\/es\\\/\"},{\"@type\":\"ListItem\",\"position\":2,\"name\":\"Perguntas frequentes\"}]},{\"@type\":\"WebSite\",\"@id\":\"https:\\\/\\\/keyboostconsulting.com\\\/es\\\/#website\",\"url\":\"https:\\\/\\\/keyboostconsulting.com\\\/es\\\/\",\"name\":\"KEYBOOST CONSULTING\",\"description\":\"SOLU\u00c7\u00d5ES POR MEDIDA PARA A SUA EMPRESA\",\"potentialAction\":[{\"@type\":\"SearchAction\",\"target\":{\"@type\":\"EntryPoint\",\"urlTemplate\":\"https:\\\/\\\/keyboostconsulting.com\\\/es\\\/?s={search_term_string}\"},\"query-input\":{\"@type\":\"PropertyValueSpecification\",\"valueRequired\":true,\"valueName\":\"search_term_string\"}}],\"inLanguage\":\"es\"}]}<\/script>\n<!-- \/ Yoast SEO plugin. -->","yoast_head_json":{"title":"Perguntas frequentes - KEYBOOST CONSULTING","robots":{"index":"index","follow":"follow","max-snippet":"max-snippet:-1","max-image-preview":"max-image-preview:large","max-video-preview":"max-video-preview:-1"},"canonical":"https:\/\/keyboostconsulting.com\/es\/faq-page\/","og_locale":"es_ES","og_type":"article","og_title":"Perguntas frequentes - KEYBOOST CONSULTING","og_url":"https:\/\/keyboostconsulting.com\/es\/faq-page\/","og_site_name":"KEYBOOST CONSULTING","article_modified_time":"2025-01-17T13:27:53+00:00","twitter_card":"summary_large_image","twitter_misc":{"Tiempo de lectura":"3 minutos"},"schema":{"@context":"https:\/\/schema.org","@graph":[{"@type":"WebPage","@id":"https:\/\/keyboostconsulting.com\/pt\/faq-page\/","url":"https:\/\/keyboostconsulting.com\/pt\/faq-page\/","name":"Perguntas frequentes - KEYBOOST CONSULTING","isPartOf":{"@id":"https:\/\/keyboostconsulting.com\/es\/#website"},"datePublished":"2024-12-21T16:48:50+00:00","dateModified":"2025-01-17T13:27:53+00:00","breadcrumb":{"@id":"https:\/\/keyboostconsulting.com\/pt\/faq-page\/#breadcrumb"},"inLanguage":"es","potentialAction":[{"@type":"ReadAction","target":["https:\/\/keyboostconsulting.com\/pt\/faq-page\/"]}]},{"@type":"BreadcrumbList","@id":"https:\/\/keyboostconsulting.com\/pt\/faq-page\/#breadcrumb","itemListElement":[{"@type":"ListItem","position":1,"name":"Home","item":"https:\/\/keyboostconsulting.com\/es\/"},{"@type":"ListItem","position":2,"name":"Perguntas frequentes"}]},{"@type":"WebSite","@id":"https:\/\/keyboostconsulting.com\/es\/#website","url":"https:\/\/keyboostconsulting.com\/es\/","name":"KEYBOOST CONSULTING","description":"SOLU\u00c7\u00d5ES POR MEDIDA PARA A SUA EMPRESA","potentialAction":[{"@type":"SearchAction","target":{"@type":"EntryPoint","urlTemplate":"https:\/\/keyboostconsulting.com\/es\/?s={search_term_string}"},"query-input":{"@type":"PropertyValueSpecification","valueRequired":true,"valueName":"search_term_string"}}],"inLanguage":"es"}]}},"_links":{"self":[{"href":"https:\/\/keyboostconsulting.com\/es\/wp-json\/wp\/v2\/pages\/37","targetHints":{"allow":["GET"]}}],"collection":[{"href":"https:\/\/keyboostconsulting.com\/es\/wp-json\/wp\/v2\/pages"}],"about":[{"href":"https:\/\/keyboostconsulting.com\/es\/wp-json\/wp\/v2\/types\/page"}],"author":[{"embeddable":true,"href":"https:\/\/keyboostconsulting.com\/es\/wp-json\/wp\/v2\/users\/1"}],"replies":[{"embeddable":true,"href":"https:\/\/keyboostconsulting.com\/es\/wp-json\/wp\/v2\/comments?post=37"}],"version-history":[{"count":6,"href":"https:\/\/keyboostconsulting.com\/es\/wp-json\/wp\/v2\/pages\/37\/revisions"}],"predecessor-version":[{"id":335,"href":"https:\/\/keyboostconsulting.com\/es\/wp-json\/wp\/v2\/pages\/37\/revisions\/335"}],"wp:attachment":[{"href":"https:\/\/keyboostconsulting.com\/es\/wp-json\/wp\/v2\/media?parent=37"}],"curies":[{"name":"wp","href":"https:\/\/api.w.org\/{rel}","templated":true}]}}