{"id":38,"date":"2024-12-21T16:48:50","date_gmt":"2024-12-21T16:48:50","guid":{"rendered":"https:\/\/keyboostconsulting.com\/home-page\/"},"modified":"2025-03-26T08:23:23","modified_gmt":"2025-03-26T08:23:23","slug":"home-page","status":"publish","type":"page","link":"https:\/\/keyboostconsulting.com\/es\/","title":{"rendered":"Home"},"content":{"rendered":"\n<div class=\"wp-block-cover alignfull is-light\"><span aria-hidden=\"true\" class=\"wp-block-cover__background has-background-dim\" style=\"background-color:#FFF\"><\/span><video class=\"wp-block-cover__video-background intrinsic-ignore\" autoplay muted loop playsinline src=\"https:\/\/keyboostconsulting.com\/wp-content\/uploads\/2025\/01\/3209211-uhd_3840_2160_25fps.mov\" data-object-fit=\"cover\"><\/video><div class=\"wp-block-cover__inner-container is-layout-flow wp-block-cover-is-layout-flow\">\n<h2 class=\"wp-block-heading has-text-align-center\">SOLU\u00c7\u00d5ES SOB MEDIDA PARA O SEU NEG\u00d3CIO<\/h2>\n\n\n\n<p class=\"has-text-align-center has-noto-sans-font-family has-custom-font has-custom-lineheight\" style=\"font-family:Noto Sans;line-height:1.54;font-size:16px\"><\/p>\n\n\n\n<div class=\"wp-block-buttons is-content-justification-center is-layout-flex wp-container-core-buttons-is-layout-16018d1d wp-block-buttons-is-layout-flex\">\n<div class=\"wp-block-button coblocks-animate\" data-coblocks-animation=\"slideInBottom\"><a class=\"wp-block-button__link has-text-align-center wp-element-button\" href=\"https:\/\/keyboostconsulting.com\/contact-page\/\">LEVE O SEU NEG\u00d3CIO PARA O PR\u00d3XIMO N\u00cdVEL<\/a><\/div>\n<\/div>\n<\/div><\/div>\n\n\n\n<p class=\"has-text-align-center has-noto-sans-font-family coblocks-animate has-custom-font has-custom-lineheight\" data-coblocks-animation=\"slideInBottom\" style=\"font-family:Noto Sans;line-height:1.7;font-size:16px\">Na <strong>KEYBOOST <\/strong>temos esta filosofia: acreditamos em solu\u00e7\u00f5es que impulsionam resultados reais, adaptando-nos \u00e0s suas necessidades para transformar os seus objetivos em conquistas sustent\u00e1veis.<\/p>\n\n\n<div id=\"metaslider-id-390\" style=\"width: 100%;\" class=\"ml-slider-3-108-0 metaslider metaslider-flex metaslider-390 ml-slider has-dots-nav ms-theme-simply-dark\" role=\"region\" aria-label=\"New Slideshow\" data-height=\"450\" data-width=\"600\">\n    <div id=\"metaslider_container_390\">\n        <div id=\"metaslider_390\">\n            <ul class='slides'>\n                <li style=\"display: block; width: 100%;\" class=\"slide-391 ms-image \" aria-roledescription=\"slide\" data-date=\"2025-01-16 17:33:37\" data-filename=\"1.-Optimizacion-1-600x450.png\" data-slide-type=\"image\"><img loading=\"lazy\" decoding=\"async\" src=\"https:\/\/keyboostconsulting.com\/wp-content\/uploads\/2025\/01\/1.-Optimizacion-1-600x450.png\" height=\"450\" width=\"600\" alt=\"FINANCIAL AND OPERATIONAL OPTIMIZATION\" class=\"slider-390 slide-391 msDefaultImage\" title=\"FINANCIAL AND OPERATIONAL OPTIMIZATION\" \/><div class=\"caption-wrap\"><div class=\"caption\">FINANCIAL AND OPERATIONAL OPTIMIZATION<\/div><\/div><\/li>\n                <li style=\"display: none; width: 100%;\" class=\"slide-392 ms-image \" aria-roledescription=\"slide\" data-date=\"2025-01-16 17:33:37\" data-filename=\"2.-Estrategia-de-crecimiento-limpia-600x450.jpg\" data-slide-type=\"image\"><img loading=\"lazy\" decoding=\"async\" src=\"https:\/\/keyboostconsulting.com\/wp-content\/uploads\/2025\/01\/2.-Estrategia-de-crecimiento-limpia-600x450.jpg\" height=\"450\" width=\"600\" alt=\"GROWTH STRATEGY\" class=\"slider-390 slide-392 msDefaultImage\" title=\"GROWTH STRATEGY\" \/><div class=\"caption-wrap\"><div class=\"caption\">GROWTH STRATEGY<\/div><\/div><\/li>\n                <li style=\"display: none; width: 100%;\" class=\"slide-393 ms-image \" aria-roledescription=\"slide\" data-date=\"2025-01-16 17:33:37\" data-filename=\"3.-Posicionamiento-digital-limpia-600x450.png\" data-slide-type=\"image\"><img loading=\"lazy\" decoding=\"async\" src=\"https:\/\/keyboostconsulting.com\/wp-content\/uploads\/2025\/01\/3.-Posicionamiento-digital-limpia-600x450.png\" height=\"450\" width=\"600\" alt=\"DIGITAL POSITIONING\" class=\"slider-390 slide-393 msDefaultImage\" title=\"DIGITAL POSITIONING\" \/><div class=\"caption-wrap\"><div class=\"caption\">DIGITAL POSITIONING<\/div><\/div><\/li>\n                <li style=\"display: none; width: 100%;\" class=\"slide-394 ms-image \" aria-roledescription=\"slide\" data-date=\"2025-01-16 17:33:37\" data-filename=\"4.-Asesoria-de-franquicias-limpia-600x450.png\" data-slide-type=\"image\"><img loading=\"lazy\" decoding=\"async\" src=\"https:\/\/keyboostconsulting.com\/wp-content\/uploads\/2025\/01\/4.-Asesoria-de-franquicias-limpia-600x450.png\" height=\"450\" width=\"600\" alt=\"FRANCHISE CONSULTING\" class=\"slider-390 slide-394 msDefaultImage\" title=\"FRANCHISE CONSULTING\" \/><div class=\"caption-wrap\"><div class=\"caption\">FRANCHISE CONSULTING<\/div><\/div><\/li>\n                <li style=\"display: none; width: 100%;\" class=\"slide-395 ms-image \" aria-roledescription=\"slide\" data-date=\"2025-01-16 17:33:37\" data-filename=\"escalera-600x450.png\" data-slide-type=\"image\"><img loading=\"lazy\" decoding=\"async\" src=\"https:\/\/keyboostconsulting.com\/wp-content\/uploads\/2025\/01\/escalera-600x450.png\" height=\"450\" width=\"600\" alt=\"MAKE IT A FRANCHISE\" class=\"slider-390 slide-395 msDefaultImage\" title=\"MAKE IT A FRANCHISE\" \/><div class=\"caption-wrap\"><div class=\"caption\">MAKE IT A FRANCHISE<\/div><\/div><\/li>\n            <\/ul>\n        <\/div>\n        \n    <\/div>\n<\/div>\n\n\n\n<div class=\"wp-block-buttons is-content-justification-center is-layout-flex wp-container-core-buttons-is-layout-16018d1d wp-block-buttons-is-layout-flex\">\n<div class=\"wp-block-button coblocks-animate\" data-coblocks-animation=\"slideInBottom\"><a class=\"wp-block-button__link wp-element-button\" href=\"https:\/\/keyboostconsulting.com\/services-page\/\">sERVI\u00c7OS<\/a><\/div>\n<\/div>\n\n\n\n<div class=\"wp-block-columns is-layout-flex wp-container-core-columns-is-layout-9d6595d7 wp-block-columns-is-layout-flex\">\n<div class=\"wp-block-column is-layout-flow wp-block-column-is-layout-flow\" style=\"flex-basis:100%\">\n<div class=\"wp-block-group alignwide mb-0 mt-0\"><div class=\"wp-block-group__inner-container is-layout-constrained wp-block-group-is-layout-constrained\">\n<div class=\"wp-block-group alignwide\"><div class=\"wp-block-group__inner-container is-layout-constrained wp-block-group-is-layout-constrained\">\n<h2 class=\"wp-block-heading\">Contacta-nos<\/h2>\n\n\n\n<p><\/p>\n\n\n\n\t\t<div class=\"coblocks-form\" id=\"4b6e9745affb3d8d97408d439e25dd9e9d60f7c6\">\n\n\t\t\t\n\t\t\t<form action=\"https:\/\/keyboostconsulting.com\/es\/#4b6e9745affb3d8d97408d439e25dd9e9d60f7c6\" method=\"post\">\n\t\t\t\t\n<div class=\"wp-block-coblocks-form\"><label class=\"coblocks-label\">NOME<\/label>\n\t\t<input type=\"hidden\" name=\"field-nome[label]\" value=\"NOME\">\n\n\t\t\t\t<input type=\"hidden\" id=\"name-field-id\" name=\"name-field-id\" class=\"coblocks-name-field-id\" value=\"field-nome\" \/>\n\t\t\n\t\t<input type=\"text\" id=\"nome\" name=\"field-nome[value]\" class=\"coblocks-field coblocks-field--name\"  \/>\n\n\t\t\n\n<label class=\"coblocks-label\">Email <span class=\"required\">&#042;<\/span><\/label>\n\t\t<input type=\"hidden\" name=\"field-email[label]\" value=\"Email\">\n\n\t\t\n\t\t<input type=\"hidden\" id=\"email-field-id\" name=\"email-field-id\" class=\"coblocks-email-field-id\" value=\"field-email\" \/>\n\t\t<input type=\"email\" id=\"email\" aria-label=\"Email\" name=\"field-email[value]\" class=\"coblocks-field coblocks-field--email\" required \/>\n\n\t\t\n\n<label class=\"coblocks-label\">O QUE TENS EM MENTE? <span class=\"required\">&#042;<\/span><\/label>\n\t\t<input type=\"hidden\" name=\"field-o-que-tens-em-mente[label]\" value=\"O QUE TENS EM MENTE?\">\n\n\t\t\n\t\t<textarea name=\"field-o-que-tens-em-mente[value]\" aria-label=\"O QUE TENS EM MENTE?\" id=\"o-que-tens-em-mente\" class=\"coblocks-field coblocks-textarea\" rows=\"20\" required><\/textarea>\n\n\t\t\n\n\n\t\t<div class=\"coblocks-form__submit wp-block-button\">\n\t\t\t<button type=\"submit\" class=\"wp-block-button__link\" style=\"\">CONTACTA-NOS<\/button>\n\t\t\t<input type=\"hidden\" id=\"form-submit\" name=\"form-submit\" value=\"8d085d8d3d\" \/><input type=\"hidden\" name=\"_wp_http_referer\" value=\"\/es\/wp-json\/wp\/v2\/pages\/38\" \/>\t\t\t<input type=\"hidden\" name=\"action\" value=\"coblocks-form-submit\">\n\n\t\t\t\t\t<\/div>\n\n\t\t<\/div>\n\t\t\t\t<input class=\"coblocks-field verify\" aria-label=\"Introduce tu direcci\u00f3n de correo electr\u00f3nico para verificarla\" type=\"email\" name=\"coblocks-verify-email\" autocomplete=\"off\" placeholder=\"Correo electr\u00f3nico\" tabindex=\"-1\">\n\t\t\t\t<input type=\"hidden\" name=\"form-hash\" value=\"4b6e9745affb3d8d97408d439e25dd9e9d60f7c6\">\n\n\t\t\t\t\t\t\t<\/form>\n\n\t\t<\/div>\n\n\t\t<\/div><\/div>\n<\/div><\/div>\n<\/div>\n<\/div>\n\n\n\n<p><\/p>\n","protected":false},"excerpt":{"rendered":"<p>Na KEYBOOST temos esta filosofia: acreditamos em solu\u00e7\u00f5es que impulsionam resultados reais, adaptando-nos \u00e0s suas necessidades para transformar os seus objetivos em conquistas sustent\u00e1veis. Contacta-nos<\/p>","protected":false},"author":1,"featured_media":0,"parent":0,"menu_order":0,"comment_status":"closed","ping_status":"closed","template":"","meta":{"_coblocks_attr":"Noto Sans,Noto Sans","_coblocks_dimensions":"","_coblocks_responsive_height":"","_coblocks_accordion_ie_support":"","hide_page_title":"enabled","footnotes":""},"class_list":["post-38","page","type-page","status-publish","hentry"],"yoast_head":"<!-- This site is optimized with the Yoast SEO plugin v27.4 - https:\/\/yoast.com\/product\/yoast-seo-wordpress\/ -->\n<title>Home - KEYBOOST CONSULTING<\/title>\n<meta name=\"description\" content=\"Solu\u00e7\u00f5es sob medida para o seu neg\u00f3cio. Na KEYBOOST CONSULTING, queremos ajud\u00e1-lo a levar o seu neg\u00f3cio ao pr\u00f3ximo n\u00edvel.\" \/>\n<meta name=\"robots\" content=\"index, follow, max-snippet:-1, max-image-preview:large, max-video-preview:-1\" \/>\n<link rel=\"canonical\" href=\"https:\/\/keyboostconsulting.com\/es\/\" \/>\n<meta property=\"og:locale\" content=\"es_ES\" \/>\n<meta property=\"og:type\" content=\"article\" \/>\n<meta property=\"og:title\" content=\"Home - KEYBOOST CONSULTING\" \/>\n<meta property=\"og:description\" content=\"Solu\u00e7\u00f5es sob medida para o seu neg\u00f3cio. Na KEYBOOST CONSULTING, queremos ajud\u00e1-lo a levar o seu neg\u00f3cio ao pr\u00f3ximo n\u00edvel.\" \/>\n<meta property=\"og:url\" content=\"https:\/\/keyboostconsulting.com\/es\/\" \/>\n<meta property=\"og:site_name\" content=\"KEYBOOST CONSULTING\" \/>\n<meta property=\"article:modified_time\" content=\"2025-03-26T08:23:23+00:00\" \/>\n<meta name=\"twitter:card\" content=\"summary_large_image\" \/>\n<meta name=\"twitter:label1\" content=\"Tiempo de lectura\" \/>\n\t<meta name=\"twitter:data1\" content=\"1 minuto\" \/>\n<script type=\"application\/ld+json\" class=\"yoast-schema-graph\">{\"@context\":\"https:\\\/\\\/schema.org\",\"@graph\":[{\"@type\":\"WebPage\",\"@id\":\"https:\\\/\\\/keyboostconsulting.com\\\/es\\\/\",\"url\":\"https:\\\/\\\/keyboostconsulting.com\\\/es\\\/\",\"name\":\"Home - KEYBOOST CONSULTING\",\"isPartOf\":{\"@id\":\"https:\\\/\\\/keyboostconsulting.com\\\/es\\\/#website\"},\"datePublished\":\"2024-12-21T16:48:50+00:00\",\"dateModified\":\"2025-03-26T08:23:23+00:00\",\"description\":\"Solu\u00e7\u00f5es sob medida para o seu neg\u00f3cio. Na KEYBOOST CONSULTING, queremos ajud\u00e1-lo a levar o seu neg\u00f3cio ao pr\u00f3ximo n\u00edvel.\",\"breadcrumb\":{\"@id\":\"https:\\\/\\\/keyboostconsulting.com\\\/es\\\/#breadcrumb\"},\"inLanguage\":\"es\",\"potentialAction\":[{\"@type\":\"ReadAction\",\"target\":[\"https:\\\/\\\/keyboostconsulting.com\\\/es\\\/\"]}]},{\"@type\":\"BreadcrumbList\",\"@id\":\"https:\\\/\\\/keyboostconsulting.com\\\/es\\\/#breadcrumb\",\"itemListElement\":[{\"@type\":\"ListItem\",\"position\":1,\"name\":\"Home\",\"item\":\"https:\\\/\\\/keyboostconsulting.com\\\/es\\\/\"},{\"@type\":\"ListItem\",\"position\":2,\"name\":\"Home\"}]},{\"@type\":\"WebSite\",\"@id\":\"https:\\\/\\\/keyboostconsulting.com\\\/es\\\/#website\",\"url\":\"https:\\\/\\\/keyboostconsulting.com\\\/es\\\/\",\"name\":\"KEYBOOST CONSULTING\",\"description\":\"SOLU\u00c7\u00d5ES POR MEDIDA PARA A SUA EMPRESA\",\"potentialAction\":[{\"@type\":\"SearchAction\",\"target\":{\"@type\":\"EntryPoint\",\"urlTemplate\":\"https:\\\/\\\/keyboostconsulting.com\\\/es\\\/?s={search_term_string}\"},\"query-input\":{\"@type\":\"PropertyValueSpecification\",\"valueRequired\":true,\"valueName\":\"search_term_string\"}}],\"inLanguage\":\"es\"}]}<\/script>\n<!-- \/ Yoast SEO plugin. -->","yoast_head_json":{"title":"Home - KEYBOOST CONSULTING","description":"Solu\u00e7\u00f5es sob medida para o seu neg\u00f3cio. Na KEYBOOST CONSULTING, queremos ajud\u00e1-lo a levar o seu neg\u00f3cio ao pr\u00f3ximo n\u00edvel.","robots":{"index":"index","follow":"follow","max-snippet":"max-snippet:-1","max-image-preview":"max-image-preview:large","max-video-preview":"max-video-preview:-1"},"canonical":"https:\/\/keyboostconsulting.com\/es\/","og_locale":"es_ES","og_type":"article","og_title":"Home - KEYBOOST CONSULTING","og_description":"Solu\u00e7\u00f5es sob medida para o seu neg\u00f3cio. Na KEYBOOST CONSULTING, queremos ajud\u00e1-lo a levar o seu neg\u00f3cio ao pr\u00f3ximo n\u00edvel.","og_url":"https:\/\/keyboostconsulting.com\/es\/","og_site_name":"KEYBOOST CONSULTING","article_modified_time":"2025-03-26T08:23:23+00:00","twitter_card":"summary_large_image","twitter_misc":{"Tiempo de lectura":"1 minuto"},"schema":{"@context":"https:\/\/schema.org","@graph":[{"@type":"WebPage","@id":"https:\/\/keyboostconsulting.com\/es\/","url":"https:\/\/keyboostconsulting.com\/es\/","name":"Home - KEYBOOST CONSULTING","isPartOf":{"@id":"https:\/\/keyboostconsulting.com\/es\/#website"},"datePublished":"2024-12-21T16:48:50+00:00","dateModified":"2025-03-26T08:23:23+00:00","description":"Solu\u00e7\u00f5es sob medida para o seu neg\u00f3cio. Na KEYBOOST CONSULTING, queremos ajud\u00e1-lo a levar o seu neg\u00f3cio ao pr\u00f3ximo n\u00edvel.","breadcrumb":{"@id":"https:\/\/keyboostconsulting.com\/es\/#breadcrumb"},"inLanguage":"es","potentialAction":[{"@type":"ReadAction","target":["https:\/\/keyboostconsulting.com\/es\/"]}]},{"@type":"BreadcrumbList","@id":"https:\/\/keyboostconsulting.com\/es\/#breadcrumb","itemListElement":[{"@type":"ListItem","position":1,"name":"Home","item":"https:\/\/keyboostconsulting.com\/es\/"},{"@type":"ListItem","position":2,"name":"Home"}]},{"@type":"WebSite","@id":"https:\/\/keyboostconsulting.com\/es\/#website","url":"https:\/\/keyboostconsulting.com\/es\/","name":"KEYBOOST CONSULTING","description":"SOLU\u00c7\u00d5ES POR MEDIDA PARA A SUA EMPRESA","potentialAction":[{"@type":"SearchAction","target":{"@type":"EntryPoint","urlTemplate":"https:\/\/keyboostconsulting.com\/es\/?s={search_term_string}"},"query-input":{"@type":"PropertyValueSpecification","valueRequired":true,"valueName":"search_term_string"}}],"inLanguage":"es"}]}},"_links":{"self":[{"href":"https:\/\/keyboostconsulting.com\/es\/wp-json\/wp\/v2\/pages\/38","targetHints":{"allow":["GET"]}}],"collection":[{"href":"https:\/\/keyboostconsulting.com\/es\/wp-json\/wp\/v2\/pages"}],"about":[{"href":"https:\/\/keyboostconsulting.com\/es\/wp-json\/wp\/v2\/types\/page"}],"author":[{"embeddable":true,"href":"https:\/\/keyboostconsulting.com\/es\/wp-json\/wp\/v2\/users\/1"}],"replies":[{"embeddable":true,"href":"https:\/\/keyboostconsulting.com\/es\/wp-json\/wp\/v2\/comments?post=38"}],"version-history":[{"count":66,"href":"https:\/\/keyboostconsulting.com\/es\/wp-json\/wp\/v2\/pages\/38\/revisions"}],"predecessor-version":[{"id":469,"href":"https:\/\/keyboostconsulting.com\/es\/wp-json\/wp\/v2\/pages\/38\/revisions\/469"}],"wp:attachment":[{"href":"https:\/\/keyboostconsulting.com\/es\/wp-json\/wp\/v2\/media?parent=38"}],"curies":[{"name":"wp","href":"https:\/\/api.w.org\/{rel}","templated":true}]}}