{"id":40,"date":"2024-12-21T16:48:50","date_gmt":"2024-12-21T16:48:50","guid":{"rendered":"https:\/\/keyboostconsulting.com\/contact-page\/"},"modified":"2025-03-26T11:28:30","modified_gmt":"2025-03-26T11:28:30","slug":"contact-page","status":"publish","type":"page","link":"https:\/\/keyboostconsulting.com\/es\/contact-page\/","title":{"rendered":"Cont\u00e1ctanos"},"content":{"rendered":"\n<p class=\"has-text-align-center has-noto-sans-font-family has-custom-font\" style=\"font-family:Noto Sans\">Preparado para passar para o pr\u00f3ximo n\u00edvel?<\/p>\n\n\n\n<p><\/p>\n\n\n\n\t\t<div class=\"coblocks-form\" id=\"0aa5761942f12d90e8e17def17fb1d2263fe4756\">\n\n\t\t\t\n\t\t\t<form action=\"https:\/\/keyboostconsulting.com\/es\/contact-page\/#0aa5761942f12d90e8e17def17fb1d2263fe4756\" method=\"post\">\n\t\t\t\t\n<div class=\"wp-block-coblocks-form\"><label class=\"coblocks-label\">NOME <span class=\"required\">&#042;<\/span><\/label>\n\t\t<input type=\"hidden\" name=\"field-nome[label]\" value=\"NOME\">\n\n\t\t\t\t<input type=\"hidden\" id=\"name-field-id\" name=\"name-field-id\" class=\"coblocks-name-field-id\" value=\"field-nome\" \/>\n\t\t\n\t\t<input type=\"text\" id=\"nome\" name=\"field-nome[value]\" class=\"coblocks-field coblocks-field--name\" required \/>\n\n\t\t\n\n<label class=\"coblocks-label\">Email <span class=\"required\">&#042;<\/span><\/label>\n\t\t<input type=\"hidden\" name=\"field-email[label]\" value=\"Email\">\n\n\t\t\n\t\t<input type=\"hidden\" id=\"email-field-id\" name=\"email-field-id\" class=\"coblocks-email-field-id\" value=\"field-email\" \/>\n\t\t<input type=\"email\" id=\"email\" aria-label=\"Email\" name=\"field-email[value]\" class=\"coblocks-field coblocks-field--email\" required \/>\n\n\t\t\n\n<label class=\"coblocks-label\">MENSAGEM <span class=\"required\">&#042;<\/span><\/label>\n\t\t<input type=\"hidden\" name=\"field-mensagem[label]\" value=\"MENSAGEM\">\n\n\t\t\n\t\t<textarea name=\"field-mensagem[value]\" aria-label=\"MENSAGEM\" id=\"mensagem\" class=\"coblocks-field coblocks-textarea\" rows=\"20\" required><\/textarea>\n\n\t\t\n\n\n\t\t<div class=\"coblocks-form__submit wp-block-button\">\n\t\t\t<button type=\"submit\" class=\"wp-block-button__link\" style=\"\">COMUNICA-TE CONNOSCO<\/button>\n\t\t\t<input type=\"hidden\" id=\"form-submit\" name=\"form-submit\" value=\"46f22cbf4f\" \/><input type=\"hidden\" name=\"_wp_http_referer\" value=\"\/es\/wp-json\/wp\/v2\/pages\/40\" \/>\t\t\t<input type=\"hidden\" name=\"action\" value=\"coblocks-form-submit\">\n\n\t\t\t\t\t<\/div>\n\n\t\t<\/div>\n\t\t\t\t<input class=\"coblocks-field verify\" aria-label=\"Introduce tu direcci\u00f3n de correo electr\u00f3nico para verificarla\" type=\"email\" name=\"coblocks-verify-email\" autocomplete=\"off\" placeholder=\"Correo electr\u00f3nico\" tabindex=\"-1\">\n\t\t\t\t<input type=\"hidden\" name=\"form-hash\" value=\"0aa5761942f12d90e8e17def17fb1d2263fe4756\">\n\n\t\t\t\t\t\t\t<\/form>\n\n\t\t<\/div>\n\n\t\t","protected":false},"excerpt":{"rendered":"<p>\u00bfPreparado para pasar al siguiente nivel?<\/p>","protected":false},"author":1,"featured_media":0,"parent":0,"menu_order":0,"comment_status":"closed","ping_status":"closed","template":"","meta":{"_coblocks_attr":"Noto Sans","_coblocks_dimensions":"","_coblocks_responsive_height":"","_coblocks_accordion_ie_support":"","hide_page_title":"","footnotes":""},"class_list":["post-40","page","type-page","status-publish","hentry"],"yoast_head":"<!-- This site is optimized with the Yoast SEO plugin v27.4 - https:\/\/yoast.com\/product\/yoast-seo-wordpress\/ -->\n<title>Contacta-nos - KEYBOOST CONSULTING<\/title>\n<meta name=\"description\" content=\"Preparado para passar para o pr\u00f3ximo n\u00edvel? | Contacte-nos atrav\u00e9s do formul\u00e1rio e entraremos em contacto consigo.\" \/>\n<meta name=\"robots\" content=\"index, follow, max-snippet:-1, max-image-preview:large, max-video-preview:-1\" \/>\n<link rel=\"canonical\" href=\"https:\/\/keyboostconsulting.com\/es\/contact-page\/\" \/>\n<meta property=\"og:locale\" content=\"es_ES\" \/>\n<meta property=\"og:type\" content=\"article\" \/>\n<meta property=\"og:title\" content=\"Contacta-nos - KEYBOOST CONSULTING\" \/>\n<meta property=\"og:description\" content=\"Preparado para passar para o pr\u00f3ximo n\u00edvel? | Contacte-nos atrav\u00e9s do formul\u00e1rio e entraremos em contacto consigo.\" \/>\n<meta property=\"og:url\" content=\"https:\/\/keyboostconsulting.com\/es\/contact-page\/\" \/>\n<meta property=\"og:site_name\" content=\"KEYBOOST CONSULTING\" \/>\n<meta property=\"article:modified_time\" content=\"2025-03-26T11:28:30+00:00\" \/>\n<meta name=\"twitter:card\" content=\"summary_large_image\" \/>\n<meta name=\"twitter:label1\" content=\"Tiempo de lectura\" \/>\n\t<meta name=\"twitter:data1\" content=\"1 minuto\" \/>\n<script type=\"application\/ld+json\" class=\"yoast-schema-graph\">{\"@context\":\"https:\\\/\\\/schema.org\",\"@graph\":[{\"@type\":\"WebPage\",\"@id\":\"https:\\\/\\\/keyboostconsulting.com\\\/es\\\/contact-page\\\/\",\"url\":\"https:\\\/\\\/keyboostconsulting.com\\\/es\\\/contact-page\\\/\",\"name\":\"Contacta-nos - KEYBOOST CONSULTING\",\"isPartOf\":{\"@id\":\"https:\\\/\\\/keyboostconsulting.com\\\/es\\\/#website\"},\"datePublished\":\"2024-12-21T16:48:50+00:00\",\"dateModified\":\"2025-03-26T11:28:30+00:00\",\"description\":\"Preparado para passar para o pr\u00f3ximo n\u00edvel? | Contacte-nos atrav\u00e9s do formul\u00e1rio e entraremos em contacto consigo.\",\"breadcrumb\":{\"@id\":\"https:\\\/\\\/keyboostconsulting.com\\\/es\\\/contact-page\\\/#breadcrumb\"},\"inLanguage\":\"es\",\"potentialAction\":[{\"@type\":\"ReadAction\",\"target\":[\"https:\\\/\\\/keyboostconsulting.com\\\/es\\\/contact-page\\\/\"]}]},{\"@type\":\"BreadcrumbList\",\"@id\":\"https:\\\/\\\/keyboostconsulting.com\\\/es\\\/contact-page\\\/#breadcrumb\",\"itemListElement\":[{\"@type\":\"ListItem\",\"position\":1,\"name\":\"Home\",\"item\":\"https:\\\/\\\/keyboostconsulting.com\\\/es\\\/\"},{\"@type\":\"ListItem\",\"position\":2,\"name\":\"Contacta-nos\"}]},{\"@type\":\"WebSite\",\"@id\":\"https:\\\/\\\/keyboostconsulting.com\\\/es\\\/#website\",\"url\":\"https:\\\/\\\/keyboostconsulting.com\\\/es\\\/\",\"name\":\"KEYBOOST CONSULTING\",\"description\":\"SOLU\u00c7\u00d5ES POR MEDIDA PARA A SUA EMPRESA\",\"potentialAction\":[{\"@type\":\"SearchAction\",\"target\":{\"@type\":\"EntryPoint\",\"urlTemplate\":\"https:\\\/\\\/keyboostconsulting.com\\\/es\\\/?s={search_term_string}\"},\"query-input\":{\"@type\":\"PropertyValueSpecification\",\"valueRequired\":true,\"valueName\":\"search_term_string\"}}],\"inLanguage\":\"es\"}]}<\/script>\n<!-- \/ Yoast SEO plugin. -->","yoast_head_json":{"title":"Contacta-nos - KEYBOOST CONSULTING","description":"Preparado para passar para o pr\u00f3ximo n\u00edvel? | Contacte-nos atrav\u00e9s do formul\u00e1rio e entraremos em contacto consigo.","robots":{"index":"index","follow":"follow","max-snippet":"max-snippet:-1","max-image-preview":"max-image-preview:large","max-video-preview":"max-video-preview:-1"},"canonical":"https:\/\/keyboostconsulting.com\/es\/contact-page\/","og_locale":"es_ES","og_type":"article","og_title":"Contacta-nos - KEYBOOST CONSULTING","og_description":"Preparado para passar para o pr\u00f3ximo n\u00edvel? | Contacte-nos atrav\u00e9s do formul\u00e1rio e entraremos em contacto consigo.","og_url":"https:\/\/keyboostconsulting.com\/es\/contact-page\/","og_site_name":"KEYBOOST CONSULTING","article_modified_time":"2025-03-26T11:28:30+00:00","twitter_card":"summary_large_image","twitter_misc":{"Tiempo de lectura":"1 minuto"},"schema":{"@context":"https:\/\/schema.org","@graph":[{"@type":"WebPage","@id":"https:\/\/keyboostconsulting.com\/es\/contact-page\/","url":"https:\/\/keyboostconsulting.com\/es\/contact-page\/","name":"Contacta-nos - KEYBOOST CONSULTING","isPartOf":{"@id":"https:\/\/keyboostconsulting.com\/es\/#website"},"datePublished":"2024-12-21T16:48:50+00:00","dateModified":"2025-03-26T11:28:30+00:00","description":"Preparado para passar para o pr\u00f3ximo n\u00edvel? | Contacte-nos atrav\u00e9s do formul\u00e1rio e entraremos em contacto consigo.","breadcrumb":{"@id":"https:\/\/keyboostconsulting.com\/es\/contact-page\/#breadcrumb"},"inLanguage":"es","potentialAction":[{"@type":"ReadAction","target":["https:\/\/keyboostconsulting.com\/es\/contact-page\/"]}]},{"@type":"BreadcrumbList","@id":"https:\/\/keyboostconsulting.com\/es\/contact-page\/#breadcrumb","itemListElement":[{"@type":"ListItem","position":1,"name":"Home","item":"https:\/\/keyboostconsulting.com\/es\/"},{"@type":"ListItem","position":2,"name":"Contacta-nos"}]},{"@type":"WebSite","@id":"https:\/\/keyboostconsulting.com\/es\/#website","url":"https:\/\/keyboostconsulting.com\/es\/","name":"KEYBOOST CONSULTING","description":"SOLU\u00c7\u00d5ES POR MEDIDA PARA A SUA EMPRESA","potentialAction":[{"@type":"SearchAction","target":{"@type":"EntryPoint","urlTemplate":"https:\/\/keyboostconsulting.com\/es\/?s={search_term_string}"},"query-input":{"@type":"PropertyValueSpecification","valueRequired":true,"valueName":"search_term_string"}}],"inLanguage":"es"}]}},"_links":{"self":[{"href":"https:\/\/keyboostconsulting.com\/es\/wp-json\/wp\/v2\/pages\/40","targetHints":{"allow":["GET"]}}],"collection":[{"href":"https:\/\/keyboostconsulting.com\/es\/wp-json\/wp\/v2\/pages"}],"about":[{"href":"https:\/\/keyboostconsulting.com\/es\/wp-json\/wp\/v2\/types\/page"}],"author":[{"embeddable":true,"href":"https:\/\/keyboostconsulting.com\/es\/wp-json\/wp\/v2\/users\/1"}],"replies":[{"embeddable":true,"href":"https:\/\/keyboostconsulting.com\/es\/wp-json\/wp\/v2\/comments?post=40"}],"version-history":[{"count":5,"href":"https:\/\/keyboostconsulting.com\/es\/wp-json\/wp\/v2\/pages\/40\/revisions"}],"predecessor-version":[{"id":467,"href":"https:\/\/keyboostconsulting.com\/es\/wp-json\/wp\/v2\/pages\/40\/revisions\/467"}],"wp:attachment":[{"href":"https:\/\/keyboostconsulting.com\/es\/wp-json\/wp\/v2\/media?parent=40"}],"curies":[{"name":"wp","href":"https:\/\/api.w.org\/{rel}","templated":true}]}}