{"id":41,"date":"2024-12-21T16:48:50","date_gmt":"2024-12-21T16:48:50","guid":{"rendered":"https:\/\/keyboostconsulting.com\/services-page\/"},"modified":"2025-09-26T11:25:48","modified_gmt":"2025-09-26T11:25:48","slug":"services-page","status":"publish","type":"page","link":"https:\/\/keyboostconsulting.com\/es\/services-page\/","title":{"rendered":"Servicios"},"content":{"rendered":"<div class=\"wp-block-group alignwide mt-0\"><div class=\"wp-block-group__inner-container is-layout-flow wp-block-group-is-layout-flow\">\n<div style=\"height:80px\" aria-hidden=\"true\" class=\"wp-block-spacer\"><\/div>\n\n\n\n<div class=\"wp-block-columns is-layout-flex wp-container-core-columns-is-layout-9d6595d7 wp-block-columns-is-layout-flex\">\n<div class=\"wp-block-column is-layout-flow wp-block-column-is-layout-flow\" style=\"padding-right:0;padding-left:0\">\n<figure class=\"wp-block-image size-large\"><img loading=\"lazy\" decoding=\"async\" width=\"1024\" height=\"768\" src=\"https:\/\/keyboostconsulting.com\/wp-content\/uploads\/2025\/01\/1.-Optimizacion-1024x768.png\" alt=\"\" class=\"wp-image-254\" style=\"aspect-ratio:1;object-fit:cover\" srcset=\"https:\/\/keyboostconsulting.com\/wp-content\/uploads\/2025\/01\/1.-Optimizacion-1024x768.png 1024w, https:\/\/keyboostconsulting.com\/wp-content\/uploads\/2025\/01\/1.-Optimizacion-300x225.png 300w, https:\/\/keyboostconsulting.com\/wp-content\/uploads\/2025\/01\/1.-Optimizacion-768x576.png 768w, https:\/\/keyboostconsulting.com\/wp-content\/uploads\/2025\/01\/1.-Optimizacion.png 1200w\" sizes=\"auto, (max-width: 1024px) 100vw, 1024px\" \/><\/figure>\n\n\n\n<h5 class=\"wp-block-heading has-text-align-center mt-2 mb-1\">Estrategia de crecimiento<\/h5>\n\n\n\n<p><\/p>\n\n\n\n<p class=\"has-text-align-center has-noto-sans-font-family has-custom-font has-custom-lineheight\" style=\"font-family:Noto Sans;line-height:1.6\">Dise\u00f1amos planes de crecimiento adaptados a tu negocio. Desde la expansi\u00f3n f\u00edsica en el mercado nacional y nuevos mercados, te ayudamos a alcanzar tus objetivos con un enfoque sostenible y estrat\u00e9gico.<\/p>\n\n\n\n<div class=\"wp-block-buttons is-content-justification-center is-layout-flex wp-container-core-buttons-is-layout-16018d1d wp-block-buttons-is-layout-flex\">\n<div class=\"wp-block-button\"><a class=\"wp-block-button__link has-text-align-center wp-element-button\" href=\"https:\/\/keyboostconsulting.com\/es\/otimizacao-financeira-e-operacional\/\" target=\"_blank\" rel=\"noreferrer noopener\">Saber m\u00e1s<\/a><\/div>\n<\/div>\n<\/div>\n\n\n\n<div class=\"wp-block-column is-layout-flow wp-block-column-is-layout-flow\" style=\"padding-right:0;padding-left:0\">\n<figure class=\"wp-block-image size-full\"><img loading=\"lazy\" decoding=\"async\" width=\"800\" height=\"600\" src=\"https:\/\/keyboostconsulting.com\/wp-content\/uploads\/2025\/01\/2.-Estrategia-de-crecimiento-limpia.jpg\" alt=\"\" class=\"wp-image-206\" style=\"aspect-ratio:1;object-fit:cover\" srcset=\"https:\/\/keyboostconsulting.com\/wp-content\/uploads\/2025\/01\/2.-Estrategia-de-crecimiento-limpia.jpg 800w, https:\/\/keyboostconsulting.com\/wp-content\/uploads\/2025\/01\/2.-Estrategia-de-crecimiento-limpia-300x225.jpg 300w, https:\/\/keyboostconsulting.com\/wp-content\/uploads\/2025\/01\/2.-Estrategia-de-crecimiento-limpia-768x576.jpg 768w, https:\/\/keyboostconsulting.com\/wp-content\/uploads\/2025\/01\/2.-Estrategia-de-crecimiento-limpia-600x450.jpg 600w\" sizes=\"auto, (max-width: 800px) 100vw, 800px\" \/><\/figure>\n\n\n\n<h5 class=\"wp-block-heading has-text-align-center mt-2 mb-1\">Assessoria jur\u00eddica<\/h5>\n\n\n\n<p class=\"has-text-align-center has-noto-sans-font-family has-custom-font has-custom-lineheight\" style=\"font-family:Noto Sans;line-height:1.6\">Conte com o apoio de advogados especializados em Portugal para garantir a seguran\u00e7a legal do seu projeto: desde a inscri\u00e7\u00e3o de colaboradores na Seguran\u00e7a Social at\u00e9 \u00e0 elabora\u00e7\u00e3o de contratos e \u00e0 gest\u00e3o das licen\u00e7as necess\u00e1rias para abrir o seu estabelecimento com total tranquilidade.<\/p>\n\n\n\n<div class=\"wp-block-buttons is-content-justification-center is-layout-flex wp-container-core-buttons-is-layout-16018d1d wp-block-buttons-is-layout-flex\">\n<div class=\"wp-block-button\"><a class=\"wp-block-button__link wp-element-button\" href=\"https:\/\/keyboostconsulting.com\/es\/estrategia-de-crecimiento\/\" target=\"_blank\" rel=\"noreferrer noopener\">Saber m\u00e1s<\/a><\/div>\n<\/div>\n<\/div>\n\n\n\n<div class=\"wp-block-column is-layout-flow wp-block-column-is-layout-flow\" style=\"padding-right:0;padding-left:0\">\n<figure class=\"wp-block-image size-large\"><img loading=\"lazy\" decoding=\"async\" width=\"1024\" height=\"768\" src=\"https:\/\/keyboostconsulting.com\/wp-content\/uploads\/2025\/01\/3.-Posicionamiento-digital-limpia-1024x768.png\" alt=\"\" class=\"wp-image-208\" style=\"aspect-ratio:1;object-fit:cover\" srcset=\"https:\/\/keyboostconsulting.com\/wp-content\/uploads\/2025\/01\/3.-Posicionamiento-digital-limpia-1024x768.png 1024w, https:\/\/keyboostconsulting.com\/wp-content\/uploads\/2025\/01\/3.-Posicionamiento-digital-limpia-300x225.png 300w, https:\/\/keyboostconsulting.com\/wp-content\/uploads\/2025\/01\/3.-Posicionamiento-digital-limpia-768x576.png 768w, https:\/\/keyboostconsulting.com\/wp-content\/uploads\/2025\/01\/3.-Posicionamiento-digital-limpia-600x450.png 600w, https:\/\/keyboostconsulting.com\/wp-content\/uploads\/2025\/01\/3.-Posicionamiento-digital-limpia.png 1200w\" sizes=\"auto, (max-width: 1024px) 100vw, 1024px\" \/><\/figure>\n\n\n\n<h5 class=\"wp-block-heading has-text-align-center mt-2 mb-1\">Posicionamiento digital<\/h5>\n\n\n\n<p class=\"has-text-align-center has-noto-sans-font-family has-custom-font has-custom-lineheight\" style=\"font-family:Noto Sans;line-height:1.6\">Queremos aumentar tu visibilidad online y conectarte con tu p\u00fablico. Creamos estrategias de marketing adaptadas a tu negocio. Llegaremos a tus clientes a trav\u00e9s de campa\u00f1as de pago geolocalizadas, SEO y redes sociales.<\/p>\n\n\n\n<div class=\"wp-block-buttons is-content-justification-center is-layout-flex wp-container-core-buttons-is-layout-16018d1d wp-block-buttons-is-layout-flex\">\n<div class=\"wp-block-button\"><a class=\"wp-block-button__link wp-element-button\" href=\"https:\/\/keyboostconsulting.com\/es\/posicionamento-digital\/\">Saber m\u00e1s<\/a><\/div>\n<\/div>\n<\/div>\n<\/div>\n<\/div><\/div>\n\n\n\n<div class=\"wp-block-group alignwide mt-0\"><div class=\"wp-block-group__inner-container is-layout-flow wp-block-group-is-layout-flow\">\n<div class=\"wp-block-columns is-layout-flex wp-container-core-columns-is-layout-9d6595d7 wp-block-columns-is-layout-flex\">\n<div class=\"wp-block-column is-layout-flow wp-block-column-is-layout-flow\" style=\"padding-right:0;padding-left:0\"><div class=\"wp-block-image\">\n<figure class=\"aligncenter size-large is-resized\"><img loading=\"lazy\" decoding=\"async\" width=\"1024\" height=\"768\" src=\"https:\/\/keyboostconsulting.com\/wp-content\/uploads\/2025\/01\/4.-Asesoria-de-franquicias-limpia-1024x768.png\" alt=\"\" class=\"wp-image-211\" style=\"aspect-ratio:1;object-fit:cover;width:388px;height:auto\" srcset=\"https:\/\/keyboostconsulting.com\/wp-content\/uploads\/2025\/01\/4.-Asesoria-de-franquicias-limpia-1024x768.png 1024w, https:\/\/keyboostconsulting.com\/wp-content\/uploads\/2025\/01\/4.-Asesoria-de-franquicias-limpia-300x225.png 300w, https:\/\/keyboostconsulting.com\/wp-content\/uploads\/2025\/01\/4.-Asesoria-de-franquicias-limpia-768x576.png 768w, https:\/\/keyboostconsulting.com\/wp-content\/uploads\/2025\/01\/4.-Asesoria-de-franquicias-limpia-600x450.png 600w, https:\/\/keyboostconsulting.com\/wp-content\/uploads\/2025\/01\/4.-Asesoria-de-franquicias-limpia.png 1200w\" sizes=\"auto, (max-width: 1024px) 100vw, 1024px\" \/><\/figure><\/div>\n\n\n<h5 class=\"wp-block-heading has-text-align-center mt-2 mb-1\">Contabilidade<\/h5>\n\n\n\n<p><\/p>\n\n\n\n<p class=\"has-text-align-center has-noto-sans-font-family has-custom-font has-custom-lineheight\" style=\"font-family:Noto Sans;line-height:1.6\">Acompanhamos todos os aspetos contabil\u00edsticos e fiscais em Portugal, garantindo o cumprimento da legisla\u00e7\u00e3o e adaptando cada gest\u00e3o \u00e0s necessidades da sua empresa em expans\u00e3o.<\/p>\n\n\n\n<div class=\"wp-block-buttons is-content-justification-center is-layout-flex wp-container-core-buttons-is-layout-16018d1d wp-block-buttons-is-layout-flex\">\n<div class=\"wp-block-button\"><a class=\"wp-block-button__link wp-element-button\" href=\"https:\/\/keyboostconsulting.com\/es\/assessoria-de-franquias\/\" target=\"_blank\" rel=\"noreferrer noopener\">Saber m\u00e1s<\/a><\/div>\n<\/div>\n<\/div>\n\n\n\n<div class=\"wp-block-column is-layout-flow wp-block-column-is-layout-flow\" style=\"padding-right:0;padding-left:0\"><div class=\"wp-block-image\">\n<figure class=\"aligncenter size-full is-resized\"><img loading=\"lazy\" decoding=\"async\" width=\"1200\" height=\"900\" src=\"https:\/\/keyboostconsulting.com\/wp-content\/uploads\/2025\/01\/escalera.png\" alt=\"\" class=\"wp-image-408\" style=\"aspect-ratio:1;object-fit:cover;width:388px;height:auto\" srcset=\"https:\/\/keyboostconsulting.com\/wp-content\/uploads\/2025\/01\/escalera.png 1200w, https:\/\/keyboostconsulting.com\/wp-content\/uploads\/2025\/01\/escalera-300x225.png 300w, https:\/\/keyboostconsulting.com\/wp-content\/uploads\/2025\/01\/escalera-1024x768.png 1024w, https:\/\/keyboostconsulting.com\/wp-content\/uploads\/2025\/01\/escalera-768x576.png 768w, https:\/\/keyboostconsulting.com\/wp-content\/uploads\/2025\/01\/escalera-16x12.png 16w, https:\/\/keyboostconsulting.com\/wp-content\/uploads\/2025\/01\/escalera-600x450.png 600w\" sizes=\"auto, (max-width: 1200px) 100vw, 1200px\" \/><\/figure><\/div>\n\n\n<h5 class=\"wp-block-heading has-text-align-center mt-2 mb-1\">Engenharia e constru\u00e7\u00e3o<\/h5>\n\n\n\n<p><\/p>\n\n\n\n<p class=\"has-text-align-center has-noto-sans-font-family has-custom-font has-custom-lineheight\" style=\"font-family:Noto Sans;line-height:1.6\">Colocamos \u00e0 sua disposi\u00e7\u00e3o engenharias e construtoras de confian\u00e7a em Portugal, assegurando projetos t\u00e9cnicos em conformidade com a lei, coordena\u00e7\u00e3o com as autoridades e execu\u00e7\u00e3o de obras com m\u00e1xima fiabilidade.<\/p>\n\n\n\n<div class=\"wp-block-buttons is-content-justification-center is-layout-flex wp-container-core-buttons-is-layout-16018d1d wp-block-buttons-is-layout-flex\">\n<div class=\"wp-block-button\"><a class=\"wp-block-button__link wp-element-button\" href=\"https:\/\/keyboostconsulting.com\/es\/tornese-franquia\/\" target=\"_blank\" rel=\"noreferrer noopener\">Saber m\u00e1s<\/a><\/div>\n<\/div>\n<\/div>\n<\/div>\n<\/div><\/div>\n\n\n\n<div class=\"wp-block-columns is-layout-flex wp-container-core-columns-is-layout-9d6595d7 wp-block-columns-is-layout-flex\">\n<div class=\"wp-block-column is-layout-flow wp-block-column-is-layout-flow\"><\/div>\n\n\n\n<div class=\"wp-block-column is-layout-flow wp-block-column-is-layout-flow\"><\/div>\n<\/div>\n\n\n\n<p><\/p>","protected":false},"excerpt":{"rendered":"<p>Estrat\u00e9gia de crescimento Desenhamos planos de crescimento adaptados ao seu neg\u00f3cio. Desde a expans\u00e3o f\u00edsica no mercado nacional e em novos mercados, ajudamo-lo a alcan\u00e7ar os seus objetivos com uma abordagem sustent\u00e1vel e estrat\u00e9gica. Assessoria jur\u00eddica Conte com o apoio de advogados especializados em Portugal para garantir a seguran\u00e7a legal do seu projeto: desde a [&hellip;]<\/p>\n","protected":false},"author":1,"featured_media":0,"parent":0,"menu_order":0,"comment_status":"closed","ping_status":"closed","template":"","meta":{"_coblocks_attr":"Noto Sans,Noto Sans","_coblocks_dimensions":"","_coblocks_responsive_height":"","_coblocks_accordion_ie_support":"","hide_page_title":"disabled","footnotes":""},"class_list":["post-41","page","type-page","status-publish","hentry"],"yoast_head":"<!-- This site is optimized with the Yoast SEO plugin v27.4 - https:\/\/yoast.com\/product\/yoast-seo-wordpress\/ -->\n<title>Servi\u00e7os - KEYBOOST CONSULTING<\/title>\n<meta name=\"description\" content=\"Otimiza\u00e7\u00e3o financeira e operacional \/ Estrat\u00e9gia de crescimento \/ Posicionamento digital \/ Assesoria de franquias \/ Torna-se uma franquia\" \/>\n<meta name=\"robots\" content=\"index, follow, max-snippet:-1, max-image-preview:large, max-video-preview:-1\" \/>\n<link rel=\"canonical\" href=\"https:\/\/keyboostconsulting.com\/es\/services-page\/\" \/>\n<meta property=\"og:locale\" content=\"es_ES\" \/>\n<meta property=\"og:type\" content=\"article\" \/>\n<meta property=\"og:title\" content=\"Servi\u00e7os - KEYBOOST CONSULTING\" \/>\n<meta property=\"og:description\" content=\"Otimiza\u00e7\u00e3o financeira e operacional \/ Estrat\u00e9gia de crescimento \/ Posicionamento digital \/ Assesoria de franquias \/ Torna-se uma franquia\" \/>\n<meta property=\"og:url\" content=\"https:\/\/keyboostconsulting.com\/es\/services-page\/\" \/>\n<meta property=\"og:site_name\" content=\"KEYBOOST CONSULTING\" \/>\n<meta property=\"article:modified_time\" content=\"2025-09-26T11:25:48+00:00\" \/>\n<meta property=\"og:image\" content=\"https:\/\/keyboostconsulting.com\/wp-content\/uploads\/2025\/01\/1.-Optimizacion-1024x768.png\" \/>\n<meta name=\"twitter:card\" content=\"summary_large_image\" \/>\n<meta name=\"twitter:label1\" content=\"Tiempo de lectura\" \/>\n\t<meta name=\"twitter:data1\" content=\"3 minutos\" \/>\n<script type=\"application\/ld+json\" class=\"yoast-schema-graph\">{\"@context\":\"https:\\\/\\\/schema.org\",\"@graph\":[{\"@type\":\"WebPage\",\"@id\":\"https:\\\/\\\/keyboostconsulting.com\\\/pt\\\/services-page\\\/\",\"url\":\"https:\\\/\\\/keyboostconsulting.com\\\/pt\\\/services-page\\\/\",\"name\":\"Servi\u00e7os - KEYBOOST CONSULTING\",\"isPartOf\":{\"@id\":\"https:\\\/\\\/keyboostconsulting.com\\\/es\\\/#website\"},\"primaryImageOfPage\":{\"@id\":\"https:\\\/\\\/keyboostconsulting.com\\\/pt\\\/services-page\\\/#primaryimage\"},\"image\":{\"@id\":\"https:\\\/\\\/keyboostconsulting.com\\\/pt\\\/services-page\\\/#primaryimage\"},\"thumbnailUrl\":\"https:\\\/\\\/keyboostconsulting.com\\\/wp-content\\\/uploads\\\/2025\\\/01\\\/1.-Optimizacion-1024x768.png\",\"datePublished\":\"2024-12-21T16:48:50+00:00\",\"dateModified\":\"2025-09-26T11:25:48+00:00\",\"description\":\"Otimiza\u00e7\u00e3o financeira e operacional \\\/ Estrat\u00e9gia de crescimento \\\/ Posicionamento digital \\\/ Assesoria de franquias \\\/ Torna-se uma franquia\",\"breadcrumb\":{\"@id\":\"https:\\\/\\\/keyboostconsulting.com\\\/pt\\\/services-page\\\/#breadcrumb\"},\"inLanguage\":\"es\",\"potentialAction\":[{\"@type\":\"ReadAction\",\"target\":[\"https:\\\/\\\/keyboostconsulting.com\\\/pt\\\/services-page\\\/\"]}]},{\"@type\":\"ImageObject\",\"inLanguage\":\"es\",\"@id\":\"https:\\\/\\\/keyboostconsulting.com\\\/pt\\\/services-page\\\/#primaryimage\",\"url\":\"https:\\\/\\\/keyboostconsulting.com\\\/wp-content\\\/uploads\\\/2025\\\/01\\\/1.-Optimizacion-1024x768.png\",\"contentUrl\":\"https:\\\/\\\/keyboostconsulting.com\\\/wp-content\\\/uploads\\\/2025\\\/01\\\/1.-Optimizacion-1024x768.png\"},{\"@type\":\"BreadcrumbList\",\"@id\":\"https:\\\/\\\/keyboostconsulting.com\\\/pt\\\/services-page\\\/#breadcrumb\",\"itemListElement\":[{\"@type\":\"ListItem\",\"position\":1,\"name\":\"Home\",\"item\":\"https:\\\/\\\/keyboostconsulting.com\\\/es\\\/\"},{\"@type\":\"ListItem\",\"position\":2,\"name\":\"Servi\u00e7os\"}]},{\"@type\":\"WebSite\",\"@id\":\"https:\\\/\\\/keyboostconsulting.com\\\/es\\\/#website\",\"url\":\"https:\\\/\\\/keyboostconsulting.com\\\/es\\\/\",\"name\":\"KEYBOOST CONSULTING\",\"description\":\"SOLU\u00c7\u00d5ES POR MEDIDA PARA A SUA EMPRESA\",\"potentialAction\":[{\"@type\":\"SearchAction\",\"target\":{\"@type\":\"EntryPoint\",\"urlTemplate\":\"https:\\\/\\\/keyboostconsulting.com\\\/es\\\/?s={search_term_string}\"},\"query-input\":{\"@type\":\"PropertyValueSpecification\",\"valueRequired\":true,\"valueName\":\"search_term_string\"}}],\"inLanguage\":\"es\"}]}<\/script>\n<!-- \/ Yoast SEO plugin. -->","yoast_head_json":{"title":"Servi\u00e7os - KEYBOOST CONSULTING","description":"Otimiza\u00e7\u00e3o financeira e operacional \/ Estrat\u00e9gia de crescimento \/ Posicionamento digital \/ Assesoria de franquias \/ Torna-se uma franquia","robots":{"index":"index","follow":"follow","max-snippet":"max-snippet:-1","max-image-preview":"max-image-preview:large","max-video-preview":"max-video-preview:-1"},"canonical":"https:\/\/keyboostconsulting.com\/es\/services-page\/","og_locale":"es_ES","og_type":"article","og_title":"Servi\u00e7os - KEYBOOST CONSULTING","og_description":"Otimiza\u00e7\u00e3o financeira e operacional \/ Estrat\u00e9gia de crescimento \/ Posicionamento digital \/ Assesoria de franquias \/ Torna-se uma franquia","og_url":"https:\/\/keyboostconsulting.com\/es\/services-page\/","og_site_name":"KEYBOOST CONSULTING","article_modified_time":"2025-09-26T11:25:48+00:00","og_image":[{"url":"https:\/\/keyboostconsulting.com\/wp-content\/uploads\/2025\/01\/1.-Optimizacion-1024x768.png","type":"","width":"","height":""}],"twitter_card":"summary_large_image","twitter_misc":{"Tiempo de lectura":"3 minutos"},"schema":{"@context":"https:\/\/schema.org","@graph":[{"@type":"WebPage","@id":"https:\/\/keyboostconsulting.com\/pt\/services-page\/","url":"https:\/\/keyboostconsulting.com\/pt\/services-page\/","name":"Servi\u00e7os - KEYBOOST CONSULTING","isPartOf":{"@id":"https:\/\/keyboostconsulting.com\/es\/#website"},"primaryImageOfPage":{"@id":"https:\/\/keyboostconsulting.com\/pt\/services-page\/#primaryimage"},"image":{"@id":"https:\/\/keyboostconsulting.com\/pt\/services-page\/#primaryimage"},"thumbnailUrl":"https:\/\/keyboostconsulting.com\/wp-content\/uploads\/2025\/01\/1.-Optimizacion-1024x768.png","datePublished":"2024-12-21T16:48:50+00:00","dateModified":"2025-09-26T11:25:48+00:00","description":"Otimiza\u00e7\u00e3o financeira e operacional \/ Estrat\u00e9gia de crescimento \/ Posicionamento digital \/ Assesoria de franquias \/ Torna-se uma franquia","breadcrumb":{"@id":"https:\/\/keyboostconsulting.com\/pt\/services-page\/#breadcrumb"},"inLanguage":"es","potentialAction":[{"@type":"ReadAction","target":["https:\/\/keyboostconsulting.com\/pt\/services-page\/"]}]},{"@type":"ImageObject","inLanguage":"es","@id":"https:\/\/keyboostconsulting.com\/pt\/services-page\/#primaryimage","url":"https:\/\/keyboostconsulting.com\/wp-content\/uploads\/2025\/01\/1.-Optimizacion-1024x768.png","contentUrl":"https:\/\/keyboostconsulting.com\/wp-content\/uploads\/2025\/01\/1.-Optimizacion-1024x768.png"},{"@type":"BreadcrumbList","@id":"https:\/\/keyboostconsulting.com\/pt\/services-page\/#breadcrumb","itemListElement":[{"@type":"ListItem","position":1,"name":"Home","item":"https:\/\/keyboostconsulting.com\/es\/"},{"@type":"ListItem","position":2,"name":"Servi\u00e7os"}]},{"@type":"WebSite","@id":"https:\/\/keyboostconsulting.com\/es\/#website","url":"https:\/\/keyboostconsulting.com\/es\/","name":"KEYBOOST CONSULTING","description":"SOLU\u00c7\u00d5ES POR MEDIDA PARA A SUA EMPRESA","potentialAction":[{"@type":"SearchAction","target":{"@type":"EntryPoint","urlTemplate":"https:\/\/keyboostconsulting.com\/es\/?s={search_term_string}"},"query-input":{"@type":"PropertyValueSpecification","valueRequired":true,"valueName":"search_term_string"}}],"inLanguage":"es"}]}},"_links":{"self":[{"href":"https:\/\/keyboostconsulting.com\/es\/wp-json\/wp\/v2\/pages\/41","targetHints":{"allow":["GET"]}}],"collection":[{"href":"https:\/\/keyboostconsulting.com\/es\/wp-json\/wp\/v2\/pages"}],"about":[{"href":"https:\/\/keyboostconsulting.com\/es\/wp-json\/wp\/v2\/types\/page"}],"author":[{"embeddable":true,"href":"https:\/\/keyboostconsulting.com\/es\/wp-json\/wp\/v2\/users\/1"}],"replies":[{"embeddable":true,"href":"https:\/\/keyboostconsulting.com\/es\/wp-json\/wp\/v2\/comments?post=41"}],"version-history":[{"count":37,"href":"https:\/\/keyboostconsulting.com\/es\/wp-json\/wp\/v2\/pages\/41\/revisions"}],"predecessor-version":[{"id":507,"href":"https:\/\/keyboostconsulting.com\/es\/wp-json\/wp\/v2\/pages\/41\/revisions\/507"}],"wp:attachment":[{"href":"https:\/\/keyboostconsulting.com\/es\/wp-json\/wp\/v2\/media?parent=41"}],"curies":[{"name":"wp","href":"https:\/\/api.w.org\/{rel}","templated":true}]}}