{"id":413,"date":"2025-01-17T12:48:46","date_gmt":"2025-01-17T12:48:46","guid":{"rendered":"https:\/\/keyboostconsulting.com\/?page_id=413"},"modified":"2025-03-26T11:16:50","modified_gmt":"2025-03-26T11:16:50","slug":"posicionamento-digital","status":"publish","type":"page","link":"https:\/\/keyboostconsulting.com\/es\/posicionamento-digital\/","title":{"rendered":"Posicionamento Digital"},"content":{"rendered":"<h3 class=\"wp-block-heading has-text-align-center has-noto-sans-font-family has-custom-font\" style=\"font-family:Noto Sans\"><strong><strong><strong>Posicionamento Digital<\/strong><\/strong><\/strong><\/h3>\n\n\n\n<figure class=\"wp-block-image size-full\"><img loading=\"lazy\" decoding=\"async\" width=\"1200\" height=\"900\" src=\"https:\/\/keyboostconsulting.com\/wp-content\/uploads\/2025\/01\/3.-Posicionamiento-digital-limpia.png\" alt=\"Digital Positioning\" class=\"wp-image-208\" srcset=\"https:\/\/keyboostconsulting.com\/wp-content\/uploads\/2025\/01\/3.-Posicionamiento-digital-limpia.png 1200w, https:\/\/keyboostconsulting.com\/wp-content\/uploads\/2025\/01\/3.-Posicionamiento-digital-limpia-300x225.png 300w, https:\/\/keyboostconsulting.com\/wp-content\/uploads\/2025\/01\/3.-Posicionamiento-digital-limpia-1024x768.png 1024w, https:\/\/keyboostconsulting.com\/wp-content\/uploads\/2025\/01\/3.-Posicionamiento-digital-limpia-768x576.png 768w, https:\/\/keyboostconsulting.com\/wp-content\/uploads\/2025\/01\/3.-Posicionamiento-digital-limpia-600x450.png 600w\" sizes=\"auto, (max-width: 1200px) 100vw, 1200px\" \/><\/figure>\n\n\n\n<p class=\"has-noto-sans-font-family has-custom-font\" style=\"font-family:Noto Sans\">Na <strong>Keyboost<\/strong>, iremos ajud\u00e1-lo a destacar no mundo digital, conectando o seu neg\u00f3cio com o p\u00fablico certo no momento ideal. Desenvolvemos estrat\u00e9gias de marketing adaptadas \u00e0s suas necessidades, garantindo que a sua presen\u00e7a online seja eficaz e relevante. Os nossos servi\u00e7os incluem:<\/p>\n\n\n\n<ul style=\"font-family:Noto Sans\" class=\"wp-block-list has-noto-sans-font-family has-custom-font\">\n<li><strong>Campanhas geolocalizadas na Meta:<\/strong> An\u00fancios direcionados a audi\u00eancias espec\u00edficas, com base em localiza\u00e7\u00e3o, interesses e comportamentos, maximizando o alcance e a efic\u00e1cia.<\/li>\n\n\n\n<li><strong>Campanhas Google Ads: <\/strong>Criamos campanhas pagas com palavras-chave e segmenta\u00e7\u00e3o geolocalizada, otimizando an\u00fancios de texto, display e pesquisa para alcan\u00e7ar o p\u00fablico relevante de forma eficaz.<\/li>\n\n\n\n<li><strong>Campanhas de delivery nos principais agregadores:<\/strong> Criamos estrat\u00e9gias pagas para aumentar a visibilidade do seu neg\u00f3cio em plataformas como Uber Eats, Glovo e Bolt, destacando-o nas se\u00e7\u00f5es recomendadas e promo\u00e7\u00f5es.<\/li>\n<\/ul>\n\n\n\n<p class=\"has-noto-sans-font-family has-custom-font\" style=\"font-family:Noto Sans\">O nosso objetivo \u00e9 aumentar a sua visibilidade, melhorar a sua reputa\u00e7\u00e3o online e gerar resultados mensur\u00e1veis que impulsionem o crescimento do seu neg\u00f3cio.<\/p>","protected":false},"excerpt":{"rendered":"<p>Posicionamento Digital Na Keyboost, iremos ajud\u00e1-lo a destacar no mundo digital, conectando o seu neg\u00f3cio com o p\u00fablico certo no momento ideal. Desenvolvemos estrat\u00e9gias de marketing adaptadas \u00e0s suas necessidades, garantindo que a sua presen\u00e7a online seja eficaz e relevante. Os nossos servi\u00e7os incluem: O nosso objetivo \u00e9 aumentar a sua visibilidade, melhorar a sua [&hellip;]<\/p>\n","protected":false},"author":1,"featured_media":0,"parent":0,"menu_order":0,"comment_status":"closed","ping_status":"closed","template":"","meta":{"_coblocks_attr":"Noto Sans,Noto Sans","_coblocks_dimensions":"","_coblocks_responsive_height":"","_coblocks_accordion_ie_support":"","hide_page_title":"","footnotes":""},"class_list":["post-413","page","type-page","status-publish","hentry"],"yoast_head":"<!-- This site is optimized with the Yoast SEO plugin v27.4 - https:\/\/yoast.com\/product\/yoast-seo-wordpress\/ -->\n<title>Posicionamento Digital - KEYBOOST CONSULTING<\/title>\n<meta name=\"description\" content=\"Queremos aumentar a sua visibilidade online e conect\u00e1-lo com o seu p\u00fablico. Campanhas de pagamento geolocalizadas, SEO e redes sociais.\" \/>\n<meta name=\"robots\" content=\"index, follow, max-snippet:-1, max-image-preview:large, max-video-preview:-1\" \/>\n<link rel=\"canonical\" href=\"https:\/\/keyboostconsulting.com\/es\/posicionamento-digital\/\" \/>\n<meta property=\"og:locale\" content=\"es_ES\" \/>\n<meta property=\"og:type\" content=\"article\" \/>\n<meta property=\"og:title\" content=\"Posicionamento Digital - KEYBOOST CONSULTING\" \/>\n<meta property=\"og:description\" content=\"Queremos aumentar a sua visibilidade online e conect\u00e1-lo com o seu p\u00fablico. Campanhas de pagamento geolocalizadas, SEO e redes sociais.\" \/>\n<meta property=\"og:url\" content=\"https:\/\/keyboostconsulting.com\/es\/posicionamento-digital\/\" \/>\n<meta property=\"og:site_name\" content=\"KEYBOOST CONSULTING\" \/>\n<meta property=\"article:modified_time\" content=\"2025-03-26T11:16:50+00:00\" \/>\n<meta property=\"og:image\" content=\"https:\/\/keyboostconsulting.com\/wp-content\/uploads\/2025\/01\/3.-Posicionamiento-digital-limpia.png\" \/>\n<meta name=\"twitter:card\" content=\"summary_large_image\" \/>\n<meta name=\"twitter:label1\" content=\"Tiempo de lectura\" \/>\n\t<meta name=\"twitter:data1\" content=\"2 minutos\" \/>\n<script type=\"application\/ld+json\" class=\"yoast-schema-graph\">{\"@context\":\"https:\\\/\\\/schema.org\",\"@graph\":[{\"@type\":\"WebPage\",\"@id\":\"https:\\\/\\\/keyboostconsulting.com\\\/es\\\/posicionamento-digital\\\/\",\"url\":\"https:\\\/\\\/keyboostconsulting.com\\\/es\\\/posicionamento-digital\\\/\",\"name\":\"Posicionamento Digital - KEYBOOST CONSULTING\",\"isPartOf\":{\"@id\":\"https:\\\/\\\/keyboostconsulting.com\\\/es\\\/#website\"},\"primaryImageOfPage\":{\"@id\":\"https:\\\/\\\/keyboostconsulting.com\\\/es\\\/posicionamento-digital\\\/#primaryimage\"},\"image\":{\"@id\":\"https:\\\/\\\/keyboostconsulting.com\\\/es\\\/posicionamento-digital\\\/#primaryimage\"},\"thumbnailUrl\":\"https:\\\/\\\/keyboostconsulting.com\\\/wp-content\\\/uploads\\\/2025\\\/01\\\/3.-Posicionamiento-digital-limpia.png\",\"datePublished\":\"2025-01-17T12:48:46+00:00\",\"dateModified\":\"2025-03-26T11:16:50+00:00\",\"description\":\"Queremos aumentar a sua visibilidade online e conect\u00e1-lo com o seu p\u00fablico. Campanhas de pagamento geolocalizadas, SEO e redes sociais.\",\"breadcrumb\":{\"@id\":\"https:\\\/\\\/keyboostconsulting.com\\\/es\\\/posicionamento-digital\\\/#breadcrumb\"},\"inLanguage\":\"es\",\"potentialAction\":[{\"@type\":\"ReadAction\",\"target\":[\"https:\\\/\\\/keyboostconsulting.com\\\/es\\\/posicionamento-digital\\\/\"]}]},{\"@type\":\"ImageObject\",\"inLanguage\":\"es\",\"@id\":\"https:\\\/\\\/keyboostconsulting.com\\\/es\\\/posicionamento-digital\\\/#primaryimage\",\"url\":\"https:\\\/\\\/keyboostconsulting.com\\\/wp-content\\\/uploads\\\/2025\\\/01\\\/3.-Posicionamiento-digital-limpia.png\",\"contentUrl\":\"https:\\\/\\\/keyboostconsulting.com\\\/wp-content\\\/uploads\\\/2025\\\/01\\\/3.-Posicionamiento-digital-limpia.png\"},{\"@type\":\"BreadcrumbList\",\"@id\":\"https:\\\/\\\/keyboostconsulting.com\\\/es\\\/posicionamento-digital\\\/#breadcrumb\",\"itemListElement\":[{\"@type\":\"ListItem\",\"position\":1,\"name\":\"Home\",\"item\":\"https:\\\/\\\/keyboostconsulting.com\\\/es\\\/\"},{\"@type\":\"ListItem\",\"position\":2,\"name\":\"Posicionamento Digital\"}]},{\"@type\":\"WebSite\",\"@id\":\"https:\\\/\\\/keyboostconsulting.com\\\/es\\\/#website\",\"url\":\"https:\\\/\\\/keyboostconsulting.com\\\/es\\\/\",\"name\":\"KEYBOOST CONSULTING\",\"description\":\"SOLU\u00c7\u00d5ES POR MEDIDA PARA A SUA EMPRESA\",\"potentialAction\":[{\"@type\":\"SearchAction\",\"target\":{\"@type\":\"EntryPoint\",\"urlTemplate\":\"https:\\\/\\\/keyboostconsulting.com\\\/es\\\/?s={search_term_string}\"},\"query-input\":{\"@type\":\"PropertyValueSpecification\",\"valueRequired\":true,\"valueName\":\"search_term_string\"}}],\"inLanguage\":\"es\"}]}<\/script>\n<!-- \/ Yoast SEO plugin. -->","yoast_head_json":{"title":"Posicionamento Digital - KEYBOOST CONSULTING","description":"Queremos aumentar a sua visibilidade online e conect\u00e1-lo com o seu p\u00fablico. Campanhas de pagamento geolocalizadas, SEO e redes sociais.","robots":{"index":"index","follow":"follow","max-snippet":"max-snippet:-1","max-image-preview":"max-image-preview:large","max-video-preview":"max-video-preview:-1"},"canonical":"https:\/\/keyboostconsulting.com\/es\/posicionamento-digital\/","og_locale":"es_ES","og_type":"article","og_title":"Posicionamento Digital - KEYBOOST CONSULTING","og_description":"Queremos aumentar a sua visibilidade online e conect\u00e1-lo com o seu p\u00fablico. Campanhas de pagamento geolocalizadas, SEO e redes sociais.","og_url":"https:\/\/keyboostconsulting.com\/es\/posicionamento-digital\/","og_site_name":"KEYBOOST CONSULTING","article_modified_time":"2025-03-26T11:16:50+00:00","og_image":[{"url":"https:\/\/keyboostconsulting.com\/wp-content\/uploads\/2025\/01\/3.-Posicionamiento-digital-limpia.png","type":"","width":"","height":""}],"twitter_card":"summary_large_image","twitter_misc":{"Tiempo de lectura":"2 minutos"},"schema":{"@context":"https:\/\/schema.org","@graph":[{"@type":"WebPage","@id":"https:\/\/keyboostconsulting.com\/es\/posicionamento-digital\/","url":"https:\/\/keyboostconsulting.com\/es\/posicionamento-digital\/","name":"Posicionamento Digital - KEYBOOST CONSULTING","isPartOf":{"@id":"https:\/\/keyboostconsulting.com\/es\/#website"},"primaryImageOfPage":{"@id":"https:\/\/keyboostconsulting.com\/es\/posicionamento-digital\/#primaryimage"},"image":{"@id":"https:\/\/keyboostconsulting.com\/es\/posicionamento-digital\/#primaryimage"},"thumbnailUrl":"https:\/\/keyboostconsulting.com\/wp-content\/uploads\/2025\/01\/3.-Posicionamiento-digital-limpia.png","datePublished":"2025-01-17T12:48:46+00:00","dateModified":"2025-03-26T11:16:50+00:00","description":"Queremos aumentar a sua visibilidade online e conect\u00e1-lo com o seu p\u00fablico. Campanhas de pagamento geolocalizadas, SEO e redes sociais.","breadcrumb":{"@id":"https:\/\/keyboostconsulting.com\/es\/posicionamento-digital\/#breadcrumb"},"inLanguage":"es","potentialAction":[{"@type":"ReadAction","target":["https:\/\/keyboostconsulting.com\/es\/posicionamento-digital\/"]}]},{"@type":"ImageObject","inLanguage":"es","@id":"https:\/\/keyboostconsulting.com\/es\/posicionamento-digital\/#primaryimage","url":"https:\/\/keyboostconsulting.com\/wp-content\/uploads\/2025\/01\/3.-Posicionamiento-digital-limpia.png","contentUrl":"https:\/\/keyboostconsulting.com\/wp-content\/uploads\/2025\/01\/3.-Posicionamiento-digital-limpia.png"},{"@type":"BreadcrumbList","@id":"https:\/\/keyboostconsulting.com\/es\/posicionamento-digital\/#breadcrumb","itemListElement":[{"@type":"ListItem","position":1,"name":"Home","item":"https:\/\/keyboostconsulting.com\/es\/"},{"@type":"ListItem","position":2,"name":"Posicionamento Digital"}]},{"@type":"WebSite","@id":"https:\/\/keyboostconsulting.com\/es\/#website","url":"https:\/\/keyboostconsulting.com\/es\/","name":"KEYBOOST CONSULTING","description":"SOLU\u00c7\u00d5ES POR MEDIDA PARA A SUA EMPRESA","potentialAction":[{"@type":"SearchAction","target":{"@type":"EntryPoint","urlTemplate":"https:\/\/keyboostconsulting.com\/es\/?s={search_term_string}"},"query-input":{"@type":"PropertyValueSpecification","valueRequired":true,"valueName":"search_term_string"}}],"inLanguage":"es"}]}},"_links":{"self":[{"href":"https:\/\/keyboostconsulting.com\/es\/wp-json\/wp\/v2\/pages\/413","targetHints":{"allow":["GET"]}}],"collection":[{"href":"https:\/\/keyboostconsulting.com\/es\/wp-json\/wp\/v2\/pages"}],"about":[{"href":"https:\/\/keyboostconsulting.com\/es\/wp-json\/wp\/v2\/types\/page"}],"author":[{"embeddable":true,"href":"https:\/\/keyboostconsulting.com\/es\/wp-json\/wp\/v2\/users\/1"}],"replies":[{"embeddable":true,"href":"https:\/\/keyboostconsulting.com\/es\/wp-json\/wp\/v2\/comments?post=413"}],"version-history":[{"count":4,"href":"https:\/\/keyboostconsulting.com\/es\/wp-json\/wp\/v2\/pages\/413\/revisions"}],"predecessor-version":[{"id":464,"href":"https:\/\/keyboostconsulting.com\/es\/wp-json\/wp\/v2\/pages\/413\/revisions\/464"}],"wp:attachment":[{"href":"https:\/\/keyboostconsulting.com\/es\/wp-json\/wp\/v2\/media?parent=413"}],"curies":[{"name":"wp","href":"https:\/\/api.w.org\/{rel}","templated":true}]}}