{"id":520,"date":"2026-04-22T09:07:39","date_gmt":"2026-04-22T09:07:39","guid":{"rendered":"https:\/\/keyboostconsulting.com\/?page_id=520"},"modified":"2026-04-22T09:08:36","modified_gmt":"2026-04-22T09:08:36","slug":"retail-real-estate","status":"publish","type":"page","link":"https:\/\/keyboostconsulting.com\/es\/retail-real-estate\/","title":{"rendered":"Retail Real Estate"},"content":{"rendered":"<h3 class=\"wp-block-heading has-text-align-center has-noto-sans-font-family has-custom-font\" style=\"font-family:Noto Sans\"><strong><strong>Retail Real Estate<\/strong><\/strong><\/h3>\n\n\n\n<figure class=\"wp-block-image size-full\"><img loading=\"lazy\" decoding=\"async\" width=\"2560\" height=\"1491\" src=\"https:\/\/keyboostconsulting.com\/wp-content\/uploads\/2026\/04\/jason-dent-w3eFhqXjkZE-unsplash-scaled.jpg\" alt=\"\" class=\"wp-image-510\" srcset=\"https:\/\/keyboostconsulting.com\/wp-content\/uploads\/2026\/04\/jason-dent-w3eFhqXjkZE-unsplash-scaled.jpg 2560w, https:\/\/keyboostconsulting.com\/wp-content\/uploads\/2026\/04\/jason-dent-w3eFhqXjkZE-unsplash-300x175.jpg 300w, https:\/\/keyboostconsulting.com\/wp-content\/uploads\/2026\/04\/jason-dent-w3eFhqXjkZE-unsplash-1024x596.jpg 1024w, https:\/\/keyboostconsulting.com\/wp-content\/uploads\/2026\/04\/jason-dent-w3eFhqXjkZE-unsplash-768x447.jpg 768w, https:\/\/keyboostconsulting.com\/wp-content\/uploads\/2026\/04\/jason-dent-w3eFhqXjkZE-unsplash-1536x895.jpg 1536w, https:\/\/keyboostconsulting.com\/wp-content\/uploads\/2026\/04\/jason-dent-w3eFhqXjkZE-unsplash-2048x1193.jpg 2048w, https:\/\/keyboostconsulting.com\/wp-content\/uploads\/2026\/04\/jason-dent-w3eFhqXjkZE-unsplash-18x10.jpg 18w\" sizes=\"auto, (max-width: 2560px) 100vw, 2560px\" \/><\/figure>\n\n\n\n<p class=\"has-noto-sans-font-family has-custom-font\" style=\"font-family:Noto Sans\">As melhores localiza\u00e7\u00f5es s\u00e3o a base do sucesso de qualquer marca. Na KEYBOOST, combinamos um profundo conhecimento do mercado imobili\u00e1rio portugu\u00eas com uma vis\u00e3o estrat\u00e9gica orientada para resultados.<\/p>\n\n\n\n<p>Acompanhamos as marcas em todo o processo de expans\u00e3o, desde a defini\u00e7\u00e3o do plano at\u00e9 \u00e0 execu\u00e7\u00e3o no terreno. Identificamos oportunidades em localiza\u00e7\u00f5es premium \u2014 High Street, Centros Comerciais e Retail Parks \u2014 e asseguramos condi\u00e7\u00f5es que maximizam a visibilidade, o tr\u00e1fego e a rentabilidade de cada unidade.<\/p>\n\n\n\n<p class=\"has-noto-sans-font-family has-custom-font\" style=\"font-family:Noto Sans\">Trabalhamos lado a lado contigo para garantir que cada abertura acontece no local certo, no momento certo e com o impacto certo. Porque a tua marca deve estar exatamente onde o teu cliente est\u00e1.<\/p>\n\n\n\n<p class=\"has-noto-sans-font-family has-custom-font\" style=\"font-family:Noto Sans\"><\/p>\n\n\n\n<p><\/p>","protected":false},"excerpt":{"rendered":"<p>Retail Real Estate As melhores localiza\u00e7\u00f5es s\u00e3o a base do sucesso de qualquer marca. Na KEYBOOST, combinamos um profundo conhecimento do mercado imobili\u00e1rio portugu\u00eas com uma vis\u00e3o estrat\u00e9gica orientada para resultados. Acompanhamos as marcas em todo o processo de expans\u00e3o, desde a defini\u00e7\u00e3o do plano at\u00e9 \u00e0 execu\u00e7\u00e3o no terreno. Identificamos oportunidades em localiza\u00e7\u00f5es premium [&hellip;]<\/p>\n","protected":false},"author":1,"featured_media":0,"parent":0,"menu_order":0,"comment_status":"closed","ping_status":"closed","template":"","meta":{"_coblocks_attr":"Noto Sans,Noto Sans","_coblocks_dimensions":"","_coblocks_responsive_height":"","_coblocks_accordion_ie_support":"","hide_page_title":"","footnotes":""},"class_list":["post-520","page","type-page","status-publish","hentry"],"yoast_head":"<!-- This site is optimized with the Yoast SEO plugin v27.4 - https:\/\/yoast.com\/product\/yoast-seo-wordpress\/ -->\n<title>Retail Real Estate - KEYBOOST CONSULTING<\/title>\n<meta name=\"description\" content=\"Planos de crescimento adaptados. Desde a expans\u00e3o f\u00edsica no mercado nacional e em novos mercados, ajudamo-lo a alcan\u00e7ar os seus objetivos.\" \/>\n<meta name=\"robots\" content=\"index, follow, max-snippet:-1, max-image-preview:large, max-video-preview:-1\" \/>\n<link rel=\"canonical\" href=\"https:\/\/keyboostconsulting.com\/es\/retail-real-estate\/\" \/>\n<meta property=\"og:locale\" content=\"es_ES\" \/>\n<meta property=\"og:type\" content=\"article\" \/>\n<meta property=\"og:title\" content=\"Retail Real Estate - KEYBOOST CONSULTING\" \/>\n<meta property=\"og:description\" content=\"Planos de crescimento adaptados. Desde a expans\u00e3o f\u00edsica no mercado nacional e em novos mercados, ajudamo-lo a alcan\u00e7ar os seus objetivos.\" \/>\n<meta property=\"og:url\" content=\"https:\/\/keyboostconsulting.com\/es\/retail-real-estate\/\" \/>\n<meta property=\"og:site_name\" content=\"KEYBOOST CONSULTING\" \/>\n<meta property=\"article:modified_time\" content=\"2026-04-22T09:08:36+00:00\" \/>\n<meta property=\"og:image\" content=\"https:\/\/keyboostconsulting.com\/wp-content\/uploads\/2026\/04\/jason-dent-w3eFhqXjkZE-unsplash-scaled.jpg\" \/>\n\t<meta property=\"og:image:width\" content=\"2560\" \/>\n\t<meta property=\"og:image:height\" content=\"1491\" \/>\n\t<meta property=\"og:image:type\" content=\"image\/jpeg\" \/>\n<meta name=\"twitter:card\" content=\"summary_large_image\" \/>\n<meta name=\"twitter:label1\" content=\"Tiempo de lectura\" \/>\n\t<meta name=\"twitter:data1\" content=\"1 minuto\" \/>\n<script type=\"application\/ld+json\" class=\"yoast-schema-graph\">{\"@context\":\"https:\\\/\\\/schema.org\",\"@graph\":[{\"@type\":\"WebPage\",\"@id\":\"https:\\\/\\\/keyboostconsulting.com\\\/retail-real-estate\\\/\",\"url\":\"https:\\\/\\\/keyboostconsulting.com\\\/retail-real-estate\\\/\",\"name\":\"Retail Real Estate - KEYBOOST CONSULTING\",\"isPartOf\":{\"@id\":\"https:\\\/\\\/keyboostconsulting.com\\\/es\\\/#website\"},\"primaryImageOfPage\":{\"@id\":\"https:\\\/\\\/keyboostconsulting.com\\\/retail-real-estate\\\/#primaryimage\"},\"image\":{\"@id\":\"https:\\\/\\\/keyboostconsulting.com\\\/retail-real-estate\\\/#primaryimage\"},\"thumbnailUrl\":\"https:\\\/\\\/keyboostconsulting.com\\\/wp-content\\\/uploads\\\/2026\\\/04\\\/jason-dent-w3eFhqXjkZE-unsplash-scaled.jpg\",\"datePublished\":\"2026-04-22T09:07:39+00:00\",\"dateModified\":\"2026-04-22T09:08:36+00:00\",\"description\":\"Planos de crescimento adaptados. Desde a expans\u00e3o f\u00edsica no mercado nacional e em novos mercados, ajudamo-lo a alcan\u00e7ar os seus objetivos.\",\"breadcrumb\":{\"@id\":\"https:\\\/\\\/keyboostconsulting.com\\\/retail-real-estate\\\/#breadcrumb\"},\"inLanguage\":\"es\",\"potentialAction\":[{\"@type\":\"ReadAction\",\"target\":[\"https:\\\/\\\/keyboostconsulting.com\\\/retail-real-estate\\\/\"]}]},{\"@type\":\"ImageObject\",\"inLanguage\":\"es\",\"@id\":\"https:\\\/\\\/keyboostconsulting.com\\\/retail-real-estate\\\/#primaryimage\",\"url\":\"https:\\\/\\\/keyboostconsulting.com\\\/wp-content\\\/uploads\\\/2026\\\/04\\\/jason-dent-w3eFhqXjkZE-unsplash-scaled.jpg\",\"contentUrl\":\"https:\\\/\\\/keyboostconsulting.com\\\/wp-content\\\/uploads\\\/2026\\\/04\\\/jason-dent-w3eFhqXjkZE-unsplash-scaled.jpg\"},{\"@type\":\"BreadcrumbList\",\"@id\":\"https:\\\/\\\/keyboostconsulting.com\\\/retail-real-estate\\\/#breadcrumb\",\"itemListElement\":[{\"@type\":\"ListItem\",\"position\":1,\"name\":\"Home\",\"item\":\"https:\\\/\\\/keyboostconsulting.com\\\/\"},{\"@type\":\"ListItem\",\"position\":2,\"name\":\"Retail Real Estate\"}]},{\"@type\":\"WebSite\",\"@id\":\"https:\\\/\\\/keyboostconsulting.com\\\/es\\\/#website\",\"url\":\"https:\\\/\\\/keyboostconsulting.com\\\/es\\\/\",\"name\":\"KEYBOOST CONSULTING\",\"description\":\"SOLU\u00c7\u00d5ES POR MEDIDA PARA A SUA EMPRESA\",\"potentialAction\":[{\"@type\":\"SearchAction\",\"target\":{\"@type\":\"EntryPoint\",\"urlTemplate\":\"https:\\\/\\\/keyboostconsulting.com\\\/es\\\/?s={search_term_string}\"},\"query-input\":{\"@type\":\"PropertyValueSpecification\",\"valueRequired\":true,\"valueName\":\"search_term_string\"}}],\"inLanguage\":\"es\"}]}<\/script>\n<!-- \/ Yoast SEO plugin. -->","yoast_head_json":{"title":"Retail Real Estate - KEYBOOST CONSULTING","description":"Planos de crescimento adaptados. Desde a expans\u00e3o f\u00edsica no mercado nacional e em novos mercados, ajudamo-lo a alcan\u00e7ar os seus objetivos.","robots":{"index":"index","follow":"follow","max-snippet":"max-snippet:-1","max-image-preview":"max-image-preview:large","max-video-preview":"max-video-preview:-1"},"canonical":"https:\/\/keyboostconsulting.com\/es\/retail-real-estate\/","og_locale":"es_ES","og_type":"article","og_title":"Retail Real Estate - KEYBOOST CONSULTING","og_description":"Planos de crescimento adaptados. Desde a expans\u00e3o f\u00edsica no mercado nacional e em novos mercados, ajudamo-lo a alcan\u00e7ar os seus objetivos.","og_url":"https:\/\/keyboostconsulting.com\/es\/retail-real-estate\/","og_site_name":"KEYBOOST CONSULTING","article_modified_time":"2026-04-22T09:08:36+00:00","og_image":[{"width":2560,"height":1491,"url":"https:\/\/keyboostconsulting.com\/wp-content\/uploads\/2026\/04\/jason-dent-w3eFhqXjkZE-unsplash-scaled.jpg","type":"image\/jpeg"}],"twitter_card":"summary_large_image","twitter_misc":{"Tiempo de lectura":"1 minuto"},"schema":{"@context":"https:\/\/schema.org","@graph":[{"@type":"WebPage","@id":"https:\/\/keyboostconsulting.com\/retail-real-estate\/","url":"https:\/\/keyboostconsulting.com\/retail-real-estate\/","name":"Retail Real Estate - KEYBOOST CONSULTING","isPartOf":{"@id":"https:\/\/keyboostconsulting.com\/es\/#website"},"primaryImageOfPage":{"@id":"https:\/\/keyboostconsulting.com\/retail-real-estate\/#primaryimage"},"image":{"@id":"https:\/\/keyboostconsulting.com\/retail-real-estate\/#primaryimage"},"thumbnailUrl":"https:\/\/keyboostconsulting.com\/wp-content\/uploads\/2026\/04\/jason-dent-w3eFhqXjkZE-unsplash-scaled.jpg","datePublished":"2026-04-22T09:07:39+00:00","dateModified":"2026-04-22T09:08:36+00:00","description":"Planos de crescimento adaptados. Desde a expans\u00e3o f\u00edsica no mercado nacional e em novos mercados, ajudamo-lo a alcan\u00e7ar os seus objetivos.","breadcrumb":{"@id":"https:\/\/keyboostconsulting.com\/retail-real-estate\/#breadcrumb"},"inLanguage":"es","potentialAction":[{"@type":"ReadAction","target":["https:\/\/keyboostconsulting.com\/retail-real-estate\/"]}]},{"@type":"ImageObject","inLanguage":"es","@id":"https:\/\/keyboostconsulting.com\/retail-real-estate\/#primaryimage","url":"https:\/\/keyboostconsulting.com\/wp-content\/uploads\/2026\/04\/jason-dent-w3eFhqXjkZE-unsplash-scaled.jpg","contentUrl":"https:\/\/keyboostconsulting.com\/wp-content\/uploads\/2026\/04\/jason-dent-w3eFhqXjkZE-unsplash-scaled.jpg"},{"@type":"BreadcrumbList","@id":"https:\/\/keyboostconsulting.com\/retail-real-estate\/#breadcrumb","itemListElement":[{"@type":"ListItem","position":1,"name":"Home","item":"https:\/\/keyboostconsulting.com\/"},{"@type":"ListItem","position":2,"name":"Retail Real Estate"}]},{"@type":"WebSite","@id":"https:\/\/keyboostconsulting.com\/es\/#website","url":"https:\/\/keyboostconsulting.com\/es\/","name":"KEYBOOST CONSULTING","description":"SOLU\u00c7\u00d5ES POR MEDIDA PARA A SUA EMPRESA","potentialAction":[{"@type":"SearchAction","target":{"@type":"EntryPoint","urlTemplate":"https:\/\/keyboostconsulting.com\/es\/?s={search_term_string}"},"query-input":{"@type":"PropertyValueSpecification","valueRequired":true,"valueName":"search_term_string"}}],"inLanguage":"es"}]}},"_links":{"self":[{"href":"https:\/\/keyboostconsulting.com\/es\/wp-json\/wp\/v2\/pages\/520","targetHints":{"allow":["GET"]}}],"collection":[{"href":"https:\/\/keyboostconsulting.com\/es\/wp-json\/wp\/v2\/pages"}],"about":[{"href":"https:\/\/keyboostconsulting.com\/es\/wp-json\/wp\/v2\/types\/page"}],"author":[{"embeddable":true,"href":"https:\/\/keyboostconsulting.com\/es\/wp-json\/wp\/v2\/users\/1"}],"replies":[{"embeddable":true,"href":"https:\/\/keyboostconsulting.com\/es\/wp-json\/wp\/v2\/comments?post=520"}],"version-history":[{"count":1,"href":"https:\/\/keyboostconsulting.com\/es\/wp-json\/wp\/v2\/pages\/520\/revisions"}],"predecessor-version":[{"id":521,"href":"https:\/\/keyboostconsulting.com\/es\/wp-json\/wp\/v2\/pages\/520\/revisions\/521"}],"wp:attachment":[{"href":"https:\/\/keyboostconsulting.com\/es\/wp-json\/wp\/v2\/media?parent=520"}],"curies":[{"name":"wp","href":"https:\/\/api.w.org\/{rel}","templated":true}]}}