{"id":524,"date":"2026-04-22T09:12:53","date_gmt":"2026-04-22T09:12:53","guid":{"rendered":"https:\/\/keyboostconsulting.com\/?page_id=524"},"modified":"2026-04-22T09:12:55","modified_gmt":"2026-04-22T09:12:55","slug":"captacao-de-leads-b2b","status":"publish","type":"page","link":"https:\/\/keyboostconsulting.com\/es\/captacao-de-leads-b2b\/","title":{"rendered":"Capta\u00e7\u00e3o de Leads B2B"},"content":{"rendered":"<h3 class=\"wp-block-heading has-text-align-center has-noto-sans-font-family has-custom-font\" style=\"font-family:Noto Sans\"><strong><strong>Capta\u00e7\u00e3o de Leads B2B<\/strong><\/strong><\/h3>\n\n\n\n<figure class=\"wp-block-image size-full\"><img loading=\"lazy\" decoding=\"async\" width=\"1200\" height=\"836\" src=\"https:\/\/keyboostconsulting.com\/wp-content\/uploads\/2024\/12\/qtq70fmfjpeg-27.jpg\" alt=\"\" class=\"wp-image-31\" srcset=\"https:\/\/keyboostconsulting.com\/wp-content\/uploads\/2024\/12\/qtq70fmfjpeg-27.jpg 1200w, https:\/\/keyboostconsulting.com\/wp-content\/uploads\/2024\/12\/qtq70fmfjpeg-27-300x209.jpg 300w, https:\/\/keyboostconsulting.com\/wp-content\/uploads\/2024\/12\/qtq70fmfjpeg-27-1024x713.jpg 1024w, https:\/\/keyboostconsulting.com\/wp-content\/uploads\/2024\/12\/qtq70fmfjpeg-27-768x535.jpg 768w\" sizes=\"auto, (max-width: 1200px) 100vw, 1200px\" \/><\/figure>\n\n\n\n<p class=\"has-noto-sans-font-family has-custom-font\" style=\"font-family:Noto Sans\">Representamos a tua marca em Portugal como se fosse nossa. Atuamos como o teu parceiro local, defendendo os teus interesses junto de propriet\u00e1rios, operadores e investidores.<\/p>\n\n\n\n<p>Para al\u00e9m da representa\u00e7\u00e3o, desenvolvemos e executamos estrat\u00e9gias de capta\u00e7\u00e3o de leads altamente segmentadas, com foco em investidores qualificados e operadores com capacidade real de expans\u00e3o.<\/p>\n\n\n\n<p>Tratamos de todo o processo:<\/p>\n\n\n\n<ul class=\"wp-block-list\">\n<li>Planeamento e gest\u00e3o de campanhas de capta\u00e7\u00e3o<\/li>\n\n\n\n<li>Qualifica\u00e7\u00e3o e filtragem rigorosa de candidatos<\/li>\n\n\n\n<li>Organiza\u00e7\u00e3o de reuni\u00f5es estrat\u00e9gicas com potenciais parceiros<\/li>\n\n\n\n<li>Liga\u00e7\u00e3o direta aos principais grupos de restaura\u00e7\u00e3o e operadores do mercado<\/li>\n<\/ul>\n\n\n\n<p class=\"has-noto-sans-font-family has-custom-font\" style=\"font-family:Noto Sans\">O nosso objetivo \u00e9 simples: gerar oportunidades reais e acelerar o crescimento da tua rede em Portugal.<\/p>\n\n\n\n<p class=\"has-noto-sans-font-family has-custom-font\" style=\"font-family:Noto Sans\"><\/p>\n\n\n\n<p><\/p>","protected":false},"excerpt":{"rendered":"<p>Capta\u00e7\u00e3o de Leads B2B Representamos a tua marca em Portugal como se fosse nossa. Atuamos como o teu parceiro local, defendendo os teus interesses junto de propriet\u00e1rios, operadores e investidores. Para al\u00e9m da representa\u00e7\u00e3o, desenvolvemos e executamos estrat\u00e9gias de capta\u00e7\u00e3o de leads altamente segmentadas, com foco em investidores qualificados e operadores com capacidade real de [&hellip;]<\/p>\n","protected":false},"author":1,"featured_media":0,"parent":0,"menu_order":0,"comment_status":"closed","ping_status":"closed","template":"","meta":{"_coblocks_attr":"Noto Sans,Noto Sans","_coblocks_dimensions":"","_coblocks_responsive_height":"","_coblocks_accordion_ie_support":"","hide_page_title":"","footnotes":""},"class_list":["post-524","page","type-page","status-publish","hentry"],"yoast_head":"<!-- This site is optimized with the Yoast SEO plugin v27.4 - https:\/\/yoast.com\/product\/yoast-seo-wordpress\/ -->\n<title>Capta\u00e7\u00e3o de Leads B2B - KEYBOOST CONSULTING<\/title>\n<meta name=\"description\" content=\"Planos de crescimento adaptados. Desde a expans\u00e3o f\u00edsica no mercado nacional e em novos mercados, ajudamo-lo a alcan\u00e7ar os seus objetivos.\" \/>\n<meta name=\"robots\" content=\"index, follow, max-snippet:-1, max-image-preview:large, max-video-preview:-1\" \/>\n<link rel=\"canonical\" href=\"https:\/\/keyboostconsulting.com\/es\/captacao-de-leads-b2b\/\" \/>\n<meta property=\"og:locale\" content=\"es_ES\" \/>\n<meta property=\"og:type\" content=\"article\" \/>\n<meta property=\"og:title\" content=\"Capta\u00e7\u00e3o de Leads B2B - KEYBOOST CONSULTING\" \/>\n<meta property=\"og:description\" content=\"Planos de crescimento adaptados. Desde a expans\u00e3o f\u00edsica no mercado nacional e em novos mercados, ajudamo-lo a alcan\u00e7ar os seus objetivos.\" \/>\n<meta property=\"og:url\" content=\"https:\/\/keyboostconsulting.com\/es\/captacao-de-leads-b2b\/\" \/>\n<meta property=\"og:site_name\" content=\"KEYBOOST CONSULTING\" \/>\n<meta property=\"article:modified_time\" content=\"2026-04-22T09:12:55+00:00\" \/>\n<meta property=\"og:image\" content=\"https:\/\/keyboostconsulting.com\/wp-content\/uploads\/2024\/12\/qtq70fmfjpeg-27.jpg\" \/>\n\t<meta property=\"og:image:width\" content=\"1200\" \/>\n\t<meta property=\"og:image:height\" content=\"836\" \/>\n\t<meta property=\"og:image:type\" content=\"image\/jpeg\" \/>\n<meta name=\"twitter:card\" content=\"summary_large_image\" \/>\n<meta name=\"twitter:label1\" content=\"Tiempo de lectura\" \/>\n\t<meta name=\"twitter:data1\" content=\"1 minuto\" \/>\n<script type=\"application\/ld+json\" class=\"yoast-schema-graph\">{\"@context\":\"https:\\\/\\\/schema.org\",\"@graph\":[{\"@type\":\"WebPage\",\"@id\":\"https:\\\/\\\/keyboostconsulting.com\\\/captacao-de-leads-b2b\\\/\",\"url\":\"https:\\\/\\\/keyboostconsulting.com\\\/captacao-de-leads-b2b\\\/\",\"name\":\"Capta\u00e7\u00e3o de Leads B2B - KEYBOOST CONSULTING\",\"isPartOf\":{\"@id\":\"https:\\\/\\\/keyboostconsulting.com\\\/es\\\/#website\"},\"primaryImageOfPage\":{\"@id\":\"https:\\\/\\\/keyboostconsulting.com\\\/captacao-de-leads-b2b\\\/#primaryimage\"},\"image\":{\"@id\":\"https:\\\/\\\/keyboostconsulting.com\\\/captacao-de-leads-b2b\\\/#primaryimage\"},\"thumbnailUrl\":\"https:\\\/\\\/keyboostconsulting.com\\\/wp-content\\\/uploads\\\/2024\\\/12\\\/qtq70fmfjpeg-27.jpg\",\"datePublished\":\"2026-04-22T09:12:53+00:00\",\"dateModified\":\"2026-04-22T09:12:55+00:00\",\"description\":\"Planos de crescimento adaptados. Desde a expans\u00e3o f\u00edsica no mercado nacional e em novos mercados, ajudamo-lo a alcan\u00e7ar os seus objetivos.\",\"breadcrumb\":{\"@id\":\"https:\\\/\\\/keyboostconsulting.com\\\/captacao-de-leads-b2b\\\/#breadcrumb\"},\"inLanguage\":\"es\",\"potentialAction\":[{\"@type\":\"ReadAction\",\"target\":[\"https:\\\/\\\/keyboostconsulting.com\\\/captacao-de-leads-b2b\\\/\"]}]},{\"@type\":\"ImageObject\",\"inLanguage\":\"es\",\"@id\":\"https:\\\/\\\/keyboostconsulting.com\\\/captacao-de-leads-b2b\\\/#primaryimage\",\"url\":\"https:\\\/\\\/keyboostconsulting.com\\\/wp-content\\\/uploads\\\/2024\\\/12\\\/qtq70fmfjpeg-27.jpg\",\"contentUrl\":\"https:\\\/\\\/keyboostconsulting.com\\\/wp-content\\\/uploads\\\/2024\\\/12\\\/qtq70fmfjpeg-27.jpg\"},{\"@type\":\"BreadcrumbList\",\"@id\":\"https:\\\/\\\/keyboostconsulting.com\\\/captacao-de-leads-b2b\\\/#breadcrumb\",\"itemListElement\":[{\"@type\":\"ListItem\",\"position\":1,\"name\":\"Home\",\"item\":\"https:\\\/\\\/keyboostconsulting.com\\\/\"},{\"@type\":\"ListItem\",\"position\":2,\"name\":\"Capta\u00e7\u00e3o de Leads B2B\"}]},{\"@type\":\"WebSite\",\"@id\":\"https:\\\/\\\/keyboostconsulting.com\\\/es\\\/#website\",\"url\":\"https:\\\/\\\/keyboostconsulting.com\\\/es\\\/\",\"name\":\"KEYBOOST CONSULTING\",\"description\":\"SOLU\u00c7\u00d5ES POR MEDIDA PARA A SUA EMPRESA\",\"potentialAction\":[{\"@type\":\"SearchAction\",\"target\":{\"@type\":\"EntryPoint\",\"urlTemplate\":\"https:\\\/\\\/keyboostconsulting.com\\\/es\\\/?s={search_term_string}\"},\"query-input\":{\"@type\":\"PropertyValueSpecification\",\"valueRequired\":true,\"valueName\":\"search_term_string\"}}],\"inLanguage\":\"es\"}]}<\/script>\n<!-- \/ Yoast SEO plugin. -->","yoast_head_json":{"title":"Capta\u00e7\u00e3o de Leads B2B - KEYBOOST CONSULTING","description":"Planos de crescimento adaptados. Desde a expans\u00e3o f\u00edsica no mercado nacional e em novos mercados, ajudamo-lo a alcan\u00e7ar os seus objetivos.","robots":{"index":"index","follow":"follow","max-snippet":"max-snippet:-1","max-image-preview":"max-image-preview:large","max-video-preview":"max-video-preview:-1"},"canonical":"https:\/\/keyboostconsulting.com\/es\/captacao-de-leads-b2b\/","og_locale":"es_ES","og_type":"article","og_title":"Capta\u00e7\u00e3o de Leads B2B - KEYBOOST CONSULTING","og_description":"Planos de crescimento adaptados. Desde a expans\u00e3o f\u00edsica no mercado nacional e em novos mercados, ajudamo-lo a alcan\u00e7ar os seus objetivos.","og_url":"https:\/\/keyboostconsulting.com\/es\/captacao-de-leads-b2b\/","og_site_name":"KEYBOOST CONSULTING","article_modified_time":"2026-04-22T09:12:55+00:00","og_image":[{"width":1200,"height":836,"url":"https:\/\/keyboostconsulting.com\/wp-content\/uploads\/2024\/12\/qtq70fmfjpeg-27.jpg","type":"image\/jpeg"}],"twitter_card":"summary_large_image","twitter_misc":{"Tiempo de lectura":"1 minuto"},"schema":{"@context":"https:\/\/schema.org","@graph":[{"@type":"WebPage","@id":"https:\/\/keyboostconsulting.com\/captacao-de-leads-b2b\/","url":"https:\/\/keyboostconsulting.com\/captacao-de-leads-b2b\/","name":"Capta\u00e7\u00e3o de Leads B2B - KEYBOOST CONSULTING","isPartOf":{"@id":"https:\/\/keyboostconsulting.com\/es\/#website"},"primaryImageOfPage":{"@id":"https:\/\/keyboostconsulting.com\/captacao-de-leads-b2b\/#primaryimage"},"image":{"@id":"https:\/\/keyboostconsulting.com\/captacao-de-leads-b2b\/#primaryimage"},"thumbnailUrl":"https:\/\/keyboostconsulting.com\/wp-content\/uploads\/2024\/12\/qtq70fmfjpeg-27.jpg","datePublished":"2026-04-22T09:12:53+00:00","dateModified":"2026-04-22T09:12:55+00:00","description":"Planos de crescimento adaptados. Desde a expans\u00e3o f\u00edsica no mercado nacional e em novos mercados, ajudamo-lo a alcan\u00e7ar os seus objetivos.","breadcrumb":{"@id":"https:\/\/keyboostconsulting.com\/captacao-de-leads-b2b\/#breadcrumb"},"inLanguage":"es","potentialAction":[{"@type":"ReadAction","target":["https:\/\/keyboostconsulting.com\/captacao-de-leads-b2b\/"]}]},{"@type":"ImageObject","inLanguage":"es","@id":"https:\/\/keyboostconsulting.com\/captacao-de-leads-b2b\/#primaryimage","url":"https:\/\/keyboostconsulting.com\/wp-content\/uploads\/2024\/12\/qtq70fmfjpeg-27.jpg","contentUrl":"https:\/\/keyboostconsulting.com\/wp-content\/uploads\/2024\/12\/qtq70fmfjpeg-27.jpg"},{"@type":"BreadcrumbList","@id":"https:\/\/keyboostconsulting.com\/captacao-de-leads-b2b\/#breadcrumb","itemListElement":[{"@type":"ListItem","position":1,"name":"Home","item":"https:\/\/keyboostconsulting.com\/"},{"@type":"ListItem","position":2,"name":"Capta\u00e7\u00e3o de Leads B2B"}]},{"@type":"WebSite","@id":"https:\/\/keyboostconsulting.com\/es\/#website","url":"https:\/\/keyboostconsulting.com\/es\/","name":"KEYBOOST CONSULTING","description":"SOLU\u00c7\u00d5ES POR MEDIDA PARA A SUA EMPRESA","potentialAction":[{"@type":"SearchAction","target":{"@type":"EntryPoint","urlTemplate":"https:\/\/keyboostconsulting.com\/es\/?s={search_term_string}"},"query-input":{"@type":"PropertyValueSpecification","valueRequired":true,"valueName":"search_term_string"}}],"inLanguage":"es"}]}},"_links":{"self":[{"href":"https:\/\/keyboostconsulting.com\/es\/wp-json\/wp\/v2\/pages\/524","targetHints":{"allow":["GET"]}}],"collection":[{"href":"https:\/\/keyboostconsulting.com\/es\/wp-json\/wp\/v2\/pages"}],"about":[{"href":"https:\/\/keyboostconsulting.com\/es\/wp-json\/wp\/v2\/types\/page"}],"author":[{"embeddable":true,"href":"https:\/\/keyboostconsulting.com\/es\/wp-json\/wp\/v2\/users\/1"}],"replies":[{"embeddable":true,"href":"https:\/\/keyboostconsulting.com\/es\/wp-json\/wp\/v2\/comments?post=524"}],"version-history":[{"count":1,"href":"https:\/\/keyboostconsulting.com\/es\/wp-json\/wp\/v2\/pages\/524\/revisions"}],"predecessor-version":[{"id":525,"href":"https:\/\/keyboostconsulting.com\/es\/wp-json\/wp\/v2\/pages\/524\/revisions\/525"}],"wp:attachment":[{"href":"https:\/\/keyboostconsulting.com\/es\/wp-json\/wp\/v2\/media?parent=524"}],"curies":[{"name":"wp","href":"https:\/\/api.w.org\/{rel}","templated":true}]}}