{"id":528,"date":"2026-04-22T09:29:25","date_gmt":"2026-04-22T09:29:25","guid":{"rendered":"https:\/\/keyboostconsulting.com\/?page_id=528"},"modified":"2026-04-22T09:36:38","modified_gmt":"2026-04-22T09:36:38","slug":"hub-franquias","status":"publish","type":"page","link":"https:\/\/keyboostconsulting.com\/es\/hub-franquias\/","title":{"rendered":"Hub Franquias"},"content":{"rendered":"<h3 class=\"wp-block-heading has-text-align-center has-noto-sans-font-family has-custom-font\" style=\"font-family:Noto Sans\"><strong><strong>Hub Franquias<\/strong><\/strong><\/h3>\n\n\n\n<figure class=\"wp-block-image size-full\"><img loading=\"lazy\" decoding=\"async\" width=\"2560\" height=\"1707\" src=\"https:\/\/keyboostconsulting.com\/wp-content\/uploads\/2026\/04\/adolfo-felix-4JL_VAgxwcU-unsplash-scaled.jpg\" alt=\"\" class=\"wp-image-511\" srcset=\"https:\/\/keyboostconsulting.com\/wp-content\/uploads\/2026\/04\/adolfo-felix-4JL_VAgxwcU-unsplash-scaled.jpg 2560w, https:\/\/keyboostconsulting.com\/wp-content\/uploads\/2026\/04\/adolfo-felix-4JL_VAgxwcU-unsplash-300x200.jpg 300w, https:\/\/keyboostconsulting.com\/wp-content\/uploads\/2026\/04\/adolfo-felix-4JL_VAgxwcU-unsplash-1024x683.jpg 1024w, https:\/\/keyboostconsulting.com\/wp-content\/uploads\/2026\/04\/adolfo-felix-4JL_VAgxwcU-unsplash-768x512.jpg 768w, https:\/\/keyboostconsulting.com\/wp-content\/uploads\/2026\/04\/adolfo-felix-4JL_VAgxwcU-unsplash-1536x1024.jpg 1536w, https:\/\/keyboostconsulting.com\/wp-content\/uploads\/2026\/04\/adolfo-felix-4JL_VAgxwcU-unsplash-2048x1365.jpg 2048w, https:\/\/keyboostconsulting.com\/wp-content\/uploads\/2026\/04\/adolfo-felix-4JL_VAgxwcU-unsplash-18x12.jpg 18w\" sizes=\"auto, (max-width: 2560px) 100vw, 2560px\" \/><\/figure>\n\n\n\n<p class=\"has-noto-sans-font-family has-custom-font\" style=\"font-family:Noto Sans\">O HubFranquias \u00e9 mais do que um portal \u2014 \u00e9 o principal ponto de encontro entre marcas e investidores em Portugal.<\/p>\n\n\n\n<p>Como criadores e gestores desta plataforma, oferecemos \u00e0s marcas uma visibilidade privilegiada junto de um p\u00fablico altamente qualificado, composto por empreendedores e investidores que procuram ativamente novas oportunidades de neg\u00f3cio.<\/p>\n\n\n\n<p>Ao trabalhar connosco, a tua marca passa a integrar um ecossistema exclusivo onde:<\/p>\n\n\n\n<ul class=\"wp-block-list\">\n<li>Ganha exposi\u00e7\u00e3o cont\u00ednua junto de leads qualificados<\/li>\n\n\n\n<li>Aumenta a notoriedade no mercado portugu\u00eas<\/li>\n\n\n\n<li>Recebe contactos diretos de potenciais investidores<\/li>\n<\/ul>\n\n\n\n<p class=\"has-noto-sans-font-family has-custom-font\" style=\"font-family:Noto Sans\">\u00c9 uma ferramenta estrat\u00e9gica que complementa todo o nosso trabalho de expans\u00e3o e gera\u00e7\u00e3o de oportunidades.<\/p>\n\n\n\n<p class=\"has-noto-sans-font-family has-custom-font\" style=\"font-family:Noto Sans\"><\/p>\n\n\n\n<div class=\"wp-block-buttons is-content-justification-center is-layout-flex wp-container-core-buttons-is-layout-16018d1d wp-block-buttons-is-layout-flex\">\n<div class=\"wp-block-button\"><a class=\"wp-block-button__link wp-element-button\" href=\"http:\/\/hubfranquias.pt\/\"><br><strong>Mais informa\u00e7\u00f5es<\/strong><\/a><\/div>\n<\/div>","protected":false},"excerpt":{"rendered":"<p>Hub Franquias O HubFranquias \u00e9 mais do que um portal \u2014 \u00e9 o principal ponto de encontro entre marcas e investidores em Portugal. Como criadores e gestores desta plataforma, oferecemos \u00e0s marcas uma visibilidade privilegiada junto de um p\u00fablico altamente qualificado, composto por empreendedores e investidores que procuram ativamente novas oportunidades de neg\u00f3cio. Ao trabalhar [&hellip;]<\/p>\n","protected":false},"author":1,"featured_media":0,"parent":0,"menu_order":0,"comment_status":"closed","ping_status":"closed","template":"","meta":{"_coblocks_attr":"Noto Sans,Noto Sans","_coblocks_dimensions":"","_coblocks_responsive_height":"","_coblocks_accordion_ie_support":"","hide_page_title":"","footnotes":""},"class_list":["post-528","page","type-page","status-publish","hentry"],"yoast_head":"<!-- This site is optimized with the Yoast SEO plugin v27.4 - https:\/\/yoast.com\/product\/yoast-seo-wordpress\/ -->\n<title>Hub Franquias - KEYBOOST CONSULTING<\/title>\n<meta name=\"description\" content=\"Planos de crescimento adaptados. Desde a expans\u00e3o f\u00edsica no mercado nacional e em novos mercados, ajudamo-lo a alcan\u00e7ar os seus objetivos.\" \/>\n<meta name=\"robots\" content=\"index, follow, max-snippet:-1, max-image-preview:large, max-video-preview:-1\" \/>\n<link rel=\"canonical\" href=\"https:\/\/keyboostconsulting.com\/es\/hub-franquias\/\" \/>\n<meta property=\"og:locale\" content=\"es_ES\" \/>\n<meta property=\"og:type\" content=\"article\" \/>\n<meta property=\"og:title\" content=\"Hub Franquias - KEYBOOST CONSULTING\" \/>\n<meta property=\"og:description\" content=\"Planos de crescimento adaptados. Desde a expans\u00e3o f\u00edsica no mercado nacional e em novos mercados, ajudamo-lo a alcan\u00e7ar os seus objetivos.\" \/>\n<meta property=\"og:url\" content=\"https:\/\/keyboostconsulting.com\/es\/hub-franquias\/\" \/>\n<meta property=\"og:site_name\" content=\"KEYBOOST CONSULTING\" \/>\n<meta property=\"article:modified_time\" content=\"2026-04-22T09:36:38+00:00\" \/>\n<meta property=\"og:image\" content=\"https:\/\/keyboostconsulting.com\/wp-content\/uploads\/2026\/04\/adolfo-felix-4JL_VAgxwcU-unsplash-scaled.jpg\" \/>\n\t<meta property=\"og:image:width\" content=\"2560\" \/>\n\t<meta property=\"og:image:height\" content=\"1707\" \/>\n\t<meta property=\"og:image:type\" content=\"image\/jpeg\" \/>\n<meta name=\"twitter:card\" content=\"summary_large_image\" \/>\n<meta name=\"twitter:label1\" content=\"Tiempo de lectura\" \/>\n\t<meta name=\"twitter:data1\" content=\"1 minuto\" \/>\n<script type=\"application\/ld+json\" class=\"yoast-schema-graph\">{\"@context\":\"https:\\\/\\\/schema.org\",\"@graph\":[{\"@type\":\"WebPage\",\"@id\":\"https:\\\/\\\/keyboostconsulting.com\\\/hub-franquias\\\/\",\"url\":\"https:\\\/\\\/keyboostconsulting.com\\\/hub-franquias\\\/\",\"name\":\"Hub Franquias - KEYBOOST CONSULTING\",\"isPartOf\":{\"@id\":\"https:\\\/\\\/keyboostconsulting.com\\\/es\\\/#website\"},\"primaryImageOfPage\":{\"@id\":\"https:\\\/\\\/keyboostconsulting.com\\\/hub-franquias\\\/#primaryimage\"},\"image\":{\"@id\":\"https:\\\/\\\/keyboostconsulting.com\\\/hub-franquias\\\/#primaryimage\"},\"thumbnailUrl\":\"https:\\\/\\\/keyboostconsulting.com\\\/wp-content\\\/uploads\\\/2026\\\/04\\\/adolfo-felix-4JL_VAgxwcU-unsplash-scaled.jpg\",\"datePublished\":\"2026-04-22T09:29:25+00:00\",\"dateModified\":\"2026-04-22T09:36:38+00:00\",\"description\":\"Planos de crescimento adaptados. Desde a expans\u00e3o f\u00edsica no mercado nacional e em novos mercados, ajudamo-lo a alcan\u00e7ar os seus objetivos.\",\"breadcrumb\":{\"@id\":\"https:\\\/\\\/keyboostconsulting.com\\\/hub-franquias\\\/#breadcrumb\"},\"inLanguage\":\"es\",\"potentialAction\":[{\"@type\":\"ReadAction\",\"target\":[\"https:\\\/\\\/keyboostconsulting.com\\\/hub-franquias\\\/\"]}]},{\"@type\":\"ImageObject\",\"inLanguage\":\"es\",\"@id\":\"https:\\\/\\\/keyboostconsulting.com\\\/hub-franquias\\\/#primaryimage\",\"url\":\"https:\\\/\\\/keyboostconsulting.com\\\/wp-content\\\/uploads\\\/2026\\\/04\\\/adolfo-felix-4JL_VAgxwcU-unsplash-scaled.jpg\",\"contentUrl\":\"https:\\\/\\\/keyboostconsulting.com\\\/wp-content\\\/uploads\\\/2026\\\/04\\\/adolfo-felix-4JL_VAgxwcU-unsplash-scaled.jpg\"},{\"@type\":\"BreadcrumbList\",\"@id\":\"https:\\\/\\\/keyboostconsulting.com\\\/hub-franquias\\\/#breadcrumb\",\"itemListElement\":[{\"@type\":\"ListItem\",\"position\":1,\"name\":\"Home\",\"item\":\"https:\\\/\\\/keyboostconsulting.com\\\/\"},{\"@type\":\"ListItem\",\"position\":2,\"name\":\"Hub Franquias\"}]},{\"@type\":\"WebSite\",\"@id\":\"https:\\\/\\\/keyboostconsulting.com\\\/es\\\/#website\",\"url\":\"https:\\\/\\\/keyboostconsulting.com\\\/es\\\/\",\"name\":\"KEYBOOST CONSULTING\",\"description\":\"SOLU\u00c7\u00d5ES POR MEDIDA PARA A SUA EMPRESA\",\"potentialAction\":[{\"@type\":\"SearchAction\",\"target\":{\"@type\":\"EntryPoint\",\"urlTemplate\":\"https:\\\/\\\/keyboostconsulting.com\\\/es\\\/?s={search_term_string}\"},\"query-input\":{\"@type\":\"PropertyValueSpecification\",\"valueRequired\":true,\"valueName\":\"search_term_string\"}}],\"inLanguage\":\"es\"}]}<\/script>\n<!-- \/ Yoast SEO plugin. -->","yoast_head_json":{"title":"Hub Franquias - KEYBOOST CONSULTING","description":"Planos de crescimento adaptados. Desde a expans\u00e3o f\u00edsica no mercado nacional e em novos mercados, ajudamo-lo a alcan\u00e7ar os seus objetivos.","robots":{"index":"index","follow":"follow","max-snippet":"max-snippet:-1","max-image-preview":"max-image-preview:large","max-video-preview":"max-video-preview:-1"},"canonical":"https:\/\/keyboostconsulting.com\/es\/hub-franquias\/","og_locale":"es_ES","og_type":"article","og_title":"Hub Franquias - KEYBOOST CONSULTING","og_description":"Planos de crescimento adaptados. Desde a expans\u00e3o f\u00edsica no mercado nacional e em novos mercados, ajudamo-lo a alcan\u00e7ar os seus objetivos.","og_url":"https:\/\/keyboostconsulting.com\/es\/hub-franquias\/","og_site_name":"KEYBOOST CONSULTING","article_modified_time":"2026-04-22T09:36:38+00:00","og_image":[{"width":2560,"height":1707,"url":"https:\/\/keyboostconsulting.com\/wp-content\/uploads\/2026\/04\/adolfo-felix-4JL_VAgxwcU-unsplash-scaled.jpg","type":"image\/jpeg"}],"twitter_card":"summary_large_image","twitter_misc":{"Tiempo de lectura":"1 minuto"},"schema":{"@context":"https:\/\/schema.org","@graph":[{"@type":"WebPage","@id":"https:\/\/keyboostconsulting.com\/hub-franquias\/","url":"https:\/\/keyboostconsulting.com\/hub-franquias\/","name":"Hub Franquias - KEYBOOST CONSULTING","isPartOf":{"@id":"https:\/\/keyboostconsulting.com\/es\/#website"},"primaryImageOfPage":{"@id":"https:\/\/keyboostconsulting.com\/hub-franquias\/#primaryimage"},"image":{"@id":"https:\/\/keyboostconsulting.com\/hub-franquias\/#primaryimage"},"thumbnailUrl":"https:\/\/keyboostconsulting.com\/wp-content\/uploads\/2026\/04\/adolfo-felix-4JL_VAgxwcU-unsplash-scaled.jpg","datePublished":"2026-04-22T09:29:25+00:00","dateModified":"2026-04-22T09:36:38+00:00","description":"Planos de crescimento adaptados. Desde a expans\u00e3o f\u00edsica no mercado nacional e em novos mercados, ajudamo-lo a alcan\u00e7ar os seus objetivos.","breadcrumb":{"@id":"https:\/\/keyboostconsulting.com\/hub-franquias\/#breadcrumb"},"inLanguage":"es","potentialAction":[{"@type":"ReadAction","target":["https:\/\/keyboostconsulting.com\/hub-franquias\/"]}]},{"@type":"ImageObject","inLanguage":"es","@id":"https:\/\/keyboostconsulting.com\/hub-franquias\/#primaryimage","url":"https:\/\/keyboostconsulting.com\/wp-content\/uploads\/2026\/04\/adolfo-felix-4JL_VAgxwcU-unsplash-scaled.jpg","contentUrl":"https:\/\/keyboostconsulting.com\/wp-content\/uploads\/2026\/04\/adolfo-felix-4JL_VAgxwcU-unsplash-scaled.jpg"},{"@type":"BreadcrumbList","@id":"https:\/\/keyboostconsulting.com\/hub-franquias\/#breadcrumb","itemListElement":[{"@type":"ListItem","position":1,"name":"Home","item":"https:\/\/keyboostconsulting.com\/"},{"@type":"ListItem","position":2,"name":"Hub Franquias"}]},{"@type":"WebSite","@id":"https:\/\/keyboostconsulting.com\/es\/#website","url":"https:\/\/keyboostconsulting.com\/es\/","name":"KEYBOOST CONSULTING","description":"SOLU\u00c7\u00d5ES POR MEDIDA PARA A SUA EMPRESA","potentialAction":[{"@type":"SearchAction","target":{"@type":"EntryPoint","urlTemplate":"https:\/\/keyboostconsulting.com\/es\/?s={search_term_string}"},"query-input":{"@type":"PropertyValueSpecification","valueRequired":true,"valueName":"search_term_string"}}],"inLanguage":"es"}]}},"_links":{"self":[{"href":"https:\/\/keyboostconsulting.com\/es\/wp-json\/wp\/v2\/pages\/528","targetHints":{"allow":["GET"]}}],"collection":[{"href":"https:\/\/keyboostconsulting.com\/es\/wp-json\/wp\/v2\/pages"}],"about":[{"href":"https:\/\/keyboostconsulting.com\/es\/wp-json\/wp\/v2\/types\/page"}],"author":[{"embeddable":true,"href":"https:\/\/keyboostconsulting.com\/es\/wp-json\/wp\/v2\/users\/1"}],"replies":[{"embeddable":true,"href":"https:\/\/keyboostconsulting.com\/es\/wp-json\/wp\/v2\/comments?post=528"}],"version-history":[{"count":2,"href":"https:\/\/keyboostconsulting.com\/es\/wp-json\/wp\/v2\/pages\/528\/revisions"}],"predecessor-version":[{"id":534,"href":"https:\/\/keyboostconsulting.com\/es\/wp-json\/wp\/v2\/pages\/528\/revisions\/534"}],"wp:attachment":[{"href":"https:\/\/keyboostconsulting.com\/es\/wp-json\/wp\/v2\/media?parent=528"}],"curies":[{"name":"wp","href":"https:\/\/api.w.org\/{rel}","templated":true}]}}