{"id":268,"date":"2025-01-13T20:15:25","date_gmt":"2025-01-13T20:15:25","guid":{"rendered":"https:\/\/keyboostconsulting.com\/?page_id=268"},"modified":"2025-01-17T13:26:16","modified_gmt":"2025-01-17T13:26:16","slug":"politica-de-cookies","status":"publish","type":"page","link":"https:\/\/keyboostconsulting.com\/pt\/politica-de-cookies\/","title":{"rendered":"Pol\u00edtica de Cookies"},"content":{"rendered":"\n<h3 class=\"wp-block-heading\">Pol\u00edtica de Cookies<\/h3>\n\n\n\n<p class=\"has-noto-sans-font-family has-custom-font\" style=\"font-family:Noto Sans\"><strong>Data de entrada em vigor: 1 de janeiro de 2025<\/strong><\/p>\n\n\n\n<p class=\"has-noto-sans-font-family has-custom-font\" style=\"font-family:Noto Sans\">Na Keyboost Consulting, utilizamos cookies e tecnologias semelhantes para melhorar a experi\u00eancia dos utilizadores no nosso site, analisar o uso do site e oferecer conte\u00fados personalizados. A seguir, explicamos o que s\u00e3o as cookies, como as utilizamos e como pode gerenci\u00e1-las.<\/p>\n\n\n\n<p class=\"has-noto-sans-font-family has-custom-font\" style=\"font-family:Noto Sans\"><strong>O que s\u00e3o as cookies?<\/strong><\/p>\n\n\n\n<p class=\"has-noto-sans-font-family has-custom-font\" style=\"font-family:Noto Sans\">As cookies s\u00e3o pequenos ficheiros de texto que s\u00e3o armazenados no seu dispositivo (computador, tablet, telem\u00f3vel, etc.) quando visita um site. Estas cookies permitem ao site reconhecer o seu dispositivo e lembrar-se de informa\u00e7\u00f5es sobre as suas prefer\u00eancias ou a\u00e7\u00f5es anteriores.<\/p>\n\n\n\n<p class=\"has-noto-sans-font-family has-custom-font\" style=\"font-family:Noto Sans\"><strong>Tipos de cookies que utilizamos<\/strong><\/p>\n\n\n\n<p class=\"has-noto-sans-font-family has-custom-font\" style=\"font-family:Noto Sans\">Utilizamos as seguintes categorias de cookies no nosso site:<\/p>\n\n\n\n<ol style=\"font-family:Noto Sans\" class=\"wp-block-list has-noto-sans-font-family has-custom-font\">\n<li><strong>Cookies estritamente necess\u00e1rias<\/strong><br>Estas cookies s\u00e3o essenciais para o funcionamento do site e n\u00e3o podem ser desativadas nos nossos sistemas. Geralmente s\u00e3o configuradas em resposta a a\u00e7\u00f5es realizadas por si, como definir as suas prefer\u00eancias de privacidade, iniciar sess\u00e3o ou preencher formul\u00e1rios.<\/li>\n\n\n\n<li><strong>Cookies de desempenho<\/strong><br>Estas cookies recolhem informa\u00e7\u00f5es sobre como os utilizadores utilizam o site, como as p\u00e1ginas que visitam com maior frequ\u00eancia ou se recebem mensagens de erro das p\u00e1ginas. Toda a informa\u00e7\u00e3o recolhida \u00e9 an\u00f3nima e \u00e9 utilizada apenas para melhorar o funcionamento do site.<\/li>\n\n\n\n<li><strong>Cookies de funcionalidade<\/strong><br>Permitem que o site ofere\u00e7a funcionalidades melhoradas e personaliza\u00e7\u00e3o, como lembrar as suas prefer\u00eancias (por exemplo, o idioma ou a regi\u00e3o em que se encontra). Se n\u00e3o permitir estas cookies, algumas ou todas essas funcionalidades podem n\u00e3o funcionar corretamente.<\/li>\n\n\n\n<li><strong>Cookies de publicidade<\/strong><br>Estas cookies podem ser configuradas no nosso site pelos nossos parceiros publicit\u00e1rios. Podem ser usadas por estas empresas para criar um perfil dos seus interesses e mostrar-lhe an\u00fancios relevantes em outros sites. N\u00e3o armazenam diretamente informa\u00e7\u00f5es pessoais, mas baseiam-se em identificar de forma \u00fanica o seu navegador e dispositivo.<\/li>\n<\/ol>\n\n\n\n<p class=\"has-noto-sans-font-family has-custom-font\" style=\"font-family:Noto Sans\"><strong>Gest\u00e3o de cookies<\/strong><\/p>\n\n\n\n<p class=\"has-noto-sans-font-family has-custom-font\" style=\"font-family:Noto Sans\">Ao visitar o nosso site pela primeira vez, ser\u00e1 mostrado um banner com informa\u00e7\u00f5es sobre o uso de cookies, onde poder\u00e1 aceitar todas as cookies ou configurar as suas prefer\u00eancias. Pode optar por recusar as cookies quando desejar, seja alterando as configura\u00e7\u00f5es do navegador (se o seu navegador permitir), deixando de usar este site ou utilizando as fun\u00e7\u00f5es de cancelamento correspondentes.<\/p>\n\n\n\n<p class=\"has-noto-sans-font-family has-custom-font\" style=\"font-family:Noto Sans\">A seguir, fornecemos links com as instru\u00e7\u00f5es para gerir cookies nos navegadores mais populares:<\/p>\n\n\n\n<ul style=\"font-family:Noto Sans\" class=\"wp-block-list has-noto-sans-font-family has-custom-font\">\n<li>Google Chrome<\/li>\n\n\n\n<li>Mozilla Firefox<\/li>\n\n\n\n<li>Microsoft Edge<\/li>\n\n\n\n<li>Safari<\/li>\n<\/ul>\n\n\n\n<p class=\"has-noto-sans-font-family has-custom-font\" style=\"font-family:Noto Sans\"><strong>Cookies de terceiros<\/strong><\/p>\n\n\n\n<p class=\"has-noto-sans-font-family has-custom-font\" style=\"font-family:Noto Sans\">Em alguns casos, utilizamos cookies fornecidas por terceiros confi\u00e1veis para melhorar os nossos servi\u00e7os. Por exemplo:<\/p>\n\n\n\n<ul style=\"font-family:Noto Sans\" class=\"wp-block-list has-noto-sans-font-family has-custom-font\">\n<li><strong>Google Analytics<\/strong>: Para analisar como os utilizadores interagem com o site e gerar relat\u00f3rios estat\u00edsticos an\u00f3nimos.<\/li>\n\n\n\n<li><strong>Redes sociais<\/strong>: Para permitir que partilhe conte\u00fados em plataformas como Facebook, Twitter ou LinkedIn.<\/li>\n<\/ul>\n\n\n\n<p class=\"has-noto-sans-font-family has-custom-font\" style=\"font-family:Noto Sans\"><strong>Altera\u00e7\u00f5es a esta pol\u00edtica de cookies<\/strong><\/p>\n\n\n\n<p class=\"has-noto-sans-font-family has-custom-font\" style=\"font-family:Noto Sans\">Reservamo-nos o direito de atualizar esta pol\u00edtica de cookies a qualquer momento. Recomendamos que a revise periodicamente para estar informado sobre como utilizamos as cookies.<\/p>\n\n\n\n<p class=\"has-noto-sans-font-family has-custom-font\" style=\"font-family:Noto Sans\"><strong>Contacto<\/strong><\/p>\n\n\n\n<p class=\"has-noto-sans-font-family has-custom-font\" style=\"font-family:Noto Sans\">Se tiver quest\u00f5es sobre esta pol\u00edtica de cookies, entre em contacto connosco atrav\u00e9s de:<\/p>\n\n\n\n<ul style=\"font-family:Noto Sans\" class=\"wp-block-list has-noto-sans-font-family has-custom-font\">\n<li>Email: info@keyboostconsulting.com<\/li>\n\n\n\n<li>Endere\u00e7o: AVENIDA DOM JO\u00c3O II, 20 1\u00ba. 1990-095 LISBOA<\/li>\n<\/ul>\n\n\n\n<p class=\"has-noto-sans-font-family has-custom-font\" style=\"font-family:Noto Sans\">Obrigado por confiar na Keyboost Consulting.<\/p>\n","protected":false},"excerpt":{"rendered":"<p>Pol\u00edtica de Cookies Data de entrada em vigor: 1 de janeiro de 2025 Na Keyboost Consulting, utilizamos cookies e tecnologias semelhantes para melhorar a experi\u00eancia dos utilizadores no nosso site, analisar o uso do site e oferecer conte\u00fados personalizados. A seguir, explicamos o que s\u00e3o as cookies, como as utilizamos e como pode gerenci\u00e1-las. O [&hellip;]<\/p>\n","protected":false},"author":1,"featured_media":0,"parent":0,"menu_order":0,"comment_status":"closed","ping_status":"closed","template":"","meta":{"_coblocks_attr":"Noto Sans,Open Sans,Noto Sans","_coblocks_dimensions":"","_coblocks_responsive_height":"","_coblocks_accordion_ie_support":"","hide_page_title":"","footnotes":""},"class_list":["post-268","page","type-page","status-publish","hentry"],"yoast_head":"<!-- This site is optimized with the Yoast SEO plugin v27.4 - https:\/\/yoast.com\/product\/yoast-seo-wordpress\/ -->\n<title>Pol\u00edtica de Cookies - KEYBOOST CONSULTING<\/title>\n<meta name=\"robots\" content=\"index, follow, max-snippet:-1, max-image-preview:large, max-video-preview:-1\" \/>\n<link rel=\"canonical\" href=\"https:\/\/keyboostconsulting.com\/pt\/politica-de-cookies\/\" \/>\n<meta property=\"og:locale\" content=\"pt_PT\" \/>\n<meta property=\"og:type\" content=\"article\" \/>\n<meta property=\"og:title\" content=\"Pol\u00edtica de Cookies - KEYBOOST CONSULTING\" \/>\n<meta property=\"og:description\" content=\"Pol\u00edtica de Cookies Data de entrada em vigor: 1 de janeiro de 2025 Na Keyboost Consulting, utilizamos cookies e tecnologias semelhantes para melhorar a experi\u00eancia dos utilizadores no nosso site, analisar o uso do site e oferecer conte\u00fados personalizados. A seguir, explicamos o que s\u00e3o as cookies, como as utilizamos e como pode gerenci\u00e1-las. O [&hellip;]\" \/>\n<meta property=\"og:url\" content=\"https:\/\/keyboostconsulting.com\/pt\/politica-de-cookies\/\" \/>\n<meta property=\"og:site_name\" content=\"KEYBOOST CONSULTING\" \/>\n<meta property=\"article:modified_time\" content=\"2025-01-17T13:26:16+00:00\" \/>\n<meta name=\"twitter:card\" content=\"summary_large_image\" \/>\n<meta name=\"twitter:label1\" content=\"Tempo estimado de leitura\" \/>\n\t<meta name=\"twitter:data1\" content=\"3 minutos\" \/>\n<script type=\"application\/ld+json\" class=\"yoast-schema-graph\">{\"@context\":\"https:\\\/\\\/schema.org\",\"@graph\":[{\"@type\":\"WebPage\",\"@id\":\"https:\\\/\\\/keyboostconsulting.com\\\/es\\\/politica-de-cookies\\\/\",\"url\":\"https:\\\/\\\/keyboostconsulting.com\\\/es\\\/politica-de-cookies\\\/\",\"name\":\"Pol\u00edtica de Cookies - KEYBOOST CONSULTING\",\"isPartOf\":{\"@id\":\"https:\\\/\\\/keyboostconsulting.com\\\/es\\\/#website\"},\"datePublished\":\"2025-01-13T20:15:25+00:00\",\"dateModified\":\"2025-01-17T13:26:16+00:00\",\"breadcrumb\":{\"@id\":\"https:\\\/\\\/keyboostconsulting.com\\\/es\\\/politica-de-cookies\\\/#breadcrumb\"},\"inLanguage\":\"pt-PT\",\"potentialAction\":[{\"@type\":\"ReadAction\",\"target\":[\"https:\\\/\\\/keyboostconsulting.com\\\/es\\\/politica-de-cookies\\\/\"]}]},{\"@type\":\"BreadcrumbList\",\"@id\":\"https:\\\/\\\/keyboostconsulting.com\\\/es\\\/politica-de-cookies\\\/#breadcrumb\",\"itemListElement\":[{\"@type\":\"ListItem\",\"position\":1,\"name\":\"Home\",\"item\":\"https:\\\/\\\/keyboostconsulting.com\\\/es\\\/\"},{\"@type\":\"ListItem\",\"position\":2,\"name\":\"Pol\u00edtica de Cookies\"}]},{\"@type\":\"WebSite\",\"@id\":\"https:\\\/\\\/keyboostconsulting.com\\\/es\\\/#website\",\"url\":\"https:\\\/\\\/keyboostconsulting.com\\\/es\\\/\",\"name\":\"KEYBOOST CONSULTING\",\"description\":\"SOLU\u00c7\u00d5ES POR MEDIDA PARA A SUA EMPRESA\",\"potentialAction\":[{\"@type\":\"SearchAction\",\"target\":{\"@type\":\"EntryPoint\",\"urlTemplate\":\"https:\\\/\\\/keyboostconsulting.com\\\/es\\\/?s={search_term_string}\"},\"query-input\":{\"@type\":\"PropertyValueSpecification\",\"valueRequired\":true,\"valueName\":\"search_term_string\"}}],\"inLanguage\":\"pt-PT\"}]}<\/script>\n<!-- \/ Yoast SEO plugin. -->","yoast_head_json":{"title":"Pol\u00edtica de Cookies - KEYBOOST CONSULTING","robots":{"index":"index","follow":"follow","max-snippet":"max-snippet:-1","max-image-preview":"max-image-preview:large","max-video-preview":"max-video-preview:-1"},"canonical":"https:\/\/keyboostconsulting.com\/pt\/politica-de-cookies\/","og_locale":"pt_PT","og_type":"article","og_title":"Pol\u00edtica de Cookies - KEYBOOST CONSULTING","og_description":"Pol\u00edtica de Cookies Data de entrada em vigor: 1 de janeiro de 2025 Na Keyboost Consulting, utilizamos cookies e tecnologias semelhantes para melhorar a experi\u00eancia dos utilizadores no nosso site, analisar o uso do site e oferecer conte\u00fados personalizados. A seguir, explicamos o que s\u00e3o as cookies, como as utilizamos e como pode gerenci\u00e1-las. O [&hellip;]","og_url":"https:\/\/keyboostconsulting.com\/pt\/politica-de-cookies\/","og_site_name":"KEYBOOST CONSULTING","article_modified_time":"2025-01-17T13:26:16+00:00","twitter_card":"summary_large_image","twitter_misc":{"Tempo estimado de leitura":"3 minutos"},"schema":{"@context":"https:\/\/schema.org","@graph":[{"@type":"WebPage","@id":"https:\/\/keyboostconsulting.com\/es\/politica-de-cookies\/","url":"https:\/\/keyboostconsulting.com\/es\/politica-de-cookies\/","name":"Pol\u00edtica de Cookies - KEYBOOST CONSULTING","isPartOf":{"@id":"https:\/\/keyboostconsulting.com\/es\/#website"},"datePublished":"2025-01-13T20:15:25+00:00","dateModified":"2025-01-17T13:26:16+00:00","breadcrumb":{"@id":"https:\/\/keyboostconsulting.com\/es\/politica-de-cookies\/#breadcrumb"},"inLanguage":"pt-PT","potentialAction":[{"@type":"ReadAction","target":["https:\/\/keyboostconsulting.com\/es\/politica-de-cookies\/"]}]},{"@type":"BreadcrumbList","@id":"https:\/\/keyboostconsulting.com\/es\/politica-de-cookies\/#breadcrumb","itemListElement":[{"@type":"ListItem","position":1,"name":"Home","item":"https:\/\/keyboostconsulting.com\/es\/"},{"@type":"ListItem","position":2,"name":"Pol\u00edtica de Cookies"}]},{"@type":"WebSite","@id":"https:\/\/keyboostconsulting.com\/es\/#website","url":"https:\/\/keyboostconsulting.com\/es\/","name":"KEYBOOST CONSULTING","description":"SOLU\u00c7\u00d5ES POR MEDIDA PARA A SUA EMPRESA","potentialAction":[{"@type":"SearchAction","target":{"@type":"EntryPoint","urlTemplate":"https:\/\/keyboostconsulting.com\/es\/?s={search_term_string}"},"query-input":{"@type":"PropertyValueSpecification","valueRequired":true,"valueName":"search_term_string"}}],"inLanguage":"pt-PT"}]}},"_links":{"self":[{"href":"https:\/\/keyboostconsulting.com\/pt\/wp-json\/wp\/v2\/pages\/268","targetHints":{"allow":["GET"]}}],"collection":[{"href":"https:\/\/keyboostconsulting.com\/pt\/wp-json\/wp\/v2\/pages"}],"about":[{"href":"https:\/\/keyboostconsulting.com\/pt\/wp-json\/wp\/v2\/types\/page"}],"author":[{"embeddable":true,"href":"https:\/\/keyboostconsulting.com\/pt\/wp-json\/wp\/v2\/users\/1"}],"replies":[{"embeddable":true,"href":"https:\/\/keyboostconsulting.com\/pt\/wp-json\/wp\/v2\/comments?post=268"}],"version-history":[{"count":6,"href":"https:\/\/keyboostconsulting.com\/pt\/wp-json\/wp\/v2\/pages\/268\/revisions"}],"predecessor-version":[{"id":440,"href":"https:\/\/keyboostconsulting.com\/pt\/wp-json\/wp\/v2\/pages\/268\/revisions\/440"}],"wp:attachment":[{"href":"https:\/\/keyboostconsulting.com\/pt\/wp-json\/wp\/v2\/media?parent=268"}],"curies":[{"name":"wp","href":"https:\/\/api.w.org\/{rel}","templated":true}]}}