{"id":290,"date":"2025-01-15T18:03:29","date_gmt":"2025-01-15T18:03:29","guid":{"rendered":"https:\/\/keyboostconsulting.com\/?page_id=290"},"modified":"2025-09-26T11:07:56","modified_gmt":"2025-09-26T11:07:56","slug":"otimizacao-financeira-e-operacional","status":"publish","type":"page","link":"https:\/\/keyboostconsulting.com\/pt\/otimizacao-financeira-e-operacional\/","title":{"rendered":"Estrat\u00e9gia de crescimento"},"content":{"rendered":"\n<h3 class=\"wp-block-heading has-text-align-center has-noto-sans-font-family has-custom-font\" style=\"font-family:Noto Sans\"><strong>Estrat\u00e9gia de crescimento<\/strong><\/h3>\n\n\n\n<figure class=\"wp-block-image size-large\"><img loading=\"lazy\" decoding=\"async\" width=\"1024\" height=\"768\" src=\"https:\/\/keyboostconsulting.com\/wp-content\/uploads\/2025\/01\/1.-Optimizacion-1-1024x768.png\" alt=\"\" class=\"wp-image-292\" srcset=\"https:\/\/keyboostconsulting.com\/wp-content\/uploads\/2025\/01\/1.-Optimizacion-1-1024x768.png 1024w, https:\/\/keyboostconsulting.com\/wp-content\/uploads\/2025\/01\/1.-Optimizacion-1-300x225.png 300w, https:\/\/keyboostconsulting.com\/wp-content\/uploads\/2025\/01\/1.-Optimizacion-1-768x576.png 768w, https:\/\/keyboostconsulting.com\/wp-content\/uploads\/2025\/01\/1.-Optimizacion-1-600x450.png 600w, https:\/\/keyboostconsulting.com\/wp-content\/uploads\/2025\/01\/1.-Optimizacion-1.png 1200w\" sizes=\"auto, (max-width: 1024px) 100vw, 1024px\" \/><\/figure>\n\n\n\n<p class=\"has-noto-sans-font-family has-custom-font\" style=\"font-family:Noto Sans\">A entrada num novo mercado exige estrat\u00e9gia, m\u00e9todo e acompanhamento pr\u00f3ximo. Na KEYBOOST trabalhamos lado a lado com a sua equipa para impulsionar o crescimento da sua marca em Portugal atrav\u00e9s de um processo estruturado, transparente e eficiente de capta\u00e7\u00e3o e gest\u00e3o de franchisados.<\/p>\n\n\n\n<p class=\"has-noto-sans-font-family has-custom-font\" style=\"font-family:Noto Sans\">O nosso servi\u00e7o de <strong>Estrat\u00e9gia de Crescimento<\/strong> inclui:<\/p>\n\n\n\n<p><\/p>\n\n\n\n<ul style=\"font-family:Noto Sans\" class=\"wp-block-list has-noto-sans-font-family has-custom-font\">\n<li>Cria\u00e7\u00e3o de um canal comum para centralizar a entrada de candidatos interessados em franquear a marca em Portugal.<\/li>\n\n\n\n<li>Contacto individual com cada candidato, avaliando a sua idoneidade de acordo com os crit\u00e9rios previamente definidos.<\/li>\n\n\n\n<li>Filtragem exaustiva e elabora\u00e7\u00e3o de um relat\u00f3rio com uma lista de potenciais franchisados qualificados, acompanhado de uma an\u00e1lise do perfil de cada um.<\/li>\n\n\n\n<li>Acompanhamento dos candidatos selecionados at\u00e9 ao fecho da opera\u00e7\u00e3o, facilitando todo o processo at\u00e9 \u00e0 formaliza\u00e7\u00e3o da abertura.<\/li>\n<\/ul>\n\n\n\n<p class=\"has-noto-sans-font-family has-custom-font\" style=\"font-family:Noto Sans\">Assim, garantimos que a expans\u00e3o da sua marca em Portugal se realize de forma eficiente, minimizando riscos e maximizando oportunidades de crescimento.<\/p>\n\n\n\n<p><\/p>\n","protected":false},"excerpt":{"rendered":"<p>Estrat\u00e9gia de crescimento A entrada num novo mercado exige estrat\u00e9gia, m\u00e9todo e acompanhamento pr\u00f3ximo. Na KEYBOOST trabalhamos lado a lado com a sua equipa para impulsionar o crescimento da sua marca em Portugal atrav\u00e9s de um processo estruturado, transparente e eficiente de capta\u00e7\u00e3o e gest\u00e3o de franchisados. O nosso servi\u00e7o de Estrat\u00e9gia de Crescimento inclui: [&hellip;]<\/p>\n","protected":false},"author":1,"featured_media":0,"parent":0,"menu_order":0,"comment_status":"closed","ping_status":"closed","template":"","meta":{"_coblocks_attr":"Noto Sans,Noto Sans","_coblocks_dimensions":"","_coblocks_responsive_height":"","_coblocks_accordion_ie_support":"","hide_page_title":"","footnotes":""},"class_list":["post-290","page","type-page","status-publish","hentry"],"yoast_head":"<!-- This site is optimized with the Yoast SEO plugin v27.4 - https:\/\/yoast.com\/product\/yoast-seo-wordpress\/ -->\n<title>Estrat\u00e9gia de crescimento - KEYBOOST CONSULTING<\/title>\n<meta name=\"description\" content=\"Melhoramos o desempenho do seu neg\u00f3cio com solu\u00e7\u00f5es personalizadas. Identificamos \u00e1reas de melhoria otimizando processos e recursos.\" \/>\n<meta name=\"robots\" content=\"index, follow, max-snippet:-1, max-image-preview:large, max-video-preview:-1\" \/>\n<link rel=\"canonical\" href=\"https:\/\/keyboostconsulting.com\/pt\/otimizacao-financeira-e-operacional\/\" \/>\n<meta property=\"og:locale\" content=\"pt_PT\" \/>\n<meta property=\"og:type\" content=\"article\" \/>\n<meta property=\"og:title\" content=\"Estrat\u00e9gia de crescimento - KEYBOOST CONSULTING\" \/>\n<meta property=\"og:description\" content=\"Melhoramos o desempenho do seu neg\u00f3cio com solu\u00e7\u00f5es personalizadas. Identificamos \u00e1reas de melhoria otimizando processos e recursos.\" \/>\n<meta property=\"og:url\" content=\"https:\/\/keyboostconsulting.com\/pt\/otimizacao-financeira-e-operacional\/\" \/>\n<meta property=\"og:site_name\" content=\"KEYBOOST CONSULTING\" \/>\n<meta property=\"article:modified_time\" content=\"2025-09-26T11:07:56+00:00\" \/>\n<meta property=\"og:image\" content=\"https:\/\/keyboostconsulting.com\/wp-content\/uploads\/2025\/01\/1.-Optimizacion-1-1024x768.png\" \/>\n<meta name=\"twitter:card\" content=\"summary_large_image\" \/>\n<meta name=\"twitter:label1\" content=\"Tempo estimado de leitura\" \/>\n\t<meta name=\"twitter:data1\" content=\"2 minutos\" \/>\n<script type=\"application\/ld+json\" class=\"yoast-schema-graph\">{\"@context\":\"https:\\\/\\\/schema.org\",\"@graph\":[{\"@type\":\"WebPage\",\"@id\":\"https:\\\/\\\/keyboostconsulting.com\\\/pt\\\/otimizacao-financeira-e-operacional\\\/\",\"url\":\"https:\\\/\\\/keyboostconsulting.com\\\/pt\\\/otimizacao-financeira-e-operacional\\\/\",\"name\":\"Estrat\u00e9gia de crescimento - KEYBOOST CONSULTING\",\"isPartOf\":{\"@id\":\"https:\\\/\\\/keyboostconsulting.com\\\/es\\\/#website\"},\"primaryImageOfPage\":{\"@id\":\"https:\\\/\\\/keyboostconsulting.com\\\/pt\\\/otimizacao-financeira-e-operacional\\\/#primaryimage\"},\"image\":{\"@id\":\"https:\\\/\\\/keyboostconsulting.com\\\/pt\\\/otimizacao-financeira-e-operacional\\\/#primaryimage\"},\"thumbnailUrl\":\"https:\\\/\\\/keyboostconsulting.com\\\/wp-content\\\/uploads\\\/2025\\\/01\\\/1.-Optimizacion-1-1024x768.png\",\"datePublished\":\"2025-01-15T18:03:29+00:00\",\"dateModified\":\"2025-09-26T11:07:56+00:00\",\"description\":\"Melhoramos o desempenho do seu neg\u00f3cio com solu\u00e7\u00f5es personalizadas. Identificamos \u00e1reas de melhoria otimizando processos e recursos.\",\"breadcrumb\":{\"@id\":\"https:\\\/\\\/keyboostconsulting.com\\\/pt\\\/otimizacao-financeira-e-operacional\\\/#breadcrumb\"},\"inLanguage\":\"pt-PT\",\"potentialAction\":[{\"@type\":\"ReadAction\",\"target\":[\"https:\\\/\\\/keyboostconsulting.com\\\/pt\\\/otimizacao-financeira-e-operacional\\\/\"]}]},{\"@type\":\"ImageObject\",\"inLanguage\":\"pt-PT\",\"@id\":\"https:\\\/\\\/keyboostconsulting.com\\\/pt\\\/otimizacao-financeira-e-operacional\\\/#primaryimage\",\"url\":\"https:\\\/\\\/keyboostconsulting.com\\\/wp-content\\\/uploads\\\/2025\\\/01\\\/1.-Optimizacion-1-1024x768.png\",\"contentUrl\":\"https:\\\/\\\/keyboostconsulting.com\\\/wp-content\\\/uploads\\\/2025\\\/01\\\/1.-Optimizacion-1-1024x768.png\"},{\"@type\":\"BreadcrumbList\",\"@id\":\"https:\\\/\\\/keyboostconsulting.com\\\/pt\\\/otimizacao-financeira-e-operacional\\\/#breadcrumb\",\"itemListElement\":[{\"@type\":\"ListItem\",\"position\":1,\"name\":\"Home\",\"item\":\"https:\\\/\\\/keyboostconsulting.com\\\/es\\\/\"},{\"@type\":\"ListItem\",\"position\":2,\"name\":\"Estrat\u00e9gia de crescimento\"}]},{\"@type\":\"WebSite\",\"@id\":\"https:\\\/\\\/keyboostconsulting.com\\\/es\\\/#website\",\"url\":\"https:\\\/\\\/keyboostconsulting.com\\\/es\\\/\",\"name\":\"KEYBOOST CONSULTING\",\"description\":\"SOLU\u00c7\u00d5ES POR MEDIDA PARA A SUA EMPRESA\",\"potentialAction\":[{\"@type\":\"SearchAction\",\"target\":{\"@type\":\"EntryPoint\",\"urlTemplate\":\"https:\\\/\\\/keyboostconsulting.com\\\/es\\\/?s={search_term_string}\"},\"query-input\":{\"@type\":\"PropertyValueSpecification\",\"valueRequired\":true,\"valueName\":\"search_term_string\"}}],\"inLanguage\":\"pt-PT\"}]}<\/script>\n<!-- \/ Yoast SEO plugin. -->","yoast_head_json":{"title":"Estrat\u00e9gia de crescimento - KEYBOOST CONSULTING","description":"Melhoramos o desempenho do seu neg\u00f3cio com solu\u00e7\u00f5es personalizadas. Identificamos \u00e1reas de melhoria otimizando processos e recursos.","robots":{"index":"index","follow":"follow","max-snippet":"max-snippet:-1","max-image-preview":"max-image-preview:large","max-video-preview":"max-video-preview:-1"},"canonical":"https:\/\/keyboostconsulting.com\/pt\/otimizacao-financeira-e-operacional\/","og_locale":"pt_PT","og_type":"article","og_title":"Estrat\u00e9gia de crescimento - KEYBOOST CONSULTING","og_description":"Melhoramos o desempenho do seu neg\u00f3cio com solu\u00e7\u00f5es personalizadas. Identificamos \u00e1reas de melhoria otimizando processos e recursos.","og_url":"https:\/\/keyboostconsulting.com\/pt\/otimizacao-financeira-e-operacional\/","og_site_name":"KEYBOOST CONSULTING","article_modified_time":"2025-09-26T11:07:56+00:00","og_image":[{"url":"https:\/\/keyboostconsulting.com\/wp-content\/uploads\/2025\/01\/1.-Optimizacion-1-1024x768.png","type":"","width":"","height":""}],"twitter_card":"summary_large_image","twitter_misc":{"Tempo estimado de leitura":"2 minutos"},"schema":{"@context":"https:\/\/schema.org","@graph":[{"@type":"WebPage","@id":"https:\/\/keyboostconsulting.com\/pt\/otimizacao-financeira-e-operacional\/","url":"https:\/\/keyboostconsulting.com\/pt\/otimizacao-financeira-e-operacional\/","name":"Estrat\u00e9gia de crescimento - KEYBOOST CONSULTING","isPartOf":{"@id":"https:\/\/keyboostconsulting.com\/es\/#website"},"primaryImageOfPage":{"@id":"https:\/\/keyboostconsulting.com\/pt\/otimizacao-financeira-e-operacional\/#primaryimage"},"image":{"@id":"https:\/\/keyboostconsulting.com\/pt\/otimizacao-financeira-e-operacional\/#primaryimage"},"thumbnailUrl":"https:\/\/keyboostconsulting.com\/wp-content\/uploads\/2025\/01\/1.-Optimizacion-1-1024x768.png","datePublished":"2025-01-15T18:03:29+00:00","dateModified":"2025-09-26T11:07:56+00:00","description":"Melhoramos o desempenho do seu neg\u00f3cio com solu\u00e7\u00f5es personalizadas. Identificamos \u00e1reas de melhoria otimizando processos e recursos.","breadcrumb":{"@id":"https:\/\/keyboostconsulting.com\/pt\/otimizacao-financeira-e-operacional\/#breadcrumb"},"inLanguage":"pt-PT","potentialAction":[{"@type":"ReadAction","target":["https:\/\/keyboostconsulting.com\/pt\/otimizacao-financeira-e-operacional\/"]}]},{"@type":"ImageObject","inLanguage":"pt-PT","@id":"https:\/\/keyboostconsulting.com\/pt\/otimizacao-financeira-e-operacional\/#primaryimage","url":"https:\/\/keyboostconsulting.com\/wp-content\/uploads\/2025\/01\/1.-Optimizacion-1-1024x768.png","contentUrl":"https:\/\/keyboostconsulting.com\/wp-content\/uploads\/2025\/01\/1.-Optimizacion-1-1024x768.png"},{"@type":"BreadcrumbList","@id":"https:\/\/keyboostconsulting.com\/pt\/otimizacao-financeira-e-operacional\/#breadcrumb","itemListElement":[{"@type":"ListItem","position":1,"name":"Home","item":"https:\/\/keyboostconsulting.com\/es\/"},{"@type":"ListItem","position":2,"name":"Estrat\u00e9gia de crescimento"}]},{"@type":"WebSite","@id":"https:\/\/keyboostconsulting.com\/es\/#website","url":"https:\/\/keyboostconsulting.com\/es\/","name":"KEYBOOST CONSULTING","description":"SOLU\u00c7\u00d5ES POR MEDIDA PARA A SUA EMPRESA","potentialAction":[{"@type":"SearchAction","target":{"@type":"EntryPoint","urlTemplate":"https:\/\/keyboostconsulting.com\/es\/?s={search_term_string}"},"query-input":{"@type":"PropertyValueSpecification","valueRequired":true,"valueName":"search_term_string"}}],"inLanguage":"pt-PT"}]}},"_links":{"self":[{"href":"https:\/\/keyboostconsulting.com\/pt\/wp-json\/wp\/v2\/pages\/290","targetHints":{"allow":["GET"]}}],"collection":[{"href":"https:\/\/keyboostconsulting.com\/pt\/wp-json\/wp\/v2\/pages"}],"about":[{"href":"https:\/\/keyboostconsulting.com\/pt\/wp-json\/wp\/v2\/types\/page"}],"author":[{"embeddable":true,"href":"https:\/\/keyboostconsulting.com\/pt\/wp-json\/wp\/v2\/users\/1"}],"replies":[{"embeddable":true,"href":"https:\/\/keyboostconsulting.com\/pt\/wp-json\/wp\/v2\/comments?post=290"}],"version-history":[{"count":11,"href":"https:\/\/keyboostconsulting.com\/pt\/wp-json\/wp\/v2\/pages\/290\/revisions"}],"predecessor-version":[{"id":503,"href":"https:\/\/keyboostconsulting.com\/pt\/wp-json\/wp\/v2\/pages\/290\/revisions\/503"}],"wp:attachment":[{"href":"https:\/\/keyboostconsulting.com\/pt\/wp-json\/wp\/v2\/media?parent=290"}],"curies":[{"name":"wp","href":"https:\/\/api.w.org\/{rel}","templated":true}]}}