{"id":327,"date":"2025-01-16T15:45:00","date_gmt":"2025-01-16T15:45:00","guid":{"rendered":"https:\/\/keyboostconsulting.com\/?page_id=327"},"modified":"2025-09-26T11:05:04","modified_gmt":"2025-09-26T11:05:04","slug":"estrategia-de-crecimiento","status":"publish","type":"page","link":"https:\/\/keyboostconsulting.com\/pt\/estrategia-de-crecimiento\/","title":{"rendered":"Assessoria jur\u00eddica"},"content":{"rendered":"\n<h3 class=\"wp-block-heading has-text-align-center has-noto-sans-font-family has-custom-font\" style=\"font-family:Noto Sans\"><strong><strong>Assessoria jur\u00eddica<\/strong><\/strong><\/h3>\n\n\n\n<figure class=\"wp-block-image size-full\"><img loading=\"lazy\" decoding=\"async\" width=\"800\" height=\"600\" src=\"https:\/\/keyboostconsulting.com\/wp-content\/uploads\/2025\/01\/2.-Estrategia-de-crecimiento-limpia.jpg\" alt=\"\" class=\"wp-image-206\" srcset=\"https:\/\/keyboostconsulting.com\/wp-content\/uploads\/2025\/01\/2.-Estrategia-de-crecimiento-limpia.jpg 800w, https:\/\/keyboostconsulting.com\/wp-content\/uploads\/2025\/01\/2.-Estrategia-de-crecimiento-limpia-300x225.jpg 300w, https:\/\/keyboostconsulting.com\/wp-content\/uploads\/2025\/01\/2.-Estrategia-de-crecimiento-limpia-768x576.jpg 768w, https:\/\/keyboostconsulting.com\/wp-content\/uploads\/2025\/01\/2.-Estrategia-de-crecimiento-limpia-600x450.jpg 600w\" sizes=\"auto, (max-width: 800px) 100vw, 800px\" \/><\/figure>\n\n\n\n<p class=\"has-noto-sans-font-family has-custom-font\" style=\"font-family:Noto Sans\">Na KEYBOOST colocamos \u00e0 sua disposi\u00e7\u00e3o uma equipa de advogados especializados em direito laboral, comercial e urban\u00edstico em Portugal. O nosso objetivo \u00e9 que a sua expans\u00e3o ou implanta\u00e7\u00e3o no pa\u00eds decorra de forma segura e sem imprevistos legais.<\/p>\n\n\n\n<p class=\"has-noto-sans-font-family has-custom-font\" style=\"font-family:Noto Sans\">Os nossos servi\u00e7os incluem:<\/p>\n\n\n\n<ul style=\"font-family:Noto Sans\" class=\"wp-block-list has-noto-sans-font-family has-custom-font\">\n<li>Inscri\u00e7\u00e3o de colaboradores e dirigentes na Seguran\u00e7a Social.<\/li>\n\n\n\n<li>Elabora\u00e7\u00e3o de contratos de trabalho ajustados \u00e0 legisla\u00e7\u00e3o portuguesa.<\/li>\n\n\n\n<li>Pedido e tramita\u00e7\u00e3o de licen\u00e7as de obra e projetos, garantindo o cumprimento de todas as obriga\u00e7\u00f5es legais para a abertura ao p\u00fablico.<\/li>\n\n\n\n<li>An\u00e1lise, negocia\u00e7\u00e3o e reda\u00e7\u00e3o de contratos de compra e venda de im\u00f3veis, arrendamentos e contratos de obras ligados \u00e0 sua atividade.<\/li>\n<\/ul>\n\n\n\n<p class=\"has-noto-sans-font-family has-custom-font\" style=\"font-family:Noto Sans\">Assim, asseguramos que o seu neg\u00f3cio opere em Portugal com todas as garantias jur\u00eddicas, evitando riscos e otimizando os prazos nos processos legais.<\/p>\n\n\n\n<p class=\"has-noto-sans-font-family has-custom-font\" style=\"font-family:Noto Sans\"><\/p>\n","protected":false},"excerpt":{"rendered":"<p>Assessoria jur\u00eddica Na KEYBOOST colocamos \u00e0 sua disposi\u00e7\u00e3o uma equipa de advogados especializados em direito laboral, comercial e urban\u00edstico em Portugal. O nosso objetivo \u00e9 que a sua expans\u00e3o ou implanta\u00e7\u00e3o no pa\u00eds decorra de forma segura e sem imprevistos legais. Os nossos servi\u00e7os incluem: Assim, asseguramos que o seu neg\u00f3cio opere em Portugal com [&hellip;]<\/p>\n","protected":false},"author":1,"featured_media":0,"parent":0,"menu_order":0,"comment_status":"closed","ping_status":"closed","template":"","meta":{"_coblocks_attr":"Noto Sans,Noto Sans","_coblocks_dimensions":"","_coblocks_responsive_height":"","_coblocks_accordion_ie_support":"","hide_page_title":"","footnotes":""},"class_list":["post-327","page","type-page","status-publish","hentry"],"yoast_head":"<!-- This site is optimized with the Yoast SEO plugin v27.4 - https:\/\/yoast.com\/product\/yoast-seo-wordpress\/ -->\n<title>Assessoria jur\u00eddica - KEYBOOST CONSULTING<\/title>\n<meta name=\"description\" content=\"Planos de crescimento adaptados. Desde a expans\u00e3o f\u00edsica no mercado nacional e em novos mercados, ajudamo-lo a alcan\u00e7ar os seus objetivos.\" \/>\n<meta name=\"robots\" content=\"index, follow, max-snippet:-1, max-image-preview:large, max-video-preview:-1\" \/>\n<link rel=\"canonical\" href=\"https:\/\/keyboostconsulting.com\/pt\/estrategia-de-crecimiento\/\" \/>\n<meta property=\"og:locale\" content=\"pt_PT\" \/>\n<meta property=\"og:type\" content=\"article\" \/>\n<meta property=\"og:title\" content=\"Assessoria jur\u00eddica - KEYBOOST CONSULTING\" \/>\n<meta property=\"og:description\" content=\"Planos de crescimento adaptados. Desde a expans\u00e3o f\u00edsica no mercado nacional e em novos mercados, ajudamo-lo a alcan\u00e7ar os seus objetivos.\" \/>\n<meta property=\"og:url\" content=\"https:\/\/keyboostconsulting.com\/pt\/estrategia-de-crecimiento\/\" \/>\n<meta property=\"og:site_name\" content=\"KEYBOOST CONSULTING\" \/>\n<meta property=\"article:modified_time\" content=\"2025-09-26T11:05:04+00:00\" \/>\n<meta property=\"og:image\" content=\"https:\/\/keyboostconsulting.com\/wp-content\/uploads\/2025\/01\/2.-Estrategia-de-crecimiento-limpia.jpg\" \/>\n<meta name=\"twitter:card\" content=\"summary_large_image\" \/>\n<meta name=\"twitter:label1\" content=\"Tempo estimado de leitura\" \/>\n\t<meta name=\"twitter:data1\" content=\"1 minuto\" \/>\n<script type=\"application\/ld+json\" class=\"yoast-schema-graph\">{\"@context\":\"https:\\\/\\\/schema.org\",\"@graph\":[{\"@type\":\"WebPage\",\"@id\":\"https:\\\/\\\/keyboostconsulting.com\\\/es\\\/estrategia-de-crecimiento\\\/\",\"url\":\"https:\\\/\\\/keyboostconsulting.com\\\/es\\\/estrategia-de-crecimiento\\\/\",\"name\":\"Assessoria jur\u00eddica - KEYBOOST CONSULTING\",\"isPartOf\":{\"@id\":\"https:\\\/\\\/keyboostconsulting.com\\\/es\\\/#website\"},\"primaryImageOfPage\":{\"@id\":\"https:\\\/\\\/keyboostconsulting.com\\\/es\\\/estrategia-de-crecimiento\\\/#primaryimage\"},\"image\":{\"@id\":\"https:\\\/\\\/keyboostconsulting.com\\\/es\\\/estrategia-de-crecimiento\\\/#primaryimage\"},\"thumbnailUrl\":\"https:\\\/\\\/keyboostconsulting.com\\\/wp-content\\\/uploads\\\/2025\\\/01\\\/2.-Estrategia-de-crecimiento-limpia.jpg\",\"datePublished\":\"2025-01-16T15:45:00+00:00\",\"dateModified\":\"2025-09-26T11:05:04+00:00\",\"description\":\"Planos de crescimento adaptados. Desde a expans\u00e3o f\u00edsica no mercado nacional e em novos mercados, ajudamo-lo a alcan\u00e7ar os seus objetivos.\",\"breadcrumb\":{\"@id\":\"https:\\\/\\\/keyboostconsulting.com\\\/es\\\/estrategia-de-crecimiento\\\/#breadcrumb\"},\"inLanguage\":\"pt-PT\",\"potentialAction\":[{\"@type\":\"ReadAction\",\"target\":[\"https:\\\/\\\/keyboostconsulting.com\\\/es\\\/estrategia-de-crecimiento\\\/\"]}]},{\"@type\":\"ImageObject\",\"inLanguage\":\"pt-PT\",\"@id\":\"https:\\\/\\\/keyboostconsulting.com\\\/es\\\/estrategia-de-crecimiento\\\/#primaryimage\",\"url\":\"https:\\\/\\\/keyboostconsulting.com\\\/wp-content\\\/uploads\\\/2025\\\/01\\\/2.-Estrategia-de-crecimiento-limpia.jpg\",\"contentUrl\":\"https:\\\/\\\/keyboostconsulting.com\\\/wp-content\\\/uploads\\\/2025\\\/01\\\/2.-Estrategia-de-crecimiento-limpia.jpg\"},{\"@type\":\"BreadcrumbList\",\"@id\":\"https:\\\/\\\/keyboostconsulting.com\\\/es\\\/estrategia-de-crecimiento\\\/#breadcrumb\",\"itemListElement\":[{\"@type\":\"ListItem\",\"position\":1,\"name\":\"Home\",\"item\":\"https:\\\/\\\/keyboostconsulting.com\\\/es\\\/\"},{\"@type\":\"ListItem\",\"position\":2,\"name\":\"Assessoria jur\u00eddica\"}]},{\"@type\":\"WebSite\",\"@id\":\"https:\\\/\\\/keyboostconsulting.com\\\/es\\\/#website\",\"url\":\"https:\\\/\\\/keyboostconsulting.com\\\/es\\\/\",\"name\":\"KEYBOOST CONSULTING\",\"description\":\"SOLU\u00c7\u00d5ES POR MEDIDA PARA A SUA EMPRESA\",\"potentialAction\":[{\"@type\":\"SearchAction\",\"target\":{\"@type\":\"EntryPoint\",\"urlTemplate\":\"https:\\\/\\\/keyboostconsulting.com\\\/es\\\/?s={search_term_string}\"},\"query-input\":{\"@type\":\"PropertyValueSpecification\",\"valueRequired\":true,\"valueName\":\"search_term_string\"}}],\"inLanguage\":\"pt-PT\"}]}<\/script>\n<!-- \/ Yoast SEO plugin. -->","yoast_head_json":{"title":"Assessoria jur\u00eddica - KEYBOOST CONSULTING","description":"Planos de crescimento adaptados. Desde a expans\u00e3o f\u00edsica no mercado nacional e em novos mercados, ajudamo-lo a alcan\u00e7ar os seus objetivos.","robots":{"index":"index","follow":"follow","max-snippet":"max-snippet:-1","max-image-preview":"max-image-preview:large","max-video-preview":"max-video-preview:-1"},"canonical":"https:\/\/keyboostconsulting.com\/pt\/estrategia-de-crecimiento\/","og_locale":"pt_PT","og_type":"article","og_title":"Assessoria jur\u00eddica - KEYBOOST CONSULTING","og_description":"Planos de crescimento adaptados. Desde a expans\u00e3o f\u00edsica no mercado nacional e em novos mercados, ajudamo-lo a alcan\u00e7ar os seus objetivos.","og_url":"https:\/\/keyboostconsulting.com\/pt\/estrategia-de-crecimiento\/","og_site_name":"KEYBOOST CONSULTING","article_modified_time":"2025-09-26T11:05:04+00:00","og_image":[{"url":"https:\/\/keyboostconsulting.com\/wp-content\/uploads\/2025\/01\/2.-Estrategia-de-crecimiento-limpia.jpg","type":"","width":"","height":""}],"twitter_card":"summary_large_image","twitter_misc":{"Tempo estimado de leitura":"1 minuto"},"schema":{"@context":"https:\/\/schema.org","@graph":[{"@type":"WebPage","@id":"https:\/\/keyboostconsulting.com\/es\/estrategia-de-crecimiento\/","url":"https:\/\/keyboostconsulting.com\/es\/estrategia-de-crecimiento\/","name":"Assessoria jur\u00eddica - KEYBOOST CONSULTING","isPartOf":{"@id":"https:\/\/keyboostconsulting.com\/es\/#website"},"primaryImageOfPage":{"@id":"https:\/\/keyboostconsulting.com\/es\/estrategia-de-crecimiento\/#primaryimage"},"image":{"@id":"https:\/\/keyboostconsulting.com\/es\/estrategia-de-crecimiento\/#primaryimage"},"thumbnailUrl":"https:\/\/keyboostconsulting.com\/wp-content\/uploads\/2025\/01\/2.-Estrategia-de-crecimiento-limpia.jpg","datePublished":"2025-01-16T15:45:00+00:00","dateModified":"2025-09-26T11:05:04+00:00","description":"Planos de crescimento adaptados. Desde a expans\u00e3o f\u00edsica no mercado nacional e em novos mercados, ajudamo-lo a alcan\u00e7ar os seus objetivos.","breadcrumb":{"@id":"https:\/\/keyboostconsulting.com\/es\/estrategia-de-crecimiento\/#breadcrumb"},"inLanguage":"pt-PT","potentialAction":[{"@type":"ReadAction","target":["https:\/\/keyboostconsulting.com\/es\/estrategia-de-crecimiento\/"]}]},{"@type":"ImageObject","inLanguage":"pt-PT","@id":"https:\/\/keyboostconsulting.com\/es\/estrategia-de-crecimiento\/#primaryimage","url":"https:\/\/keyboostconsulting.com\/wp-content\/uploads\/2025\/01\/2.-Estrategia-de-crecimiento-limpia.jpg","contentUrl":"https:\/\/keyboostconsulting.com\/wp-content\/uploads\/2025\/01\/2.-Estrategia-de-crecimiento-limpia.jpg"},{"@type":"BreadcrumbList","@id":"https:\/\/keyboostconsulting.com\/es\/estrategia-de-crecimiento\/#breadcrumb","itemListElement":[{"@type":"ListItem","position":1,"name":"Home","item":"https:\/\/keyboostconsulting.com\/es\/"},{"@type":"ListItem","position":2,"name":"Assessoria jur\u00eddica"}]},{"@type":"WebSite","@id":"https:\/\/keyboostconsulting.com\/es\/#website","url":"https:\/\/keyboostconsulting.com\/es\/","name":"KEYBOOST CONSULTING","description":"SOLU\u00c7\u00d5ES POR MEDIDA PARA A SUA EMPRESA","potentialAction":[{"@type":"SearchAction","target":{"@type":"EntryPoint","urlTemplate":"https:\/\/keyboostconsulting.com\/es\/?s={search_term_string}"},"query-input":{"@type":"PropertyValueSpecification","valueRequired":true,"valueName":"search_term_string"}}],"inLanguage":"pt-PT"}]}},"_links":{"self":[{"href":"https:\/\/keyboostconsulting.com\/pt\/wp-json\/wp\/v2\/pages\/327","targetHints":{"allow":["GET"]}}],"collection":[{"href":"https:\/\/keyboostconsulting.com\/pt\/wp-json\/wp\/v2\/pages"}],"about":[{"href":"https:\/\/keyboostconsulting.com\/pt\/wp-json\/wp\/v2\/types\/page"}],"author":[{"embeddable":true,"href":"https:\/\/keyboostconsulting.com\/pt\/wp-json\/wp\/v2\/users\/1"}],"replies":[{"embeddable":true,"href":"https:\/\/keyboostconsulting.com\/pt\/wp-json\/wp\/v2\/comments?post=327"}],"version-history":[{"count":5,"href":"https:\/\/keyboostconsulting.com\/pt\/wp-json\/wp\/v2\/pages\/327\/revisions"}],"predecessor-version":[{"id":501,"href":"https:\/\/keyboostconsulting.com\/pt\/wp-json\/wp\/v2\/pages\/327\/revisions\/501"}],"wp:attachment":[{"href":"https:\/\/keyboostconsulting.com\/pt\/wp-json\/wp\/v2\/media?parent=327"}],"curies":[{"name":"wp","href":"https:\/\/api.w.org\/{rel}","templated":true}]}}