{"id":342,"date":"2025-01-16T15:54:41","date_gmt":"2025-01-16T15:54:41","guid":{"rendered":"https:\/\/keyboostconsulting.com\/?page_id=342"},"modified":"2025-09-26T11:09:30","modified_gmt":"2025-09-26T11:09:30","slug":"assessoria-de-franquias","status":"publish","type":"page","link":"https:\/\/keyboostconsulting.com\/pt\/assessoria-de-franquias\/","title":{"rendered":"Contabilidade"},"content":{"rendered":"\n<h3 class=\"wp-block-heading has-text-align-center has-noto-sans-font-family has-custom-font\" style=\"font-family:Noto Sans\"><strong><strong><strong>Contabilidade<\/strong><\/strong><\/strong><\/h3>\n\n\n\n<figure class=\"wp-block-image size-full\"><img loading=\"lazy\" decoding=\"async\" width=\"1200\" height=\"900\" src=\"https:\/\/keyboostconsulting.com\/wp-content\/uploads\/2025\/01\/4.-Asesoria-de-franquicias-limpia.png\" alt=\"\" class=\"wp-image-211\" srcset=\"https:\/\/keyboostconsulting.com\/wp-content\/uploads\/2025\/01\/4.-Asesoria-de-franquicias-limpia.png 1200w, https:\/\/keyboostconsulting.com\/wp-content\/uploads\/2025\/01\/4.-Asesoria-de-franquicias-limpia-300x225.png 300w, https:\/\/keyboostconsulting.com\/wp-content\/uploads\/2025\/01\/4.-Asesoria-de-franquicias-limpia-1024x768.png 1024w, https:\/\/keyboostconsulting.com\/wp-content\/uploads\/2025\/01\/4.-Asesoria-de-franquicias-limpia-768x576.png 768w, https:\/\/keyboostconsulting.com\/wp-content\/uploads\/2025\/01\/4.-Asesoria-de-franquicias-limpia-600x450.png 600w\" sizes=\"auto, (max-width: 1200px) 100vw, 1200px\" \/><\/figure>\n\n\n\n<p class=\"has-noto-sans-font-family has-custom-font\" style=\"font-family:Noto Sans\">Na KEYBOOST sabemos que a contabilidade e a fiscalidade s\u00e3o pilares essenciais para a correta implanta\u00e7\u00e3o da sua empresa em Portugal. Por isso, oferecemos um servi\u00e7o integral que se adapta tanto \u00e0s obriga\u00e7\u00f5es locais como \u00e0s especificidades de uma empresa espanhola em processo de internacionaliza\u00e7\u00e3o.<\/p>\n\n\n\n<p class=\"has-noto-sans-font-family has-custom-font\" style=\"font-family:Noto Sans\">Os nossos servi\u00e7os incluem:<\/p>\n\n\n\n<ul style=\"font-family:Noto Sans\" class=\"wp-block-list has-noto-sans-font-family has-custom-font\">\n<li>Estabelecimento de domic\u00edlio fiscal em Portugal.<\/li>\n\n\n\n<li>Nomea\u00e7\u00e3o de um contabilista certificado que assegure o cumprimento legal.<\/li>\n\n\n\n<li>Presta\u00e7\u00e3o de servi\u00e7os integrais de contabilidade mensal e obriga\u00e7\u00f5es fiscais.<\/li>\n\n\n\n<li>Processamento de sal\u00e1rios e gest\u00e3o das obriga\u00e7\u00f5es laborais do pessoal contratado em Portugal.<\/li>\n<\/ul>\n\n\n\n<p class=\"has-noto-sans-font-family has-custom-font\" style=\"font-family:Noto Sans\">Assim, a sua empresa poder\u00e1 crescer no mercado portugu\u00eas com uma estrutura financeira e contabil\u00edstica s\u00f3lida, transparente e em conformidade com a legisla\u00e7\u00e3o vigente.<\/p>\n\n\n\n<p><\/p>\n","protected":false},"excerpt":{"rendered":"<p>Contabilidade Na KEYBOOST sabemos que a contabilidade e a fiscalidade s\u00e3o pilares essenciais para a correta implanta\u00e7\u00e3o da sua empresa em Portugal. Por isso, oferecemos um servi\u00e7o integral que se adapta tanto \u00e0s obriga\u00e7\u00f5es locais como \u00e0s especificidades de uma empresa espanhola em processo de internacionaliza\u00e7\u00e3o. Os nossos servi\u00e7os incluem: Assim, a sua empresa poder\u00e1 [&hellip;]<\/p>\n","protected":false},"author":1,"featured_media":0,"parent":0,"menu_order":0,"comment_status":"closed","ping_status":"closed","template":"","meta":{"_coblocks_attr":"Noto Sans,Noto Sans","_coblocks_dimensions":"","_coblocks_responsive_height":"","_coblocks_accordion_ie_support":"","hide_page_title":"","footnotes":""},"class_list":["post-342","page","type-page","status-publish","hentry"],"yoast_head":"<!-- This site is optimized with the Yoast SEO plugin v27.4 - https:\/\/yoast.com\/product\/yoast-seo-wordpress\/ -->\n<title>Contabilidade - KEYBOOST CONSULTING<\/title>\n<meta name=\"description\" content=\"Assessoramo-lo em planos de neg\u00f3cio, viabilidade financeira e estrutura legal, para garantir um in\u00edcio s\u00f3lido e bem-sucedido.\" \/>\n<meta name=\"robots\" content=\"index, follow, max-snippet:-1, max-image-preview:large, max-video-preview:-1\" \/>\n<link rel=\"canonical\" href=\"https:\/\/keyboostconsulting.com\/pt\/assessoria-de-franquias\/\" \/>\n<meta property=\"og:locale\" content=\"pt_PT\" \/>\n<meta property=\"og:type\" content=\"article\" \/>\n<meta property=\"og:title\" content=\"Contabilidade - KEYBOOST CONSULTING\" \/>\n<meta property=\"og:description\" content=\"Assessoramo-lo em planos de neg\u00f3cio, viabilidade financeira e estrutura legal, para garantir um in\u00edcio s\u00f3lido e bem-sucedido.\" \/>\n<meta property=\"og:url\" content=\"https:\/\/keyboostconsulting.com\/pt\/assessoria-de-franquias\/\" \/>\n<meta property=\"og:site_name\" content=\"KEYBOOST CONSULTING\" \/>\n<meta property=\"article:modified_time\" content=\"2025-09-26T11:09:30+00:00\" \/>\n<meta property=\"og:image\" content=\"https:\/\/keyboostconsulting.com\/wp-content\/uploads\/2025\/01\/4.-Asesoria-de-franquicias-limpia.png\" \/>\n<meta name=\"twitter:card\" content=\"summary_large_image\" \/>\n<meta name=\"twitter:label1\" content=\"Tempo estimado de leitura\" \/>\n\t<meta name=\"twitter:data1\" content=\"1 minuto\" \/>\n<script type=\"application\/ld+json\" class=\"yoast-schema-graph\">{\"@context\":\"https:\\\/\\\/schema.org\",\"@graph\":[{\"@type\":\"WebPage\",\"@id\":\"https:\\\/\\\/keyboostconsulting.com\\\/pt\\\/assessoria-de-franquias\\\/\",\"url\":\"https:\\\/\\\/keyboostconsulting.com\\\/pt\\\/assessoria-de-franquias\\\/\",\"name\":\"Contabilidade - KEYBOOST CONSULTING\",\"isPartOf\":{\"@id\":\"https:\\\/\\\/keyboostconsulting.com\\\/es\\\/#website\"},\"primaryImageOfPage\":{\"@id\":\"https:\\\/\\\/keyboostconsulting.com\\\/pt\\\/assessoria-de-franquias\\\/#primaryimage\"},\"image\":{\"@id\":\"https:\\\/\\\/keyboostconsulting.com\\\/pt\\\/assessoria-de-franquias\\\/#primaryimage\"},\"thumbnailUrl\":\"https:\\\/\\\/keyboostconsulting.com\\\/wp-content\\\/uploads\\\/2025\\\/01\\\/4.-Asesoria-de-franquicias-limpia.png\",\"datePublished\":\"2025-01-16T15:54:41+00:00\",\"dateModified\":\"2025-09-26T11:09:30+00:00\",\"description\":\"Assessoramo-lo em planos de neg\u00f3cio, viabilidade financeira e estrutura legal, para garantir um in\u00edcio s\u00f3lido e bem-sucedido.\",\"breadcrumb\":{\"@id\":\"https:\\\/\\\/keyboostconsulting.com\\\/pt\\\/assessoria-de-franquias\\\/#breadcrumb\"},\"inLanguage\":\"pt-PT\",\"potentialAction\":[{\"@type\":\"ReadAction\",\"target\":[\"https:\\\/\\\/keyboostconsulting.com\\\/pt\\\/assessoria-de-franquias\\\/\"]}]},{\"@type\":\"ImageObject\",\"inLanguage\":\"pt-PT\",\"@id\":\"https:\\\/\\\/keyboostconsulting.com\\\/pt\\\/assessoria-de-franquias\\\/#primaryimage\",\"url\":\"https:\\\/\\\/keyboostconsulting.com\\\/wp-content\\\/uploads\\\/2025\\\/01\\\/4.-Asesoria-de-franquicias-limpia.png\",\"contentUrl\":\"https:\\\/\\\/keyboostconsulting.com\\\/wp-content\\\/uploads\\\/2025\\\/01\\\/4.-Asesoria-de-franquicias-limpia.png\"},{\"@type\":\"BreadcrumbList\",\"@id\":\"https:\\\/\\\/keyboostconsulting.com\\\/pt\\\/assessoria-de-franquias\\\/#breadcrumb\",\"itemListElement\":[{\"@type\":\"ListItem\",\"position\":1,\"name\":\"Home\",\"item\":\"https:\\\/\\\/keyboostconsulting.com\\\/es\\\/\"},{\"@type\":\"ListItem\",\"position\":2,\"name\":\"Contabilidade\"}]},{\"@type\":\"WebSite\",\"@id\":\"https:\\\/\\\/keyboostconsulting.com\\\/es\\\/#website\",\"url\":\"https:\\\/\\\/keyboostconsulting.com\\\/es\\\/\",\"name\":\"KEYBOOST CONSULTING\",\"description\":\"SOLU\u00c7\u00d5ES POR MEDIDA PARA A SUA EMPRESA\",\"potentialAction\":[{\"@type\":\"SearchAction\",\"target\":{\"@type\":\"EntryPoint\",\"urlTemplate\":\"https:\\\/\\\/keyboostconsulting.com\\\/es\\\/?s={search_term_string}\"},\"query-input\":{\"@type\":\"PropertyValueSpecification\",\"valueRequired\":true,\"valueName\":\"search_term_string\"}}],\"inLanguage\":\"pt-PT\"}]}<\/script>\n<!-- \/ Yoast SEO plugin. -->","yoast_head_json":{"title":"Contabilidade - KEYBOOST CONSULTING","description":"Assessoramo-lo em planos de neg\u00f3cio, viabilidade financeira e estrutura legal, para garantir um in\u00edcio s\u00f3lido e bem-sucedido.","robots":{"index":"index","follow":"follow","max-snippet":"max-snippet:-1","max-image-preview":"max-image-preview:large","max-video-preview":"max-video-preview:-1"},"canonical":"https:\/\/keyboostconsulting.com\/pt\/assessoria-de-franquias\/","og_locale":"pt_PT","og_type":"article","og_title":"Contabilidade - KEYBOOST CONSULTING","og_description":"Assessoramo-lo em planos de neg\u00f3cio, viabilidade financeira e estrutura legal, para garantir um in\u00edcio s\u00f3lido e bem-sucedido.","og_url":"https:\/\/keyboostconsulting.com\/pt\/assessoria-de-franquias\/","og_site_name":"KEYBOOST CONSULTING","article_modified_time":"2025-09-26T11:09:30+00:00","og_image":[{"url":"https:\/\/keyboostconsulting.com\/wp-content\/uploads\/2025\/01\/4.-Asesoria-de-franquicias-limpia.png","type":"","width":"","height":""}],"twitter_card":"summary_large_image","twitter_misc":{"Tempo estimado de leitura":"1 minuto"},"schema":{"@context":"https:\/\/schema.org","@graph":[{"@type":"WebPage","@id":"https:\/\/keyboostconsulting.com\/pt\/assessoria-de-franquias\/","url":"https:\/\/keyboostconsulting.com\/pt\/assessoria-de-franquias\/","name":"Contabilidade - KEYBOOST CONSULTING","isPartOf":{"@id":"https:\/\/keyboostconsulting.com\/es\/#website"},"primaryImageOfPage":{"@id":"https:\/\/keyboostconsulting.com\/pt\/assessoria-de-franquias\/#primaryimage"},"image":{"@id":"https:\/\/keyboostconsulting.com\/pt\/assessoria-de-franquias\/#primaryimage"},"thumbnailUrl":"https:\/\/keyboostconsulting.com\/wp-content\/uploads\/2025\/01\/4.-Asesoria-de-franquicias-limpia.png","datePublished":"2025-01-16T15:54:41+00:00","dateModified":"2025-09-26T11:09:30+00:00","description":"Assessoramo-lo em planos de neg\u00f3cio, viabilidade financeira e estrutura legal, para garantir um in\u00edcio s\u00f3lido e bem-sucedido.","breadcrumb":{"@id":"https:\/\/keyboostconsulting.com\/pt\/assessoria-de-franquias\/#breadcrumb"},"inLanguage":"pt-PT","potentialAction":[{"@type":"ReadAction","target":["https:\/\/keyboostconsulting.com\/pt\/assessoria-de-franquias\/"]}]},{"@type":"ImageObject","inLanguage":"pt-PT","@id":"https:\/\/keyboostconsulting.com\/pt\/assessoria-de-franquias\/#primaryimage","url":"https:\/\/keyboostconsulting.com\/wp-content\/uploads\/2025\/01\/4.-Asesoria-de-franquicias-limpia.png","contentUrl":"https:\/\/keyboostconsulting.com\/wp-content\/uploads\/2025\/01\/4.-Asesoria-de-franquicias-limpia.png"},{"@type":"BreadcrumbList","@id":"https:\/\/keyboostconsulting.com\/pt\/assessoria-de-franquias\/#breadcrumb","itemListElement":[{"@type":"ListItem","position":1,"name":"Home","item":"https:\/\/keyboostconsulting.com\/es\/"},{"@type":"ListItem","position":2,"name":"Contabilidade"}]},{"@type":"WebSite","@id":"https:\/\/keyboostconsulting.com\/es\/#website","url":"https:\/\/keyboostconsulting.com\/es\/","name":"KEYBOOST CONSULTING","description":"SOLU\u00c7\u00d5ES POR MEDIDA PARA A SUA EMPRESA","potentialAction":[{"@type":"SearchAction","target":{"@type":"EntryPoint","urlTemplate":"https:\/\/keyboostconsulting.com\/es\/?s={search_term_string}"},"query-input":{"@type":"PropertyValueSpecification","valueRequired":true,"valueName":"search_term_string"}}],"inLanguage":"pt-PT"}]}},"_links":{"self":[{"href":"https:\/\/keyboostconsulting.com\/pt\/wp-json\/wp\/v2\/pages\/342","targetHints":{"allow":["GET"]}}],"collection":[{"href":"https:\/\/keyboostconsulting.com\/pt\/wp-json\/wp\/v2\/pages"}],"about":[{"href":"https:\/\/keyboostconsulting.com\/pt\/wp-json\/wp\/v2\/types\/page"}],"author":[{"embeddable":true,"href":"https:\/\/keyboostconsulting.com\/pt\/wp-json\/wp\/v2\/users\/1"}],"replies":[{"embeddable":true,"href":"https:\/\/keyboostconsulting.com\/pt\/wp-json\/wp\/v2\/comments?post=342"}],"version-history":[{"count":10,"href":"https:\/\/keyboostconsulting.com\/pt\/wp-json\/wp\/v2\/pages\/342\/revisions"}],"predecessor-version":[{"id":504,"href":"https:\/\/keyboostconsulting.com\/pt\/wp-json\/wp\/v2\/pages\/342\/revisions\/504"}],"wp:attachment":[{"href":"https:\/\/keyboostconsulting.com\/pt\/wp-json\/wp\/v2\/media?parent=342"}],"curies":[{"name":"wp","href":"https:\/\/api.w.org\/{rel}","templated":true}]}}