{"id":39,"date":"2024-12-21T16:48:50","date_gmt":"2024-12-21T16:48:50","guid":{"rendered":"https:\/\/keyboostconsulting.com\/about-page\/"},"modified":"2025-03-26T08:28:42","modified_gmt":"2025-03-26T08:28:42","slug":"about-page","status":"publish","type":"page","link":"https:\/\/keyboostconsulting.com\/pt\/about-page\/","title":{"rendered":"A empresa"},"content":{"rendered":"\n<div class=\"wp-block-cover alignfull\"><span aria-hidden=\"true\" class=\"wp-block-cover__background has-background-dim\"><\/span><img loading=\"lazy\" decoding=\"async\" width=\"1024\" height=\"665\" class=\"wp-block-cover__image-background wp-image-13\" alt=\"\" src=\"https:\/\/keyboostconsulting.com\/wp-content\/uploads\/2024\/12\/qtq70fmfjpeg-9-1024x665.jpg\" data-object-fit=\"cover\" srcset=\"https:\/\/keyboostconsulting.com\/wp-content\/uploads\/2024\/12\/qtq70fmfjpeg-9-1024x665.jpg 1024w, https:\/\/keyboostconsulting.com\/wp-content\/uploads\/2024\/12\/qtq70fmfjpeg-9-300x195.jpg 300w, https:\/\/keyboostconsulting.com\/wp-content\/uploads\/2024\/12\/qtq70fmfjpeg-9-768x499.jpg 768w, https:\/\/keyboostconsulting.com\/wp-content\/uploads\/2024\/12\/qtq70fmfjpeg-9.jpg 1200w\" sizes=\"auto, (max-width: 1024px) 100vw, 1024px\" \/><div class=\"wp-block-cover__inner-container is-layout-flow wp-block-cover-is-layout-flow\">\n<p class=\"has-text-align-center has-noto-sans-font-family has-large-font-size has-custom-font has-custom-lineheight\" style=\"font-family:Noto Sans;line-height:1.5;font-size:5px\">Na\u00a0<strong>KEYBOOST CONSULTING<\/strong>, queremos ajud\u00e1-lo a levar o seu neg\u00f3cio ao pr\u00f3ximo n\u00edvel, otimizando desde a parte financeira e opera\u00e7\u00f5es at\u00e9 ao design de planos de expans\u00e3o, melhorando a sua visibilidade online ou orientando-o no mundo das franquias, com uma abordagem pr\u00f3xima, humana e personalizada.<\/p>\n<\/div><\/div>\n\n\n\n<div class=\"wp-block-columns is-layout-flex wp-container-core-columns-is-layout-9d6595d7 wp-block-columns-is-layout-flex\">\n<div class=\"wp-block-column is-layout-flow wp-block-column-is-layout-flow\">\n<p class=\"has-text-align-center has-noto-sans-font-family has-custom-font\" style=\"font-family:Noto Sans;font-size:26px\"><strong>MISS\u00c3O<\/strong><\/p>\n\n\n\n<p class=\"has-text-align-center has-noto-sans-font-family has-custom-font has-custom-lineheight\" style=\"font-family:Noto Sans;line-height:1.6;font-size:15px\">Ajudamos os empres\u00e1rios a transformar os seus desafios em oportunidades, oferecendo-lhes servi\u00e7os integrais de otimiza\u00e7\u00e3o financeira, estrat\u00e9gia de crescimento, posicionamento digital e expans\u00e3o atrav\u00e9s de franquias. <br><\/p>\n\n\n\n<div class=\"wp-block-columns is-layout-flex wp-container-core-columns-is-layout-9d6595d7 wp-block-columns-is-layout-flex\">\n<div class=\"wp-block-column is-layout-flow wp-block-column-is-layout-flow\"><\/div>\n<\/div>\n<\/div>\n\n\n\n<div class=\"wp-block-column is-layout-flow wp-block-column-is-layout-flow\">\n<p class=\"has-text-align-center has-noto-sans-font-family has-custom-font\" style=\"font-family:Noto Sans;font-size:26px\"><strong>VIS\u00c3O<\/strong><\/p>\n\n\n\n<p class=\"has-text-align-center has-noto-sans-font-family has-custom-font has-custom-lineheight\" style=\"font-family:Noto Sans;line-height:1.6;font-size:15px\">Ser o parceiro estrat\u00e9gico de confian\u00e7a para empres\u00e1rios em Portugal, proporcionando solu\u00e7\u00f5es personalizadas que impulsionem o sucesso, crescimento e sustentabilidade dos seus neg\u00f3cios em cada etapa do seu ciclo de vida.<br><\/p>\n<\/div>\n<\/div>\n\n\n\n<p class=\"has-text-align-center\" style=\"font-size:26px\"><strong>VALORES<\/strong><\/p>\n\n\n\n<div class=\"wp-block-group is-nowrap is-layout-flex wp-container-core-group-is-layout-ad2f72ca wp-block-group-is-layout-flex\">\n<div class=\"wp-block-cover\" style=\"min-height:202px;aspect-ratio:unset;\"><span aria-hidden=\"true\" class=\"wp-block-cover__background has-background-dim\"><\/span><img loading=\"lazy\" decoding=\"async\" width=\"225\" height=\"225\" class=\"wp-block-cover__image-background wp-image-169\" alt=\"\" src=\"https:\/\/keyboostconsulting.com\/wp-content\/uploads\/2025\/01\/descarga-1-2.jpg\" data-object-fit=\"cover\" srcset=\"https:\/\/keyboostconsulting.com\/wp-content\/uploads\/2025\/01\/descarga-1-2.jpg 225w, https:\/\/keyboostconsulting.com\/wp-content\/uploads\/2025\/01\/descarga-1-2-150x150.jpg 150w\" sizes=\"auto, (max-width: 225px) 100vw, 225px\" \/><div class=\"wp-block-cover__inner-container is-layout-flow wp-block-cover-is-layout-flow\">\n<p class=\"has-text-align-center has-karla-font-family has-large-font-size has-custom-font has-custom-lineheight has-custom-letterspacing\" style=\"font-family:Karla;line-height:1.14;letter-spacing:-0.3px;font-size:30px\">Compromisso com o sucesso do cliente<\/p>\n<\/div><\/div>\n\n\n\n<div class=\"wp-block-cover\" style=\"min-height:204px;aspect-ratio:unset;\"><span aria-hidden=\"true\" class=\"wp-block-cover__background has-background-dim\"><\/span><img loading=\"lazy\" decoding=\"async\" width=\"225\" height=\"225\" class=\"wp-block-cover__image-background wp-image-230\" alt=\"\" src=\"https:\/\/keyboostconsulting.com\/wp-content\/uploads\/2025\/01\/crop-0-0-225-225-0-descarga-1-3.jpg\" data-object-fit=\"cover\" srcset=\"https:\/\/keyboostconsulting.com\/wp-content\/uploads\/2025\/01\/crop-0-0-225-225-0-descarga-1-3.jpg 225w, https:\/\/keyboostconsulting.com\/wp-content\/uploads\/2025\/01\/crop-0-0-225-225-0-descarga-1-3-150x150.jpg 150w\" sizes=\"auto, (max-width: 225px) 100vw, 225px\" \/><div class=\"wp-block-cover__inner-container is-layout-flow wp-block-cover-is-layout-flow\">\n<p class=\"has-text-align-center has-karla-font-family has-large-font-size has-custom-font has-custom-lineheight has-custom-letterspacing\" style=\"font-family:Karla;line-height:1.46;letter-spacing:-1px;font-size:23px\">Inova\u00e7\u00e3o e flexibilidade<\/p>\n<\/div><\/div>\n<\/div>\n\n\n\n<div class=\"wp-block-group is-nowrap is-layout-flex wp-container-core-group-is-layout-ad2f72ca wp-block-group-is-layout-flex\">\n<div class=\"wp-block-cover\" style=\"min-height:202px;aspect-ratio:unset;\"><span aria-hidden=\"true\" class=\"wp-block-cover__background has-background-dim\"><\/span><img loading=\"lazy\" decoding=\"async\" width=\"225\" height=\"225\" class=\"wp-block-cover__image-background wp-image-169\" alt=\"\" src=\"https:\/\/keyboostconsulting.com\/wp-content\/uploads\/2025\/01\/descarga-1-2.jpg\" data-object-fit=\"cover\" srcset=\"https:\/\/keyboostconsulting.com\/wp-content\/uploads\/2025\/01\/descarga-1-2.jpg 225w, https:\/\/keyboostconsulting.com\/wp-content\/uploads\/2025\/01\/descarga-1-2-150x150.jpg 150w\" sizes=\"auto, (max-width: 225px) 100vw, 225px\" \/><div class=\"wp-block-cover__inner-container is-layout-flow wp-block-cover-is-layout-flow\">\n<p class=\"has-text-align-center has-karla-font-family has-large-font-size has-custom-font has-custom-lineheight has-custom-letterspacing\" style=\"font-family:Karla;line-height:1.14;letter-spacing:-0.3px;font-size:30px\">Integridade e transpar\u00eancia<\/p>\n<\/div><\/div>\n\n\n\n<div class=\"wp-block-cover\" style=\"min-height:204px;aspect-ratio:unset;\"><span aria-hidden=\"true\" class=\"wp-block-cover__background has-background-dim\"><\/span><img loading=\"lazy\" decoding=\"async\" width=\"225\" height=\"225\" class=\"wp-block-cover__image-background wp-image-170\" alt=\"\" src=\"https:\/\/keyboostconsulting.com\/wp-content\/uploads\/2025\/01\/descarga-1-3.jpg\" data-object-fit=\"cover\" srcset=\"https:\/\/keyboostconsulting.com\/wp-content\/uploads\/2025\/01\/descarga-1-3.jpg 225w, https:\/\/keyboostconsulting.com\/wp-content\/uploads\/2025\/01\/descarga-1-3-150x150.jpg 150w\" sizes=\"auto, (max-width: 225px) 100vw, 225px\" \/><div class=\"wp-block-cover__inner-container is-layout-flow wp-block-cover-is-layout-flow\">\n<p class=\"has-text-align-center has-karla-font-family has-large-font-size has-custom-font has-custom-lineheight has-custom-letterspacing\" style=\"font-family:Karla;line-height:1.46;letter-spacing:-1px;font-size:23px\">Colabora\u00e7\u00e3o e trabalho em equipa<\/p>\n<\/div><\/div>\n<\/div>\n\n\n\n<p class=\"has-text-align-center has-noto-sans-font-family has-custom-font\" style=\"font-family:Noto Sans;font-size:30px\"><strong>A NOSSA EXPERI\u00caNCIA<\/strong><\/p>\n\n\n\n<p class=\"has-text-align-center\" style=\"font-size:30px\"><\/p>\n\n\n\n<p class=\"has-text-align-center has-noto-sans-font-family has-custom-font has-custom-lineheight\" style=\"font-family:Noto Sans;line-height:1.6;font-size:15px\">Com mais de 20 anos de experi\u00eancia, trabalh\u00e1mos em setores-chave como o retalho, a hotelaria, o marketing, os servi\u00e7os jur\u00eddicos e o setor das franquias. Este percurso permitiu-nos adquirir um conhecimento profundo das din\u00e2micas empresariais, identificar as melhores pr\u00e1ticas e desenvolver solu\u00e7\u00f5es eficazes que impulsionam o sucesso dos nossos clientes. A nossa equipa combina expertise t\u00e9cnica com uma abordagem humana, garantindo resultados personalizados e sustent\u00e1veis para cada neg\u00f3cio que confia em n\u00f3s.<br><\/p>\n","protected":false},"excerpt":{"rendered":"<p>MISS\u00c3O Ajudamos os empres\u00e1rios a transformar os seus desafios em oportunidades, oferecendo-lhes servi\u00e7os integrais de otimiza\u00e7\u00e3o financeira, estrat\u00e9gia de crescimento, posicionamento digital e expans\u00e3o atrav\u00e9s de franquias. VIS\u00c3O Ser o parceiro estrat\u00e9gico de confian\u00e7a para empres\u00e1rios em Portugal, proporcionando solu\u00e7\u00f5es personalizadas que impulsionem o sucesso, crescimento e sustentabilidade dos seus neg\u00f3cios em cada etapa do [&hellip;]<\/p>\n","protected":false},"author":1,"featured_media":0,"parent":0,"menu_order":0,"comment_status":"closed","ping_status":"closed","template":"","meta":{"_coblocks_attr":"Noto Sans,Open Sans,Noto Serif,Karla,Noto Sans","_coblocks_dimensions":"","_coblocks_responsive_height":"","_coblocks_accordion_ie_support":"","hide_page_title":"","footnotes":""},"class_list":["post-39","page","type-page","status-publish","hentry"],"yoast_head":"<!-- This site is optimized with the Yoast SEO plugin v27.4 - https:\/\/yoast.com\/product\/yoast-seo-wordpress\/ -->\n<title>A empresa - KEYBOOST CONSULTING<\/title>\n<meta name=\"description\" content=\"Otimizando desde a parte financeira e opera\u00e7\u00f5es at\u00e9 ao design de planos de expans\u00e3o. Melhorando visibilidade online e mundo das franquias.\" \/>\n<meta name=\"robots\" content=\"index, follow, max-snippet:-1, max-image-preview:large, max-video-preview:-1\" \/>\n<link rel=\"canonical\" href=\"https:\/\/keyboostconsulting.com\/pt\/about-page\/\" \/>\n<meta property=\"og:locale\" content=\"pt_PT\" \/>\n<meta property=\"og:type\" content=\"article\" \/>\n<meta property=\"og:title\" content=\"A empresa - KEYBOOST CONSULTING\" \/>\n<meta property=\"og:description\" content=\"Otimizando desde a parte financeira e opera\u00e7\u00f5es at\u00e9 ao design de planos de expans\u00e3o. Melhorando visibilidade online e mundo das franquias.\" \/>\n<meta property=\"og:url\" content=\"https:\/\/keyboostconsulting.com\/pt\/about-page\/\" \/>\n<meta property=\"og:site_name\" content=\"KEYBOOST CONSULTING\" \/>\n<meta property=\"article:modified_time\" content=\"2025-03-26T08:28:42+00:00\" \/>\n<meta property=\"og:image\" content=\"https:\/\/keyboostconsulting.com\/wp-content\/uploads\/2024\/12\/qtq70fmfjpeg-9-1024x665.jpg\" \/>\n<meta name=\"twitter:card\" content=\"summary_large_image\" \/>\n<meta name=\"twitter:label1\" content=\"Tempo estimado de leitura\" \/>\n\t<meta name=\"twitter:data1\" content=\"3 minutos\" \/>\n<script type=\"application\/ld+json\" class=\"yoast-schema-graph\">{\"@context\":\"https:\\\/\\\/schema.org\",\"@graph\":[{\"@type\":\"WebPage\",\"@id\":\"https:\\\/\\\/keyboostconsulting.com\\\/pt\\\/about-page\\\/\",\"url\":\"https:\\\/\\\/keyboostconsulting.com\\\/pt\\\/about-page\\\/\",\"name\":\"A empresa - KEYBOOST CONSULTING\",\"isPartOf\":{\"@id\":\"https:\\\/\\\/keyboostconsulting.com\\\/es\\\/#website\"},\"primaryImageOfPage\":{\"@id\":\"https:\\\/\\\/keyboostconsulting.com\\\/pt\\\/about-page\\\/#primaryimage\"},\"image\":{\"@id\":\"https:\\\/\\\/keyboostconsulting.com\\\/pt\\\/about-page\\\/#primaryimage\"},\"thumbnailUrl\":\"https:\\\/\\\/keyboostconsulting.com\\\/wp-content\\\/uploads\\\/2024\\\/12\\\/qtq70fmfjpeg-9-1024x665.jpg\",\"datePublished\":\"2024-12-21T16:48:50+00:00\",\"dateModified\":\"2025-03-26T08:28:42+00:00\",\"description\":\"Otimizando desde a parte financeira e opera\u00e7\u00f5es at\u00e9 ao design de planos de expans\u00e3o. Melhorando visibilidade online e mundo das franquias.\",\"breadcrumb\":{\"@id\":\"https:\\\/\\\/keyboostconsulting.com\\\/pt\\\/about-page\\\/#breadcrumb\"},\"inLanguage\":\"pt-PT\",\"potentialAction\":[{\"@type\":\"ReadAction\",\"target\":[\"https:\\\/\\\/keyboostconsulting.com\\\/pt\\\/about-page\\\/\"]}]},{\"@type\":\"ImageObject\",\"inLanguage\":\"pt-PT\",\"@id\":\"https:\\\/\\\/keyboostconsulting.com\\\/pt\\\/about-page\\\/#primaryimage\",\"url\":\"https:\\\/\\\/keyboostconsulting.com\\\/wp-content\\\/uploads\\\/2024\\\/12\\\/qtq70fmfjpeg-9-1024x665.jpg\",\"contentUrl\":\"https:\\\/\\\/keyboostconsulting.com\\\/wp-content\\\/uploads\\\/2024\\\/12\\\/qtq70fmfjpeg-9-1024x665.jpg\"},{\"@type\":\"BreadcrumbList\",\"@id\":\"https:\\\/\\\/keyboostconsulting.com\\\/pt\\\/about-page\\\/#breadcrumb\",\"itemListElement\":[{\"@type\":\"ListItem\",\"position\":1,\"name\":\"Home\",\"item\":\"https:\\\/\\\/keyboostconsulting.com\\\/es\\\/\"},{\"@type\":\"ListItem\",\"position\":2,\"name\":\"A empresa\"}]},{\"@type\":\"WebSite\",\"@id\":\"https:\\\/\\\/keyboostconsulting.com\\\/es\\\/#website\",\"url\":\"https:\\\/\\\/keyboostconsulting.com\\\/es\\\/\",\"name\":\"KEYBOOST CONSULTING\",\"description\":\"SOLU\u00c7\u00d5ES POR MEDIDA PARA A SUA EMPRESA\",\"potentialAction\":[{\"@type\":\"SearchAction\",\"target\":{\"@type\":\"EntryPoint\",\"urlTemplate\":\"https:\\\/\\\/keyboostconsulting.com\\\/es\\\/?s={search_term_string}\"},\"query-input\":{\"@type\":\"PropertyValueSpecification\",\"valueRequired\":true,\"valueName\":\"search_term_string\"}}],\"inLanguage\":\"pt-PT\"}]}<\/script>\n<!-- \/ Yoast SEO plugin. -->","yoast_head_json":{"title":"A empresa - KEYBOOST CONSULTING","description":"Otimizando desde a parte financeira e opera\u00e7\u00f5es at\u00e9 ao design de planos de expans\u00e3o. Melhorando visibilidade online e mundo das franquias.","robots":{"index":"index","follow":"follow","max-snippet":"max-snippet:-1","max-image-preview":"max-image-preview:large","max-video-preview":"max-video-preview:-1"},"canonical":"https:\/\/keyboostconsulting.com\/pt\/about-page\/","og_locale":"pt_PT","og_type":"article","og_title":"A empresa - KEYBOOST CONSULTING","og_description":"Otimizando desde a parte financeira e opera\u00e7\u00f5es at\u00e9 ao design de planos de expans\u00e3o. Melhorando visibilidade online e mundo das franquias.","og_url":"https:\/\/keyboostconsulting.com\/pt\/about-page\/","og_site_name":"KEYBOOST CONSULTING","article_modified_time":"2025-03-26T08:28:42+00:00","og_image":[{"url":"https:\/\/keyboostconsulting.com\/wp-content\/uploads\/2024\/12\/qtq70fmfjpeg-9-1024x665.jpg","type":"","width":"","height":""}],"twitter_card":"summary_large_image","twitter_misc":{"Tempo estimado de leitura":"3 minutos"},"schema":{"@context":"https:\/\/schema.org","@graph":[{"@type":"WebPage","@id":"https:\/\/keyboostconsulting.com\/pt\/about-page\/","url":"https:\/\/keyboostconsulting.com\/pt\/about-page\/","name":"A empresa - KEYBOOST CONSULTING","isPartOf":{"@id":"https:\/\/keyboostconsulting.com\/es\/#website"},"primaryImageOfPage":{"@id":"https:\/\/keyboostconsulting.com\/pt\/about-page\/#primaryimage"},"image":{"@id":"https:\/\/keyboostconsulting.com\/pt\/about-page\/#primaryimage"},"thumbnailUrl":"https:\/\/keyboostconsulting.com\/wp-content\/uploads\/2024\/12\/qtq70fmfjpeg-9-1024x665.jpg","datePublished":"2024-12-21T16:48:50+00:00","dateModified":"2025-03-26T08:28:42+00:00","description":"Otimizando desde a parte financeira e opera\u00e7\u00f5es at\u00e9 ao design de planos de expans\u00e3o. Melhorando visibilidade online e mundo das franquias.","breadcrumb":{"@id":"https:\/\/keyboostconsulting.com\/pt\/about-page\/#breadcrumb"},"inLanguage":"pt-PT","potentialAction":[{"@type":"ReadAction","target":["https:\/\/keyboostconsulting.com\/pt\/about-page\/"]}]},{"@type":"ImageObject","inLanguage":"pt-PT","@id":"https:\/\/keyboostconsulting.com\/pt\/about-page\/#primaryimage","url":"https:\/\/keyboostconsulting.com\/wp-content\/uploads\/2024\/12\/qtq70fmfjpeg-9-1024x665.jpg","contentUrl":"https:\/\/keyboostconsulting.com\/wp-content\/uploads\/2024\/12\/qtq70fmfjpeg-9-1024x665.jpg"},{"@type":"BreadcrumbList","@id":"https:\/\/keyboostconsulting.com\/pt\/about-page\/#breadcrumb","itemListElement":[{"@type":"ListItem","position":1,"name":"Home","item":"https:\/\/keyboostconsulting.com\/es\/"},{"@type":"ListItem","position":2,"name":"A empresa"}]},{"@type":"WebSite","@id":"https:\/\/keyboostconsulting.com\/es\/#website","url":"https:\/\/keyboostconsulting.com\/es\/","name":"KEYBOOST CONSULTING","description":"SOLU\u00c7\u00d5ES POR MEDIDA PARA A SUA EMPRESA","potentialAction":[{"@type":"SearchAction","target":{"@type":"EntryPoint","urlTemplate":"https:\/\/keyboostconsulting.com\/es\/?s={search_term_string}"},"query-input":{"@type":"PropertyValueSpecification","valueRequired":true,"valueName":"search_term_string"}}],"inLanguage":"pt-PT"}]}},"_links":{"self":[{"href":"https:\/\/keyboostconsulting.com\/pt\/wp-json\/wp\/v2\/pages\/39","targetHints":{"allow":["GET"]}}],"collection":[{"href":"https:\/\/keyboostconsulting.com\/pt\/wp-json\/wp\/v2\/pages"}],"about":[{"href":"https:\/\/keyboostconsulting.com\/pt\/wp-json\/wp\/v2\/types\/page"}],"author":[{"embeddable":true,"href":"https:\/\/keyboostconsulting.com\/pt\/wp-json\/wp\/v2\/users\/1"}],"replies":[{"embeddable":true,"href":"https:\/\/keyboostconsulting.com\/pt\/wp-json\/wp\/v2\/comments?post=39"}],"version-history":[{"count":31,"href":"https:\/\/keyboostconsulting.com\/pt\/wp-json\/wp\/v2\/pages\/39\/revisions"}],"predecessor-version":[{"id":470,"href":"https:\/\/keyboostconsulting.com\/pt\/wp-json\/wp\/v2\/pages\/39\/revisions\/470"}],"wp:attachment":[{"href":"https:\/\/keyboostconsulting.com\/pt\/wp-json\/wp\/v2\/media?parent=39"}],"curies":[{"name":"wp","href":"https:\/\/api.w.org\/{rel}","templated":true}]}}