{"id":531,"date":"2026-04-22T09:33:28","date_gmt":"2026-04-22T09:33:28","guid":{"rendered":"https:\/\/keyboostconsulting.com\/?page_id=531"},"modified":"2026-04-22T09:33:29","modified_gmt":"2026-04-22T09:33:29","slug":"assessoria-legal-e-fiscal","status":"publish","type":"page","link":"https:\/\/keyboostconsulting.com\/pt\/assessoria-legal-e-fiscal\/","title":{"rendered":"Assessoria Legal e Fiscal"},"content":{"rendered":"\n<h3 class=\"wp-block-heading has-text-align-center has-noto-sans-font-family has-custom-font\" style=\"font-family:Noto Sans\"><strong><strong>Assessoria Legal e Fiscal<\/strong><\/strong><\/h3>\n\n\n\n<figure class=\"wp-block-image size-full\"><img loading=\"lazy\" decoding=\"async\" width=\"2560\" height=\"1707\" src=\"https:\/\/keyboostconsulting.com\/wp-content\/uploads\/2026\/04\/inaki-del-olmo-NIJuEQw0RKg-unsplash-scaled.jpg\" alt=\"\" class=\"wp-image-512\" srcset=\"https:\/\/keyboostconsulting.com\/wp-content\/uploads\/2026\/04\/inaki-del-olmo-NIJuEQw0RKg-unsplash-scaled.jpg 2560w, https:\/\/keyboostconsulting.com\/wp-content\/uploads\/2026\/04\/inaki-del-olmo-NIJuEQw0RKg-unsplash-300x200.jpg 300w, https:\/\/keyboostconsulting.com\/wp-content\/uploads\/2026\/04\/inaki-del-olmo-NIJuEQw0RKg-unsplash-1024x683.jpg 1024w, https:\/\/keyboostconsulting.com\/wp-content\/uploads\/2026\/04\/inaki-del-olmo-NIJuEQw0RKg-unsplash-768x512.jpg 768w, https:\/\/keyboostconsulting.com\/wp-content\/uploads\/2026\/04\/inaki-del-olmo-NIJuEQw0RKg-unsplash-1536x1024.jpg 1536w, https:\/\/keyboostconsulting.com\/wp-content\/uploads\/2026\/04\/inaki-del-olmo-NIJuEQw0RKg-unsplash-2048x1365.jpg 2048w, https:\/\/keyboostconsulting.com\/wp-content\/uploads\/2026\/04\/inaki-del-olmo-NIJuEQw0RKg-unsplash-18x12.jpg 18w\" sizes=\"auto, (max-width: 2560px) 100vw, 2560px\" \/><\/figure>\n\n\n\n<p class=\"has-noto-sans-font-family has-custom-font\" style=\"font-family:Noto Sans\">Entrar num novo mercado exige mais do que ambi\u00e7\u00e3o \u2014 exige seguran\u00e7a. Apoiamos marcas internacionais em todo o processo de entrada em Portugal, garantindo um \u201csoft landing\u201d s\u00f3lido e sem riscos.<\/p>\n\n\n\n<p>Oferecemos assessoria completa ao n\u00edvel jur\u00eddico e fiscal, assegurando que a tua opera\u00e7\u00e3o cumpre todas as exig\u00eancias legais e regulat\u00f3rias desde o primeiro momento.<\/p>\n\n\n\n<p>A nossa interven\u00e7\u00e3o inclui:<\/p>\n\n\n\n<ul class=\"wp-block-list\">\n<li>Negocia\u00e7\u00e3o de contratos de arrendamento<\/li>\n\n\n\n<li>Gest\u00e3o de licen\u00e7as e processos administrativos<\/li>\n\n\n\n<li>Revis\u00e3o e valida\u00e7\u00e3o de documenta\u00e7\u00e3o legal<\/li>\n\n\n\n<li>Acompanhamento na estrutura\u00e7\u00e3o fiscal da opera\u00e7\u00e3o<\/li>\n<\/ul>\n\n\n\n<p class=\"has-noto-sans-font-family has-custom-font\" style=\"font-family:Noto Sans\">Simplificamos a complexidade para que te possas focar no que realmente importa: fazer crescer o teu neg\u00f3cio.<\/p>\n\n\n\n<p class=\"has-noto-sans-font-family has-custom-font\" style=\"font-family:Noto Sans\"><\/p>\n\n\n\n<p><\/p>\n","protected":false},"excerpt":{"rendered":"<p>Assessoria Legal e Fiscal Entrar num novo mercado exige mais do que ambi\u00e7\u00e3o \u2014 exige seguran\u00e7a. Apoiamos marcas internacionais em todo o processo de entrada em Portugal, garantindo um \u201csoft landing\u201d s\u00f3lido e sem riscos. Oferecemos assessoria completa ao n\u00edvel jur\u00eddico e fiscal, assegurando que a tua opera\u00e7\u00e3o cumpre todas as exig\u00eancias legais e regulat\u00f3rias [&hellip;]<\/p>\n","protected":false},"author":1,"featured_media":0,"parent":0,"menu_order":0,"comment_status":"closed","ping_status":"closed","template":"","meta":{"_coblocks_attr":"Noto Sans,Noto Sans","_coblocks_dimensions":"","_coblocks_responsive_height":"","_coblocks_accordion_ie_support":"","hide_page_title":"","footnotes":""},"class_list":["post-531","page","type-page","status-publish","hentry"],"yoast_head":"<!-- This site is optimized with the Yoast SEO plugin v27.4 - https:\/\/yoast.com\/product\/yoast-seo-wordpress\/ -->\n<title>Assessoria Legal e Fiscal - KEYBOOST CONSULTING<\/title>\n<meta name=\"description\" content=\"Planos de crescimento adaptados. Desde a expans\u00e3o f\u00edsica no mercado nacional e em novos mercados, ajudamo-lo a alcan\u00e7ar os seus objetivos.\" \/>\n<meta name=\"robots\" content=\"index, follow, max-snippet:-1, max-image-preview:large, max-video-preview:-1\" \/>\n<link rel=\"canonical\" href=\"https:\/\/keyboostconsulting.com\/pt\/assessoria-legal-e-fiscal\/\" \/>\n<meta property=\"og:locale\" content=\"pt_PT\" \/>\n<meta property=\"og:type\" content=\"article\" \/>\n<meta property=\"og:title\" content=\"Assessoria Legal e Fiscal - KEYBOOST CONSULTING\" \/>\n<meta property=\"og:description\" content=\"Planos de crescimento adaptados. Desde a expans\u00e3o f\u00edsica no mercado nacional e em novos mercados, ajudamo-lo a alcan\u00e7ar os seus objetivos.\" \/>\n<meta property=\"og:url\" content=\"https:\/\/keyboostconsulting.com\/pt\/assessoria-legal-e-fiscal\/\" \/>\n<meta property=\"og:site_name\" content=\"KEYBOOST CONSULTING\" \/>\n<meta property=\"article:modified_time\" content=\"2026-04-22T09:33:29+00:00\" \/>\n<meta property=\"og:image\" content=\"https:\/\/keyboostconsulting.com\/wp-content\/uploads\/2026\/04\/inaki-del-olmo-NIJuEQw0RKg-unsplash-scaled.jpg\" \/>\n\t<meta property=\"og:image:width\" content=\"2560\" \/>\n\t<meta property=\"og:image:height\" content=\"1707\" \/>\n\t<meta property=\"og:image:type\" content=\"image\/jpeg\" \/>\n<meta name=\"twitter:card\" content=\"summary_large_image\" \/>\n<meta name=\"twitter:label1\" content=\"Tempo estimado de leitura\" \/>\n\t<meta name=\"twitter:data1\" content=\"1 minuto\" \/>\n<script type=\"application\/ld+json\" class=\"yoast-schema-graph\">{\"@context\":\"https:\\\/\\\/schema.org\",\"@graph\":[{\"@type\":\"WebPage\",\"@id\":\"https:\\\/\\\/keyboostconsulting.com\\\/assessoria-legal-e-fiscal\\\/\",\"url\":\"https:\\\/\\\/keyboostconsulting.com\\\/assessoria-legal-e-fiscal\\\/\",\"name\":\"Assessoria Legal e Fiscal - KEYBOOST CONSULTING\",\"isPartOf\":{\"@id\":\"https:\\\/\\\/keyboostconsulting.com\\\/es\\\/#website\"},\"primaryImageOfPage\":{\"@id\":\"https:\\\/\\\/keyboostconsulting.com\\\/assessoria-legal-e-fiscal\\\/#primaryimage\"},\"image\":{\"@id\":\"https:\\\/\\\/keyboostconsulting.com\\\/assessoria-legal-e-fiscal\\\/#primaryimage\"},\"thumbnailUrl\":\"https:\\\/\\\/keyboostconsulting.com\\\/wp-content\\\/uploads\\\/2026\\\/04\\\/inaki-del-olmo-NIJuEQw0RKg-unsplash-scaled.jpg\",\"datePublished\":\"2026-04-22T09:33:28+00:00\",\"dateModified\":\"2026-04-22T09:33:29+00:00\",\"description\":\"Planos de crescimento adaptados. Desde a expans\u00e3o f\u00edsica no mercado nacional e em novos mercados, ajudamo-lo a alcan\u00e7ar os seus objetivos.\",\"breadcrumb\":{\"@id\":\"https:\\\/\\\/keyboostconsulting.com\\\/assessoria-legal-e-fiscal\\\/#breadcrumb\"},\"inLanguage\":\"pt-PT\",\"potentialAction\":[{\"@type\":\"ReadAction\",\"target\":[\"https:\\\/\\\/keyboostconsulting.com\\\/assessoria-legal-e-fiscal\\\/\"]}]},{\"@type\":\"ImageObject\",\"inLanguage\":\"pt-PT\",\"@id\":\"https:\\\/\\\/keyboostconsulting.com\\\/assessoria-legal-e-fiscal\\\/#primaryimage\",\"url\":\"https:\\\/\\\/keyboostconsulting.com\\\/wp-content\\\/uploads\\\/2026\\\/04\\\/inaki-del-olmo-NIJuEQw0RKg-unsplash-scaled.jpg\",\"contentUrl\":\"https:\\\/\\\/keyboostconsulting.com\\\/wp-content\\\/uploads\\\/2026\\\/04\\\/inaki-del-olmo-NIJuEQw0RKg-unsplash-scaled.jpg\"},{\"@type\":\"BreadcrumbList\",\"@id\":\"https:\\\/\\\/keyboostconsulting.com\\\/assessoria-legal-e-fiscal\\\/#breadcrumb\",\"itemListElement\":[{\"@type\":\"ListItem\",\"position\":1,\"name\":\"Home\",\"item\":\"https:\\\/\\\/keyboostconsulting.com\\\/\"},{\"@type\":\"ListItem\",\"position\":2,\"name\":\"Assessoria Legal e Fiscal\"}]},{\"@type\":\"WebSite\",\"@id\":\"https:\\\/\\\/keyboostconsulting.com\\\/es\\\/#website\",\"url\":\"https:\\\/\\\/keyboostconsulting.com\\\/es\\\/\",\"name\":\"KEYBOOST CONSULTING\",\"description\":\"SOLU\u00c7\u00d5ES POR MEDIDA PARA A SUA EMPRESA\",\"potentialAction\":[{\"@type\":\"SearchAction\",\"target\":{\"@type\":\"EntryPoint\",\"urlTemplate\":\"https:\\\/\\\/keyboostconsulting.com\\\/es\\\/?s={search_term_string}\"},\"query-input\":{\"@type\":\"PropertyValueSpecification\",\"valueRequired\":true,\"valueName\":\"search_term_string\"}}],\"inLanguage\":\"pt-PT\"}]}<\/script>\n<!-- \/ Yoast SEO plugin. -->","yoast_head_json":{"title":"Assessoria Legal e Fiscal - KEYBOOST CONSULTING","description":"Planos de crescimento adaptados. Desde a expans\u00e3o f\u00edsica no mercado nacional e em novos mercados, ajudamo-lo a alcan\u00e7ar os seus objetivos.","robots":{"index":"index","follow":"follow","max-snippet":"max-snippet:-1","max-image-preview":"max-image-preview:large","max-video-preview":"max-video-preview:-1"},"canonical":"https:\/\/keyboostconsulting.com\/pt\/assessoria-legal-e-fiscal\/","og_locale":"pt_PT","og_type":"article","og_title":"Assessoria Legal e Fiscal - KEYBOOST CONSULTING","og_description":"Planos de crescimento adaptados. Desde a expans\u00e3o f\u00edsica no mercado nacional e em novos mercados, ajudamo-lo a alcan\u00e7ar os seus objetivos.","og_url":"https:\/\/keyboostconsulting.com\/pt\/assessoria-legal-e-fiscal\/","og_site_name":"KEYBOOST CONSULTING","article_modified_time":"2026-04-22T09:33:29+00:00","og_image":[{"width":2560,"height":1707,"url":"https:\/\/keyboostconsulting.com\/wp-content\/uploads\/2026\/04\/inaki-del-olmo-NIJuEQw0RKg-unsplash-scaled.jpg","type":"image\/jpeg"}],"twitter_card":"summary_large_image","twitter_misc":{"Tempo estimado de leitura":"1 minuto"},"schema":{"@context":"https:\/\/schema.org","@graph":[{"@type":"WebPage","@id":"https:\/\/keyboostconsulting.com\/assessoria-legal-e-fiscal\/","url":"https:\/\/keyboostconsulting.com\/assessoria-legal-e-fiscal\/","name":"Assessoria Legal e Fiscal - KEYBOOST CONSULTING","isPartOf":{"@id":"https:\/\/keyboostconsulting.com\/es\/#website"},"primaryImageOfPage":{"@id":"https:\/\/keyboostconsulting.com\/assessoria-legal-e-fiscal\/#primaryimage"},"image":{"@id":"https:\/\/keyboostconsulting.com\/assessoria-legal-e-fiscal\/#primaryimage"},"thumbnailUrl":"https:\/\/keyboostconsulting.com\/wp-content\/uploads\/2026\/04\/inaki-del-olmo-NIJuEQw0RKg-unsplash-scaled.jpg","datePublished":"2026-04-22T09:33:28+00:00","dateModified":"2026-04-22T09:33:29+00:00","description":"Planos de crescimento adaptados. Desde a expans\u00e3o f\u00edsica no mercado nacional e em novos mercados, ajudamo-lo a alcan\u00e7ar os seus objetivos.","breadcrumb":{"@id":"https:\/\/keyboostconsulting.com\/assessoria-legal-e-fiscal\/#breadcrumb"},"inLanguage":"pt-PT","potentialAction":[{"@type":"ReadAction","target":["https:\/\/keyboostconsulting.com\/assessoria-legal-e-fiscal\/"]}]},{"@type":"ImageObject","inLanguage":"pt-PT","@id":"https:\/\/keyboostconsulting.com\/assessoria-legal-e-fiscal\/#primaryimage","url":"https:\/\/keyboostconsulting.com\/wp-content\/uploads\/2026\/04\/inaki-del-olmo-NIJuEQw0RKg-unsplash-scaled.jpg","contentUrl":"https:\/\/keyboostconsulting.com\/wp-content\/uploads\/2026\/04\/inaki-del-olmo-NIJuEQw0RKg-unsplash-scaled.jpg"},{"@type":"BreadcrumbList","@id":"https:\/\/keyboostconsulting.com\/assessoria-legal-e-fiscal\/#breadcrumb","itemListElement":[{"@type":"ListItem","position":1,"name":"Home","item":"https:\/\/keyboostconsulting.com\/"},{"@type":"ListItem","position":2,"name":"Assessoria Legal e Fiscal"}]},{"@type":"WebSite","@id":"https:\/\/keyboostconsulting.com\/es\/#website","url":"https:\/\/keyboostconsulting.com\/es\/","name":"KEYBOOST CONSULTING","description":"SOLU\u00c7\u00d5ES POR MEDIDA PARA A SUA EMPRESA","potentialAction":[{"@type":"SearchAction","target":{"@type":"EntryPoint","urlTemplate":"https:\/\/keyboostconsulting.com\/es\/?s={search_term_string}"},"query-input":{"@type":"PropertyValueSpecification","valueRequired":true,"valueName":"search_term_string"}}],"inLanguage":"pt-PT"}]}},"_links":{"self":[{"href":"https:\/\/keyboostconsulting.com\/pt\/wp-json\/wp\/v2\/pages\/531","targetHints":{"allow":["GET"]}}],"collection":[{"href":"https:\/\/keyboostconsulting.com\/pt\/wp-json\/wp\/v2\/pages"}],"about":[{"href":"https:\/\/keyboostconsulting.com\/pt\/wp-json\/wp\/v2\/types\/page"}],"author":[{"embeddable":true,"href":"https:\/\/keyboostconsulting.com\/pt\/wp-json\/wp\/v2\/users\/1"}],"replies":[{"embeddable":true,"href":"https:\/\/keyboostconsulting.com\/pt\/wp-json\/wp\/v2\/comments?post=531"}],"version-history":[{"count":1,"href":"https:\/\/keyboostconsulting.com\/pt\/wp-json\/wp\/v2\/pages\/531\/revisions"}],"predecessor-version":[{"id":532,"href":"https:\/\/keyboostconsulting.com\/pt\/wp-json\/wp\/v2\/pages\/531\/revisions\/532"}],"wp:attachment":[{"href":"https:\/\/keyboostconsulting.com\/pt\/wp-json\/wp\/v2\/media?parent=531"}],"curies":[{"name":"wp","href":"https:\/\/api.w.org\/{rel}","templated":true}]}}