{"id":59,"date":"2024-12-26T18:43:54","date_gmt":"2024-12-26T18:43:54","guid":{"rendered":"https:\/\/keyboostconsulting.com\/?page_id=59"},"modified":"2025-05-28T11:05:50","modified_gmt":"2025-05-28T11:05:50","slug":"noticias","status":"publish","type":"page","link":"https:\/\/keyboostconsulting.com\/pt\/noticias\/","title":{"rendered":"Not\u00edcias"},"content":{"rendered":"\n<div class=\"wp-block-columns is-layout-flex wp-container-core-columns-is-layout-9d6595d7 wp-block-columns-is-layout-flex\">\n<div class=\"wp-block-column is-layout-flow wp-block-column-is-layout-flow\" style=\"flex-basis:100%\"><\/div>\n<\/div>\n\n\n\n<div class=\"wp-block-media-text is-stacked-on-mobile\"><figure class=\"wp-block-media-text__media\"><img loading=\"lazy\" decoding=\"async\" width=\"400\" height=\"250\" src=\"https:\/\/keyboostconsulting.com\/wp-content\/uploads\/2025\/05\/CAV-MACH_APF-Fundo-Publicidade-png.avif\" alt=\"\" class=\"wp-image-483 size-full\" srcset=\"https:\/\/keyboostconsulting.com\/wp-content\/uploads\/2025\/05\/CAV-MACH_APF-Fundo-Publicidade-png.avif 400w, https:\/\/keyboostconsulting.com\/wp-content\/uploads\/2025\/05\/CAV-MACH_APF-Fundo-Publicidade-png-300x188.avif 300w, https:\/\/keyboostconsulting.com\/wp-content\/uploads\/2025\/05\/CAV-MACH_APF-Fundo-Publicidade-png-18x12.avif 18w\" sizes=\"auto, (max-width: 400px) 100vw, 400px\" \/><\/figure><div class=\"wp-block-media-text__content\">\n<p class=\"has-noto-sans-font-family has-custom-font\" style=\"font-family:Noto Sans\">Fundo de Publicidade em Franchising: Vantagem Competitiva ou Armadilha Estrat\u00e9gica?<\/p>\n\n\n\n<p class=\"has-noto-sans-font-family has-custom-font\" style=\"font-family:Noto Sans\"><a href=\"https:\/\/associacaofranchising.pt\/fundo-de-publicidade-em-franchising-vantagem-competitiva-ou-armadilha-estrategica\/\" target=\"_blank\" rel=\"noreferrer noopener\">Ler mais aqui<\/a><\/p>\n<\/div><\/div>\n\n\n\n<div class=\"wp-block-media-text is-stacked-on-mobile\"><figure class=\"wp-block-media-text__media\"><img loading=\"lazy\" decoding=\"async\" width=\"250\" height=\"187\" src=\"https:\/\/keyboostconsulting.com\/wp-content\/uploads\/2025\/05\/NOTc2278432665d495b.jpg\" alt=\"\" class=\"wp-image-485 size-full\" srcset=\"https:\/\/keyboostconsulting.com\/wp-content\/uploads\/2025\/05\/NOTc2278432665d495b.jpg 250w, https:\/\/keyboostconsulting.com\/wp-content\/uploads\/2025\/05\/NOTc2278432665d495b-16x12.jpg 16w\" sizes=\"auto, (max-width: 250px) 100vw, 250px\" \/><\/figure><div class=\"wp-block-media-text__content\">\n<p class=\"has-noto-sans-font-family has-custom-font\" style=\"font-family:Noto Sans\">Gerir os custos no teu restaurante: A import\u00e2ncia e como o fazer<\/p>\n\n\n\n<p class=\"has-noto-sans-font-family has-custom-font\" style=\"font-family:Noto Sans\"><a href=\"https:\/\/www.bestfranchising.pt\/ver_noticia.aspx?idnoticia=39424\" target=\"_blank\" rel=\"noreferrer noopener\">Ler mais aqui<\/a><\/p>\n<\/div><\/div>\n\n\n\n<div class=\"wp-block-media-text is-stacked-on-mobile\"><figure class=\"wp-block-media-text__media\"><img loading=\"lazy\" decoding=\"async\" width=\"1024\" height=\"576\" src=\"https:\/\/keyboostconsulting.com\/wp-content\/uploads\/2025\/05\/ARTIGO-KPIS_APF-1024x576.avif\" alt=\"\" class=\"wp-image-480 size-full\" srcset=\"https:\/\/keyboostconsulting.com\/wp-content\/uploads\/2025\/05\/ARTIGO-KPIS_APF-1024x576.avif 1024w, https:\/\/keyboostconsulting.com\/wp-content\/uploads\/2025\/05\/ARTIGO-KPIS_APF-300x169.avif 300w, https:\/\/keyboostconsulting.com\/wp-content\/uploads\/2025\/05\/ARTIGO-KPIS_APF-768x432.avif 768w, https:\/\/keyboostconsulting.com\/wp-content\/uploads\/2025\/05\/ARTIGO-KPIS_APF-1536x864.avif 1536w, https:\/\/keyboostconsulting.com\/wp-content\/uploads\/2025\/05\/ARTIGO-KPIS_APF-18x10.avif 18w, https:\/\/keyboostconsulting.com\/wp-content\/uploads\/2025\/05\/ARTIGO-KPIS_APF.avif 1920w\" sizes=\"auto, (max-width: 1024px) 100vw, 1024px\" \/><\/figure><div class=\"wp-block-media-text__content\">\n<p class=\"has-noto-sans-font-family has-custom-font\" style=\"font-family:Noto Sans\">A import\u00e2ncia de conhecer os KPIs da sua franquia \u2013 e como faz\u00ea-lo?<\/p>\n\n\n\n<p class=\"has-noto-sans-font-family has-custom-font\" style=\"font-family:Noto Sans\"><a href=\"https:\/\/associacaofranchising.pt\/a-importancia-de-conhecer-os-kpis-da-sua-franquia-e-como-faze-lo\/\" target=\"_blank\" rel=\"noreferrer noopener\">Ler mais aqui<\/a><\/p>\n<\/div><\/div>\n\n\n\n<div class=\"wp-block-media-text is-stacked-on-mobile\"><figure class=\"wp-block-media-text__media\"><img loading=\"lazy\" decoding=\"async\" width=\"1024\" height=\"576\" src=\"https:\/\/keyboostconsulting.com\/wp-content\/uploads\/2025\/01\/1946536-1024x576.jpg\" alt=\"\" class=\"wp-image-445 size-full\" srcset=\"https:\/\/keyboostconsulting.com\/wp-content\/uploads\/2025\/01\/1946536-1024x576.jpg 1024w, https:\/\/keyboostconsulting.com\/wp-content\/uploads\/2025\/01\/1946536-300x169.jpg 300w, https:\/\/keyboostconsulting.com\/wp-content\/uploads\/2025\/01\/1946536-768x432.jpg 768w, https:\/\/keyboostconsulting.com\/wp-content\/uploads\/2025\/01\/1946536-18x10.jpg 18w, https:\/\/keyboostconsulting.com\/wp-content\/uploads\/2025\/01\/1946536.jpg 1269w\" sizes=\"auto, (max-width: 1024px) 100vw, 1024px\" \/><\/figure><div class=\"wp-block-media-text__content\">\n<p class=\"has-noto-sans-font-family has-custom-font\" style=\"font-family:Noto Sans\">Franquias podem ser bom caminho para empreender, desde que regras sejam claras.<\/p>\n\n\n\n<p class=\"has-noto-sans-font-family has-custom-font\" style=\"font-family:Noto Sans\"><a href=\"https:\/\/www.publico.pt\/2024\/10\/15\/publico-brasil\/noticia\/franquias-podem-bom-caminho-empreender-desde-regras-claras-2107907\">Ler mais aqui<\/a><\/p>\n<\/div><\/div>\n\n\n\n<div class=\"wp-block-media-text is-stacked-on-mobile\"><figure class=\"wp-block-media-text__media\"><img loading=\"lazy\" decoding=\"async\" width=\"690\" height=\"471\" src=\"https:\/\/keyboostconsulting.com\/wp-content\/uploads\/2025\/01\/1111.png\" alt=\"\" class=\"wp-image-452 size-full\" srcset=\"https:\/\/keyboostconsulting.com\/wp-content\/uploads\/2025\/01\/1111.png 690w, https:\/\/keyboostconsulting.com\/wp-content\/uploads\/2025\/01\/1111-300x205.png 300w, https:\/\/keyboostconsulting.com\/wp-content\/uploads\/2025\/01\/1111-18x12.png 18w\" sizes=\"auto, (max-width: 690px) 100vw, 690px\" \/><\/figure><div class=\"wp-block-media-text__content\">\n<p class=\"has-noto-sans-font-family has-custom-font\" style=\"font-family:Noto Sans\">Feira de Franchising realiza-se em simult\u00e2neo em Espanha e em Portugal<\/p>\n\n\n\n<p class=\"has-noto-sans-font-family has-custom-font\" style=\"font-family:Noto Sans\"><a href=\"https:\/\/www.feiradefranchising.pt\/\"><a href=\"https:\/\/www.publico.pt\/2024\/10\/15\/publico-brasil\/noticia\/franquias-podem-bom-caminho-empreender-desde-regras-claras-2107907\">Ler mais aqui<\/a><\/a><\/p>\n<\/div><\/div>\n\n\n\n<div class=\"wp-block-media-text is-stacked-on-mobile\"><figure class=\"wp-block-media-text__media\"><img loading=\"lazy\" decoding=\"async\" width=\"1024\" height=\"768\" src=\"https:\/\/keyboostconsulting.com\/wp-content\/uploads\/2025\/01\/pexels-carlo-martin-alcordo-1279322-2449665-1-1024x768.jpg\" alt=\"\" class=\"wp-image-449 size-full\" srcset=\"https:\/\/keyboostconsulting.com\/wp-content\/uploads\/2025\/01\/pexels-carlo-martin-alcordo-1279322-2449665-1-1024x768.jpg 1024w, https:\/\/keyboostconsulting.com\/wp-content\/uploads\/2025\/01\/pexels-carlo-martin-alcordo-1279322-2449665-1-300x225.jpg 300w, https:\/\/keyboostconsulting.com\/wp-content\/uploads\/2025\/01\/pexels-carlo-martin-alcordo-1279322-2449665-1-768x576.jpg 768w, https:\/\/keyboostconsulting.com\/wp-content\/uploads\/2025\/01\/pexels-carlo-martin-alcordo-1279322-2449665-1-1536x1152.jpg 1536w, https:\/\/keyboostconsulting.com\/wp-content\/uploads\/2025\/01\/pexels-carlo-martin-alcordo-1279322-2449665-1-2048x1536.jpg 2048w, https:\/\/keyboostconsulting.com\/wp-content\/uploads\/2025\/01\/pexels-carlo-martin-alcordo-1279322-2449665-1-16x12.jpg 16w\" sizes=\"auto, (max-width: 1024px) 100vw, 1024px\" \/><\/figure><div class=\"wp-block-media-text__content\">\n<p class=\"has-noto-sans-font-family has-custom-font\" style=\"font-family:Noto Sans\">Auchan abre ca\u00e7a a investidores para alargar rede Minipre\u00e7o em regime de franchising<\/p>\n\n\n\n<p class=\"has-noto-sans-font-family has-custom-font\" style=\"font-family:Noto Sans\"><a href=\"https:\/\/www.publico.pt\/2024\/10\/15\/publico-brasil\/noticia\/franquias-podem-bom-caminho-empreender-desde-regras-claras-2107907\"><a href=\"https:\/\/www.publico.pt\/2024\/10\/15\/publico-brasil\/noticia\/franquias-podem-bom-caminho-empreender-desde-regras-claras-2107907\"><a href=\"https:\/\/www.feiradefranchising.pt\/\"><\/a><a href=\"https:\/\/www.publico.pt\/2024\/10\/15\/publico-brasil\/noticia\/franquias-podem-bom-caminho-empreender-desde-regras-claras-2107907\">Ler mais aqui<\/a><\/a><\/a><\/p>\n<\/div><\/div>\n\n\n\n<div class=\"wp-block-media-text is-stacked-on-mobile\"><figure class=\"wp-block-media-text__media\"><img loading=\"lazy\" decoding=\"async\" width=\"974\" height=\"557\" src=\"https:\/\/keyboostconsulting.com\/wp-content\/uploads\/2025\/01\/Splash-Bebidas-Urbanas.jpg\" alt=\"\" class=\"wp-image-451 size-full\" srcset=\"https:\/\/keyboostconsulting.com\/wp-content\/uploads\/2025\/01\/Splash-Bebidas-Urbanas.jpg 974w, https:\/\/keyboostconsulting.com\/wp-content\/uploads\/2025\/01\/Splash-Bebidas-Urbanas-300x172.jpg 300w, https:\/\/keyboostconsulting.com\/wp-content\/uploads\/2025\/01\/Splash-Bebidas-Urbanas-768x439.jpg 768w, https:\/\/keyboostconsulting.com\/wp-content\/uploads\/2025\/01\/Splash-Bebidas-Urbanas-18x10.jpg 18w\" sizes=\"auto, (max-width: 974px) 100vw, 974px\" \/><\/figure><div class=\"wp-block-media-text__content\">\n<p class=\"has-noto-sans-font-family has-custom-font\" style=\"font-family:Noto Sans\">Auchan abre ca\u00e7a a investidores para alargar rede Minipre\u00e7o em regime de franchising<\/p>\n\n\n\n<p class=\"has-noto-sans-font-family has-custom-font\" style=\"font-family:Noto Sans\"><a href=\"https:\/\/www.publico.pt\/2024\/10\/15\/publico-brasil\/noticia\/franquias-podem-bom-caminho-empreender-desde-regras-claras-2107907\"><a href=\"https:\/\/www.feiradefranchising.pt\/\"><\/a><a href=\"https:\/\/www.publico.pt\/2024\/10\/15\/publico-brasil\/noticia\/franquias-podem-bom-caminho-empreender-desde-regras-claras-2107907\">Ler mais aqui<\/a><\/a><\/p>\n<\/div><\/div>\n","protected":false},"excerpt":{"rendered":"<p>Fundo de Publicidade em Franchising: Vantagem Competitiva ou Armadilha Estrat\u00e9gica? Ler mais aqui Gerir os custos no teu restaurante: A import\u00e2ncia e como o fazer Ler mais aqui A import\u00e2ncia de conhecer os KPIs da sua franquia \u2013 e como faz\u00ea-lo? Ler mais aqui Franquias podem ser bom caminho para empreender, desde que regras sejam [&hellip;]<\/p>\n","protected":false},"author":1,"featured_media":0,"parent":0,"menu_order":0,"comment_status":"closed","ping_status":"closed","template":"","meta":{"_coblocks_attr":"Noto Sans,Noto Sans","_coblocks_dimensions":"","_coblocks_responsive_height":"","_coblocks_accordion_ie_support":"","hide_page_title":"","footnotes":""},"class_list":["post-59","page","type-page","status-publish","hentry"],"yoast_head":"<!-- This site is optimized with the Yoast SEO plugin v27.4 - https:\/\/yoast.com\/product\/yoast-seo-wordpress\/ -->\n<title>Not\u00edcias - KEYBOOST CONSULTING<\/title>\n<meta name=\"robots\" content=\"index, follow, max-snippet:-1, max-image-preview:large, max-video-preview:-1\" \/>\n<link rel=\"canonical\" href=\"https:\/\/keyboostconsulting.com\/pt\/noticias\/\" \/>\n<meta property=\"og:locale\" content=\"pt_PT\" \/>\n<meta property=\"og:type\" content=\"article\" \/>\n<meta property=\"og:title\" content=\"Not\u00edcias - KEYBOOST CONSULTING\" \/>\n<meta property=\"og:description\" content=\"Fundo de Publicidade em Franchising: Vantagem Competitiva ou Armadilha Estrat\u00e9gica? Ler mais aqui Gerir os custos no teu restaurante: A import\u00e2ncia e como o fazer Ler mais aqui A import\u00e2ncia de conhecer os KPIs da sua franquia \u2013 e como faz\u00ea-lo? Ler mais aqui Franquias podem ser bom caminho para empreender, desde que regras sejam [&hellip;]\" \/>\n<meta property=\"og:url\" content=\"https:\/\/keyboostconsulting.com\/pt\/noticias\/\" \/>\n<meta property=\"og:site_name\" content=\"KEYBOOST CONSULTING\" \/>\n<meta property=\"article:modified_time\" content=\"2025-05-28T11:05:50+00:00\" \/>\n<meta property=\"og:image\" content=\"https:\/\/keyboostconsulting.com\/wp-content\/uploads\/2025\/05\/CAV-MACH_APF-Fundo-Publicidade-png.avif\" \/>\n<meta name=\"twitter:card\" content=\"summary_large_image\" \/>\n<meta name=\"twitter:label1\" content=\"Tempo estimado de leitura\" \/>\n\t<meta name=\"twitter:data1\" content=\"2 minutos\" \/>\n<script type=\"application\/ld+json\" class=\"yoast-schema-graph\">{\"@context\":\"https:\\\/\\\/schema.org\",\"@graph\":[{\"@type\":\"WebPage\",\"@id\":\"https:\\\/\\\/keyboostconsulting.com\\\/pt\\\/noticias\\\/\",\"url\":\"https:\\\/\\\/keyboostconsulting.com\\\/pt\\\/noticias\\\/\",\"name\":\"Not\u00edcias - KEYBOOST CONSULTING\",\"isPartOf\":{\"@id\":\"https:\\\/\\\/keyboostconsulting.com\\\/es\\\/#website\"},\"primaryImageOfPage\":{\"@id\":\"https:\\\/\\\/keyboostconsulting.com\\\/pt\\\/noticias\\\/#primaryimage\"},\"image\":{\"@id\":\"https:\\\/\\\/keyboostconsulting.com\\\/pt\\\/noticias\\\/#primaryimage\"},\"thumbnailUrl\":\"https:\\\/\\\/keyboostconsulting.com\\\/wp-content\\\/uploads\\\/2025\\\/05\\\/CAV-MACH_APF-Fundo-Publicidade-png.avif\",\"datePublished\":\"2024-12-26T18:43:54+00:00\",\"dateModified\":\"2025-05-28T11:05:50+00:00\",\"breadcrumb\":{\"@id\":\"https:\\\/\\\/keyboostconsulting.com\\\/pt\\\/noticias\\\/#breadcrumb\"},\"inLanguage\":\"pt-PT\",\"potentialAction\":[{\"@type\":\"ReadAction\",\"target\":[\"https:\\\/\\\/keyboostconsulting.com\\\/pt\\\/noticias\\\/\"]}]},{\"@type\":\"ImageObject\",\"inLanguage\":\"pt-PT\",\"@id\":\"https:\\\/\\\/keyboostconsulting.com\\\/pt\\\/noticias\\\/#primaryimage\",\"url\":\"https:\\\/\\\/keyboostconsulting.com\\\/wp-content\\\/uploads\\\/2025\\\/05\\\/CAV-MACH_APF-Fundo-Publicidade-png.avif\",\"contentUrl\":\"https:\\\/\\\/keyboostconsulting.com\\\/wp-content\\\/uploads\\\/2025\\\/05\\\/CAV-MACH_APF-Fundo-Publicidade-png.avif\"},{\"@type\":\"BreadcrumbList\",\"@id\":\"https:\\\/\\\/keyboostconsulting.com\\\/pt\\\/noticias\\\/#breadcrumb\",\"itemListElement\":[{\"@type\":\"ListItem\",\"position\":1,\"name\":\"Home\",\"item\":\"https:\\\/\\\/keyboostconsulting.com\\\/es\\\/\"},{\"@type\":\"ListItem\",\"position\":2,\"name\":\"Not\u00edcias\"}]},{\"@type\":\"WebSite\",\"@id\":\"https:\\\/\\\/keyboostconsulting.com\\\/es\\\/#website\",\"url\":\"https:\\\/\\\/keyboostconsulting.com\\\/es\\\/\",\"name\":\"KEYBOOST CONSULTING\",\"description\":\"SOLU\u00c7\u00d5ES POR MEDIDA PARA A SUA EMPRESA\",\"potentialAction\":[{\"@type\":\"SearchAction\",\"target\":{\"@type\":\"EntryPoint\",\"urlTemplate\":\"https:\\\/\\\/keyboostconsulting.com\\\/es\\\/?s={search_term_string}\"},\"query-input\":{\"@type\":\"PropertyValueSpecification\",\"valueRequired\":true,\"valueName\":\"search_term_string\"}}],\"inLanguage\":\"pt-PT\"}]}<\/script>\n<!-- \/ Yoast SEO plugin. -->","yoast_head_json":{"title":"Not\u00edcias - KEYBOOST CONSULTING","robots":{"index":"index","follow":"follow","max-snippet":"max-snippet:-1","max-image-preview":"max-image-preview:large","max-video-preview":"max-video-preview:-1"},"canonical":"https:\/\/keyboostconsulting.com\/pt\/noticias\/","og_locale":"pt_PT","og_type":"article","og_title":"Not\u00edcias - KEYBOOST CONSULTING","og_description":"Fundo de Publicidade em Franchising: Vantagem Competitiva ou Armadilha Estrat\u00e9gica? Ler mais aqui Gerir os custos no teu restaurante: A import\u00e2ncia e como o fazer Ler mais aqui A import\u00e2ncia de conhecer os KPIs da sua franquia \u2013 e como faz\u00ea-lo? Ler mais aqui Franquias podem ser bom caminho para empreender, desde que regras sejam [&hellip;]","og_url":"https:\/\/keyboostconsulting.com\/pt\/noticias\/","og_site_name":"KEYBOOST CONSULTING","article_modified_time":"2025-05-28T11:05:50+00:00","og_image":[{"url":"https:\/\/keyboostconsulting.com\/wp-content\/uploads\/2025\/05\/CAV-MACH_APF-Fundo-Publicidade-png.avif","type":"","width":"","height":""}],"twitter_card":"summary_large_image","twitter_misc":{"Tempo estimado de leitura":"2 minutos"},"schema":{"@context":"https:\/\/schema.org","@graph":[{"@type":"WebPage","@id":"https:\/\/keyboostconsulting.com\/pt\/noticias\/","url":"https:\/\/keyboostconsulting.com\/pt\/noticias\/","name":"Not\u00edcias - KEYBOOST CONSULTING","isPartOf":{"@id":"https:\/\/keyboostconsulting.com\/es\/#website"},"primaryImageOfPage":{"@id":"https:\/\/keyboostconsulting.com\/pt\/noticias\/#primaryimage"},"image":{"@id":"https:\/\/keyboostconsulting.com\/pt\/noticias\/#primaryimage"},"thumbnailUrl":"https:\/\/keyboostconsulting.com\/wp-content\/uploads\/2025\/05\/CAV-MACH_APF-Fundo-Publicidade-png.avif","datePublished":"2024-12-26T18:43:54+00:00","dateModified":"2025-05-28T11:05:50+00:00","breadcrumb":{"@id":"https:\/\/keyboostconsulting.com\/pt\/noticias\/#breadcrumb"},"inLanguage":"pt-PT","potentialAction":[{"@type":"ReadAction","target":["https:\/\/keyboostconsulting.com\/pt\/noticias\/"]}]},{"@type":"ImageObject","inLanguage":"pt-PT","@id":"https:\/\/keyboostconsulting.com\/pt\/noticias\/#primaryimage","url":"https:\/\/keyboostconsulting.com\/wp-content\/uploads\/2025\/05\/CAV-MACH_APF-Fundo-Publicidade-png.avif","contentUrl":"https:\/\/keyboostconsulting.com\/wp-content\/uploads\/2025\/05\/CAV-MACH_APF-Fundo-Publicidade-png.avif"},{"@type":"BreadcrumbList","@id":"https:\/\/keyboostconsulting.com\/pt\/noticias\/#breadcrumb","itemListElement":[{"@type":"ListItem","position":1,"name":"Home","item":"https:\/\/keyboostconsulting.com\/es\/"},{"@type":"ListItem","position":2,"name":"Not\u00edcias"}]},{"@type":"WebSite","@id":"https:\/\/keyboostconsulting.com\/es\/#website","url":"https:\/\/keyboostconsulting.com\/es\/","name":"KEYBOOST CONSULTING","description":"SOLU\u00c7\u00d5ES POR MEDIDA PARA A SUA EMPRESA","potentialAction":[{"@type":"SearchAction","target":{"@type":"EntryPoint","urlTemplate":"https:\/\/keyboostconsulting.com\/es\/?s={search_term_string}"},"query-input":{"@type":"PropertyValueSpecification","valueRequired":true,"valueName":"search_term_string"}}],"inLanguage":"pt-PT"}]}},"_links":{"self":[{"href":"https:\/\/keyboostconsulting.com\/pt\/wp-json\/wp\/v2\/pages\/59","targetHints":{"allow":["GET"]}}],"collection":[{"href":"https:\/\/keyboostconsulting.com\/pt\/wp-json\/wp\/v2\/pages"}],"about":[{"href":"https:\/\/keyboostconsulting.com\/pt\/wp-json\/wp\/v2\/types\/page"}],"author":[{"embeddable":true,"href":"https:\/\/keyboostconsulting.com\/pt\/wp-json\/wp\/v2\/users\/1"}],"replies":[{"embeddable":true,"href":"https:\/\/keyboostconsulting.com\/pt\/wp-json\/wp\/v2\/comments?post=59"}],"version-history":[{"count":10,"href":"https:\/\/keyboostconsulting.com\/pt\/wp-json\/wp\/v2\/pages\/59\/revisions"}],"predecessor-version":[{"id":486,"href":"https:\/\/keyboostconsulting.com\/pt\/wp-json\/wp\/v2\/pages\/59\/revisions\/486"}],"wp:attachment":[{"href":"https:\/\/keyboostconsulting.com\/pt\/wp-json\/wp\/v2\/media?parent=59"}],"curies":[{"name":"wp","href":"https:\/\/api.w.org\/{rel}","templated":true}]}}